{"id":21874,"date":"2021-10-22T12:16:11","date_gmt":"2021-10-22T10:16:11","guid":{"rendered":"http:\/\/cerviron.com\/cookies-policy\/"},"modified":"2021-11-04T14:01:25","modified_gmt":"2021-11-04T12:01:25","slug":"politica-cookies","status":"publish","type":"page","link":"https:\/\/cerviron.com\/ro\/politica-cookies\/","title":{"rendered":"Politica cookies"},"content":{"rendered":"\t\t<div data-elementor-type=\"wp-page\" data-elementor-id=\"21874\" class=\"elementor elementor-21874 elementor-21017\">\n\t\t\t\t\t\t<section class=\"elementor-section elementor-top-section elementor-element elementor-element-3f2c9ca elementor-section-stretched elementor-section-boxed elementor-section-height-default elementor-section-height-default\" data-id=\"3f2c9ca\" data-element_type=\"section\" data-settings=\"{&quot;stretch_section&quot;:&quot;section-stretched&quot;}\">\n\t\t\t\t\t\t<div class=\"elementor-container elementor-column-gap-default\">\n\t\t\t\t\t<div class=\"elementor-column elementor-col-100 elementor-top-column elementor-element elementor-element-e2f0dfe\" data-id=\"e2f0dfe\" data-element_type=\"column\">\n\t\t\t<div class=\"elementor-widget-wrap elementor-element-populated\">\n\t\t\t\t\t\t<div class=\"elementor-element elementor-element-de80600 elementor-widget elementor-widget-text-editor\" data-id=\"de80600\" data-element_type=\"widget\" data-widget_type=\"text-editor.default\">\n\t\t\t\t<div class=\"elementor-widget-container\">\n\t\t\t\t\t\t\t\t\t<p>Aceasta este Politica de cookie-uri pentru Cerviron, accesibil\u0103 de pe www.cerviron.ro<br \/>Ce sunt cookie-urile<br \/>A\u0219a cum este o practic\u0103 obi\u0219nuit\u0103 cu aproape toate site-urile web profesionale, acest site folose\u0219te cookie-uri, care sunt fi\u0219iere minuscule care sunt desc\u0103rcate pe computerul dvs., pentru a v\u0103 \u00eembun\u0103t\u0103\u021bi experien\u021ba. Aceast\u0103 pagin\u0103 descrie ce informa\u021bii adun\u0103, cum le folosim \u0219i de ce uneori trebuie s\u0103 stoc\u0103m aceste cookie-uri. De asemenea, vom \u00eemp\u0103rt\u0103\u0219i modul \u00een care pute\u021bi \u00eempiedica stocarea acestor cookie-uri, totu\u0219i acest lucru poate reduce sau \u201erupe\u201d anumite elemente ale func\u021bionalit\u0103\u021bii site-urilor.<br \/>Cum folosim cookie-urile<br \/>Folosim cookie-uri dintr-o varietate de motive detaliate mai jos. Din p\u0103cate, \u00een cele mai multe cazuri, nu exist\u0103 op\u021biuni standard \u00een industrie pentru dezactivarea cookie-urilor f\u0103r\u0103 a dezactiva complet func\u021bionalitatea \u0219i caracteristicile pe care le adaug\u0103 acestui site. Este recomandat s\u0103 l\u0103sa\u021bi pe toate cookie-urile dac\u0103 nu sunte\u021bi sigur dac\u0103 ave\u021bi nevoie de ele sau nu, \u00een cazul \u00een care acestea sunt folosite pentru a furniza un serviciu pe care \u00eel utiliza\u021bi.<br \/>Dezactivarea modulelor cookie<br \/>Pute\u021bi \u00eempiedica setarea cookie-urilor ajust\u00e2nd set\u0103rile browserului dumneavoastr\u0103 (consulta\u021bi Ajutorul browserului dumneavoastr\u0103 pentru a afla cum s\u0103 face\u021bi acest lucru). Re\u021bine\u021bi c\u0103 dezactivarea cookie-urilor va afecta func\u021bionalitatea acestui site \u0219i a multor alte site-uri web pe care le vizita\u021bi. Dezactivarea cookie-urilor va duce, de obicei, la dezactivarea anumitor func\u021bionalit\u0103\u021bi \u0219i caracteristici ale acestui site. Prin urmare, este recomandat s\u0103 nu dezactiva\u021bi cookie-urile.<br \/>Cookie-urile pe care le set\u0103m<br \/>Cookie-uri legate de newslettere prin e-mail<br \/>Acest site ofer\u0103 servicii de abonare la newsletter sau e-mail, iar cookie-urile pot fi folosite pentru a v\u0103 aminti dac\u0103 sunte\u021bi deja \u00eenregistrat \u0219i dac\u0103 s\u0103 afi\u0219a\u021bi anumite notific\u0103ri care ar putea fi valabile doar pentru utilizatorii abona\u021bi\/dezabona\u021bi.<br \/>Cookie-uri ale ter\u021bilor<br \/>\u00cen unele cazuri speciale, folosim \u0219i cookie-uri furnizate de ter\u021bi de \u00eencredere. Urm\u0103toarea sec\u021biune detaliaz\u0103 ce cookie-uri ter\u021b\u0103 parte a\u021bi putea \u00eent\u00e2lni prin acest site.<br \/>Acest site folose\u0219te Google Analytics, care este una dintre cele mai r\u0103sp\u00e2ndite \u0219i de \u00eencredere solu\u021bii de analiz\u0103 de pe web pentru a ne ajuta s\u0103 \u00een\u021belegem cum utiliza\u021bi site-ul \u0219i modalit\u0103\u021bile prin care v\u0103 putem \u00eembun\u0103t\u0103\u021bi experien\u021ba. Aceste module cookie pot urm\u0103ri lucruri precum c\u00e2t timp petreci pe site \u0219i paginile pe care le vizitezi, astfel \u00eenc\u00e2t s\u0103 putem continua s\u0103 producem con\u021binut captivant.<br \/>Pentru mai multe informa\u021bii despre cookie-urile Google Analytics, consulta\u021bi pagina oficial\u0103 Google Analytics.<br \/>Mai multe informatii<br \/>Sper\u0103m c\u0103 asta v-a clarificat lucrurile \u0219i, a\u0219a cum sa men\u021bionat anterior, dac\u0103 exist\u0103 ceva de care nu sunte\u021bi sigur dac\u0103 ave\u021bi nevoie sau nu, este de obicei mai sigur s\u0103 l\u0103sa\u021bi cookie-urile activate \u00een cazul \u00een care interac\u021bioneaz\u0103 cu una dintre func\u021biile pe care le utiliza\u021bi pe site-ul nostru.<br \/>Pentru mai multe informa\u021bii generale despre cookie-uri, v\u0103 rug\u0103m s\u0103 citi\u021biArticolul \u201eCookies\u201d din Generatorul de politici de confiden\u021bialitate.<br \/>Cu toate acestea, dac\u0103 \u00eenc\u0103 mai c\u0103uta\u021bi mai multe informa\u021bii dec\u00e2t ne pute\u021bi contacta prin una dintre metodele noastre de contact preferate:<br \/>Email: dpo@perfectcare.ro<\/p>\t\t\t\t\t\t\t\t<\/div>\n\t\t\t\t<\/div>\n\t\t\t\t\t<\/div>\n\t\t<\/div>\n\t\t\t\t\t<\/div>\n\t\t<\/section>\n\t\t\t\t<\/div>\n\t\t","protected":false},"excerpt":{"rendered":"<p>Aceasta este Politica de cookie-uri pentru Cerviron, accesibil\u0103 de pe www.cerviron.roCe sunt cookie-urileA\u0219a cum este o practic\u0103 obi\u0219nuit\u0103 cu aproape toate site-urile web profesionale, acest site folose\u0219te cookie-uri, care sunt fi\u0219iere minuscule care sunt desc\u0103rcate pe computerul dvs., pentru a v\u0103 \u00eembun\u0103t\u0103\u021bi experien\u021ba. Aceast\u0103 pagin\u0103 descrie ce informa\u021bii adun\u0103, cum le folosim \u0219i de ce [&hellip;]<\/p>\n","protected":false},"author":1,"featured_media":0,"parent":0,"menu_order":0,"comment_status":"closed","ping_status":"closed","template":"page-templates\/full-width.php","meta":{"footnotes":""},"class_list":["post-21874","page","type-page","status-publish","hentry"],"yoast_head":"<!-- This site is optimized with the Yoast SEO plugin v24.9 - https:\/\/yoast.com\/wordpress\/plugins\/seo\/ -->\n<title>Politica cookies | Cerviron<\/title>\n<meta name=\"robots\" content=\"index, follow, max-snippet:-1, max-image-preview:large, max-video-preview:-1\" \/>\n<link rel=\"canonical\" href=\"https:\/\/cerviron.com\/ro\/politica-cookies\/\" \/>\n<meta property=\"og:locale\" content=\"ro_RO\" \/>\n<meta property=\"og:type\" content=\"article\" \/>\n<meta property=\"og:title\" content=\"Politica cookies | Cerviron\" \/>\n<meta property=\"og:description\" content=\"Aceasta este Politica de cookie-uri pentru Cerviron, accesibil\u0103 de pe www.cerviron.roCe sunt cookie-urileA\u0219a cum este o practic\u0103 obi\u0219nuit\u0103 cu aproape toate site-urile web profesionale, acest site folose\u0219te cookie-uri, care sunt fi\u0219iere minuscule care sunt desc\u0103rcate pe computerul dvs., pentru a v\u0103 \u00eembun\u0103t\u0103\u021bi experien\u021ba. Aceast\u0103 pagin\u0103 descrie ce informa\u021bii adun\u0103, cum le folosim \u0219i de ce [&hellip;]\" \/>\n<meta property=\"og:url\" content=\"https:\/\/cerviron.com\/ro\/politica-cookies\/\" \/>\n<meta property=\"og:site_name\" content=\"Cerviron\" \/>\n<meta property=\"article:modified_time\" content=\"2021-11-04T12:01:25+00:00\" \/>\n<meta name=\"twitter:card\" content=\"summary_large_image\" \/>\n<meta name=\"twitter:label1\" content=\"Timp estimat pentru citire\" \/>\n\t<meta name=\"twitter:data1\" content=\"3 minute\" \/>\n<script type=\"application\/ld+json\" class=\"yoast-schema-graph\">{\"@context\":\"https:\/\/schema.org\",\"@graph\":[{\"@type\":\"WebPage\",\"@id\":\"https:\/\/cerviron.com\/ro\/politica-cookies\/\",\"url\":\"https:\/\/cerviron.com\/ro\/politica-cookies\/\",\"name\":\"Politica cookies | Cerviron\",\"isPartOf\":{\"@id\":\"https:\/\/cerviron.com\/ro\/#website\"},\"datePublished\":\"2021-10-22T10:16:11+00:00\",\"dateModified\":\"2021-11-04T12:01:25+00:00\",\"breadcrumb\":{\"@id\":\"https:\/\/cerviron.com\/ro\/politica-cookies\/#breadcrumb\"},\"inLanguage\":\"ro-RO\",\"potentialAction\":[{\"@type\":\"ReadAction\",\"target\":[\"https:\/\/cerviron.com\/ro\/politica-cookies\/\"]}]},{\"@type\":\"BreadcrumbList\",\"@id\":\"https:\/\/cerviron.com\/ro\/politica-cookies\/#breadcrumb\",\"itemListElement\":[{\"@type\":\"ListItem\",\"position\":1,\"name\":\"Home\",\"item\":\"https:\/\/cerviron.com\/ro\/\"},{\"@type\":\"ListItem\",\"position\":2,\"name\":\"Politica cookies\"}]},{\"@type\":\"WebSite\",\"@id\":\"https:\/\/cerviron.com\/ro\/#website\",\"url\":\"https:\/\/cerviron.com\/ro\/\",\"name\":\"Cerviron\",\"description\":\"Ovule vaginale\",\"publisher\":{\"@id\":\"https:\/\/cerviron.com\/ro\/#organization\"},\"potentialAction\":[{\"@type\":\"SearchAction\",\"target\":{\"@type\":\"EntryPoint\",\"urlTemplate\":\"https:\/\/cerviron.com\/ro\/?s={search_term_string}\"},\"query-input\":{\"@type\":\"PropertyValueSpecification\",\"valueRequired\":true,\"valueName\":\"search_term_string\"}}],\"inLanguage\":\"ro-RO\"},{\"@type\":\"Organization\",\"@id\":\"https:\/\/cerviron.com\/ro\/#organization\",\"name\":\"Cerviron\",\"url\":\"https:\/\/cerviron.com\/ro\/\",\"logo\":{\"@type\":\"ImageObject\",\"inLanguage\":\"ro-RO\",\"@id\":\"https:\/\/cerviron.com\/ro\/#\/schema\/logo\/image\/\",\"url\":\"http:\/\/cerviron.com\/wp-content\/uploads\/2019\/06\/logo-09-1.png\",\"contentUrl\":\"http:\/\/cerviron.com\/wp-content\/uploads\/2019\/06\/logo-09-1.png\",\"width\":663,\"height\":94,\"caption\":\"Cerviron\"},\"image\":{\"@id\":\"https:\/\/cerviron.com\/ro\/#\/schema\/logo\/image\/\"}}]}<\/script>\n<!-- \/ Yoast SEO plugin. -->","yoast_head_json":{"title":"Politica cookies | Cerviron","robots":{"index":"index","follow":"follow","max-snippet":"max-snippet:-1","max-image-preview":"max-image-preview:large","max-video-preview":"max-video-preview:-1"},"canonical":"https:\/\/cerviron.com\/ro\/politica-cookies\/","og_locale":"ro_RO","og_type":"article","og_title":"Politica cookies | Cerviron","og_description":"Aceasta este Politica de cookie-uri pentru Cerviron, accesibil\u0103 de pe www.cerviron.roCe sunt cookie-urileA\u0219a cum este o practic\u0103 obi\u0219nuit\u0103 cu aproape toate site-urile web profesionale, acest site folose\u0219te cookie-uri, care sunt fi\u0219iere minuscule care sunt desc\u0103rcate pe computerul dvs., pentru a v\u0103 \u00eembun\u0103t\u0103\u021bi experien\u021ba. Aceast\u0103 pagin\u0103 descrie ce informa\u021bii adun\u0103, cum le folosim \u0219i de ce [&hellip;]","og_url":"https:\/\/cerviron.com\/ro\/politica-cookies\/","og_site_name":"Cerviron","article_modified_time":"2021-11-04T12:01:25+00:00","twitter_card":"summary_large_image","twitter_misc":{"Timp estimat pentru citire":"3 minute"},"schema":{"@context":"https:\/\/schema.org","@graph":[{"@type":"WebPage","@id":"https:\/\/cerviron.com\/ro\/politica-cookies\/","url":"https:\/\/cerviron.com\/ro\/politica-cookies\/","name":"Politica cookies | Cerviron","isPartOf":{"@id":"https:\/\/cerviron.com\/ro\/#website"},"datePublished":"2021-10-22T10:16:11+00:00","dateModified":"2021-11-04T12:01:25+00:00","breadcrumb":{"@id":"https:\/\/cerviron.com\/ro\/politica-cookies\/#breadcrumb"},"inLanguage":"ro-RO","potentialAction":[{"@type":"ReadAction","target":["https:\/\/cerviron.com\/ro\/politica-cookies\/"]}]},{"@type":"BreadcrumbList","@id":"https:\/\/cerviron.com\/ro\/politica-cookies\/#breadcrumb","itemListElement":[{"@type":"ListItem","position":1,"name":"Home","item":"https:\/\/cerviron.com\/ro\/"},{"@type":"ListItem","position":2,"name":"Politica cookies"}]},{"@type":"WebSite","@id":"https:\/\/cerviron.com\/ro\/#website","url":"https:\/\/cerviron.com\/ro\/","name":"Cerviron","description":"Ovule vaginale","publisher":{"@id":"https:\/\/cerviron.com\/ro\/#organization"},"potentialAction":[{"@type":"SearchAction","target":{"@type":"EntryPoint","urlTemplate":"https:\/\/cerviron.com\/ro\/?s={search_term_string}"},"query-input":{"@type":"PropertyValueSpecification","valueRequired":true,"valueName":"search_term_string"}}],"inLanguage":"ro-RO"},{"@type":"Organization","@id":"https:\/\/cerviron.com\/ro\/#organization","name":"Cerviron","url":"https:\/\/cerviron.com\/ro\/","logo":{"@type":"ImageObject","inLanguage":"ro-RO","@id":"https:\/\/cerviron.com\/ro\/#\/schema\/logo\/image\/","url":"http:\/\/cerviron.com\/wp-content\/uploads\/2019\/06\/logo-09-1.png","contentUrl":"http:\/\/cerviron.com\/wp-content\/uploads\/2019\/06\/logo-09-1.png","width":663,"height":94,"caption":"Cerviron"},"image":{"@id":"https:\/\/cerviron.com\/ro\/#\/schema\/logo\/image\/"}}]}},"_links":{"self":[{"href":"https:\/\/cerviron.com\/ro\/wp-json\/wp\/v2\/pages\/21874","targetHints":{"allow":["GET"]}}],"collection":[{"href":"https:\/\/cerviron.com\/ro\/wp-json\/wp\/v2\/pages"}],"about":[{"href":"https:\/\/cerviron.com\/ro\/wp-json\/wp\/v2\/types\/page"}],"author":[{"embeddable":true,"href":"https:\/\/cerviron.com\/ro\/wp-json\/wp\/v2\/users\/1"}],"replies":[{"embeddable":true,"href":"https:\/\/cerviron.com\/ro\/wp-json\/wp\/v2\/comments?post=21874"}],"version-history":[{"count":4,"href":"https:\/\/cerviron.com\/ro\/wp-json\/wp\/v2\/pages\/21874\/revisions"}],"predecessor-version":[{"id":22249,"href":"https:\/\/cerviron.com\/ro\/wp-json\/wp\/v2\/pages\/21874\/revisions\/22249"}],"wp:attachment":[{"href":"https:\/\/cerviron.com\/ro\/wp-json\/wp\/v2\/media?parent=21874"}],"curies":[{"name":"wp","href":"https:\/\/api.w.org\/{rel}","templated":true}]}}