{"id":21875,"date":"2021-10-22T12:05:19","date_gmt":"2021-10-22T10:05:19","guid":{"rendered":"http:\/\/cerviron.com\/privacy-policy\/"},"modified":"2021-11-04T14:03:05","modified_gmt":"2021-11-04T12:03:05","slug":"politica-de-confidentialitate","status":"publish","type":"page","link":"https:\/\/cerviron.com\/ro\/politica-de-confidentialitate\/","title":{"rendered":"Politica de confidentialitate"},"content":{"rendered":"\t\t<div data-elementor-type=\"wp-page\" data-elementor-id=\"21875\" class=\"elementor elementor-21875 elementor-21010\">\n\t\t\t\t\t\t<section class=\"elementor-section elementor-top-section elementor-element elementor-element-3f2c9ca elementor-section-stretched elementor-section-boxed elementor-section-height-default elementor-section-height-default\" data-id=\"3f2c9ca\" data-element_type=\"section\" data-settings=\"{&quot;stretch_section&quot;:&quot;section-stretched&quot;}\">\n\t\t\t\t\t\t<div class=\"elementor-container elementor-column-gap-default\">\n\t\t\t\t\t<div class=\"elementor-column elementor-col-100 elementor-top-column elementor-element elementor-element-e2f0dfe\" data-id=\"e2f0dfe\" data-element_type=\"column\">\n\t\t\t<div class=\"elementor-widget-wrap elementor-element-populated\">\n\t\t\t\t\t\t<div class=\"elementor-element elementor-element-de80600 elementor-widget elementor-widget-text-editor\" data-id=\"de80600\" data-element_type=\"widget\" data-widget_type=\"text-editor.default\">\n\t\t\t\t<div class=\"elementor-widget-container\">\n\t\t\t\t\t\t\t\t\t<p><b>Confiden\u021bialitate<\/b><\/p><p><b>Vizita dvs. pe site-urile web de distribu\u021bie Perfect Care<\/b><\/p><p><span style=\"font-weight: 400;\">Vizita dvs. pe site-urile web Perfect Care Distribution este privat\u0103 \u0219i securizat\u0103. C\u00e2nd vizita\u021bi site-urile web Perfect Care Distribution, nu colect\u0103m informa\u021bii de identificare personal\u0103 (PII) despre dvs., cu excep\u021bia cazului \u00een care alege\u021bi s\u0103 ni le furniza\u021bi \u00een mod explicit. Cu toate acestea, colect\u0103m unele date despre vizita dumneavoastr\u0103 pe site-ul nostru pentru a ne ajuta s\u0103 \u00een\u021belegem mai bine utilizarea public\u0103 a site-ului \u0219i pentru a-l face mai util vizitatorilor. Aceast\u0103 pagin\u0103 descrie informa\u021biile care sunt colectate \u0219i stocate automat. NLM nu colecteaz\u0103 niciodat\u0103 informa\u021bii pentru marketing comercial sau pentru orice scop care nu are leg\u0103tur\u0103 cu func\u021biile Perfect Care Distribution.<\/span><\/p><p><b>Ce tip de informa\u021bii colecteaz\u0103 Perfect Care Distribution<\/b><\/p><p><span style=\"font-weight: 400;\">C\u00e2nd vizita\u021bi orice site web, anumite informa\u021bii despre vizita dumneavoastr\u0103 pot fi colectate. Perfect Care Distribution colecteaz\u0103 \u0219i stocheaz\u0103 automat urm\u0103toarele tipuri de informa\u021bii despre vizita dumneavoastr\u0103:<\/span><\/p><ul><li style=\"font-weight: 400;\" aria-level=\"1\"><span style=\"font-weight: 400;\">Numele domeniului pe care \u00eel utiliza\u021bi pentru a accesa Internetul<\/span><\/li><li style=\"font-weight: 400;\" aria-level=\"1\"><span style=\"font-weight: 400;\">Data \u0219i ora vizitei dumneavoastr\u0103 pe site-ul nostru<\/span><\/li><li style=\"font-weight: 400;\" aria-level=\"1\"><span style=\"font-weight: 400;\">Paginile \u0219i documentele pe care le-a\u021bi vizualizat pe site-ul nostru dintr-un motor de c\u0103utare extern, cum ar fi Bing sau Google<\/span><\/li><li style=\"font-weight: 400;\" aria-level=\"1\"><span style=\"font-weight: 400;\">Adresa URL a site-ului web pe care l-a\u021bi vizitat \u00eenainte de al nostru<\/span><\/li><li style=\"font-weight: 400;\" aria-level=\"1\"><span style=\"font-weight: 400;\">Cuvintele pe care le-a\u021bi c\u0103utat pe site-ul nostru<\/span><\/li><li style=\"font-weight: 400;\" aria-level=\"1\"><span style=\"font-weight: 400;\">Tipul \u0219i versiunea browserului dvs. Web \u0219i a sistemului de operare \u0219i<\/span><\/li><li style=\"font-weight: 400;\" aria-level=\"1\"><span style=\"font-weight: 400;\">Loca\u021bia dvs. \u00een momentul vizitei, p\u00e2n\u0103 la nivelul ora\u0219ului<\/span><\/li><\/ul><p><span style=\"font-weight: 400;\">Aceste informa\u021bii sunt folosite pentru a m\u0103sura num\u0103rul de vizitatori ai diferitelor sec\u021biuni ale site-ului nostru \u0219i pentru a \u00eembun\u0103t\u0103\u021bi organizarea, acoperirea, performan\u021ba sistemului sau alte zone cu probleme. Aceste informa\u021bii nu sunt folosite pentru asocierea termenilor de c\u0103utare sau a modelelor de navigare pe site cu utilizatorii individuali. C\u00e2nd func\u021biile de c\u0103utare ofer\u0103 termeni sugera\u021bi, aceste sugestii se bazeaz\u0103 numai pe date agregate. Perfect Care Distribution \u00ee\u0219i \u0219terge periodic jurnalele web. Ocazional, Perfect Care Distribution poate furniza informa\u021bii agregate unor entit\u0103\u021bi ter\u021be cu care contracteaz\u0103, \u00een scopul analizei cercet\u0103rii. Datele agregate nu pot fi legate \u00eenapoi la un utilizator individual.<\/span><\/p><p><b>Cum folose\u0219te NLM modulele cookie<\/b><\/p><p><span style=\"font-weight: 400;\">C\u00e2nd vizita\u021bi orice site web, acesta poate plasa un mic fi\u0219ier text, cunoscut sub numele de \u201ecookie\u201d, pe computer. Cookie-ul permite site-ului web s\u0103 \u201eaminteasc\u0103\u201d informa\u021bii specifice despre vizita dumneavoastr\u0103 \u00een timp ce sunte\u021bi conectat sau c\u00e2nd reveni\u021bi pe acel site.<\/span><\/p><p><span style=\"font-weight: 400;\">Cookie-ul v\u0103 ajut\u0103 s\u0103 utiliza\u021bi caracteristicile dinamice ale paginilor web. Cookie-urile din paginile web Perfect Care Distribution colecteaz\u0103 doar informa\u021bii despre vizita browserului dumneavoastr\u0103 pe site; nu colecteaz\u0103 informa\u021bii personale despre tine. \u00cen timp ce vizita\u021bi anumite site-uri web Perfect Care Distribution, este posibil s\u0103 \u00eent\u00e2lni\u021bi ocazional o pagin\u0103 web care utilizeaz\u0103 automat cookie-uri pentru a facilita utilizarea caracteristicilor dinamice ale paginii web.<\/span><\/p><p><span style=\"font-weight: 400;\">Site-urile Web Perfect Care Distribution pot folosi fie cookie-uri cu o singur\u0103 sesiune (temporare), fie cu mai multe sesiuni (persistente). Cookie-urile de sesiune dureaz\u0103 doar at\u00e2ta timp c\u00e2t browserul dvs. web este deschis. Odat\u0103 ce \u00eenchide\u021bi browserul, cookie-ul dispare. Cookie-urile persistente sunt stocate pe computerul dumneavoastr\u0103 pentru perioade mai lungi.<\/span><\/p><ul><li style=\"font-weight: 400;\" aria-level=\"1\"><b>Cookie-uri de sesiune:<\/b><span style=\"font-weight: 400;\">Folosim cookie-uri de sesiune \u00een scopuri tehnice, cum ar fi pentru a permite o navigare mai bun\u0103 prin site-ul nostru. Acest nivel include orice utilizare a tehnologiilor de personalizare \u0219i m\u0103surare web cu o singur\u0103 sesiune.<\/span><\/li><li style=\"font-weight: 400;\" aria-level=\"1\"><b>Cookie-uri persistente:<\/b><span style=\"font-weight: 400;\">Folosim cookie-uri persistente pentru a \u00eembun\u0103t\u0103\u021bi experien\u021ba web pentru utilizatorii no\u0219tri. Cookie-urile persistente r\u0103m\u00e2n pe computerul dumneavoastr\u0103 \u00eentre vizitele la Perfect Care Distribution p\u00e2n\u0103 c\u00e2nd expir\u0103.<\/span><\/li><\/ul><p>\u00a0<\/p><p><b>Cum s\u0103 renun\u021ba\u021bi sau s\u0103 dezactiva\u021bi modulele cookie<\/b><\/p><p><span style=\"font-weight: 400;\">Dac\u0103 nu dori\u021bi ca cookie-uri de sesiune sau persistente s\u0103 fie plasate pe computerul dvs., le pute\u021bi dezactiva oric\u00e2nd din browserul dvs. web. Dac\u0103 renun\u021ba\u021bi la cookie-uri, ve\u021bi avea \u00een continuare acces la toate informa\u021biile \u0219i resursele de la Perfect Care Distribution, dar este posibil s\u0103 nu pute\u021bi utiliza func\u021biile dependente de cookie-uri.<\/span><\/p><p><b>Informa\u021bii de identificare personal\u0103 (PII)<\/b><\/p><p><span style=\"font-weight: 400;\">Nu trebuie s\u0103 ne oferi\u021bi informa\u021bii personale pentru a vizita site-ul web Perfect Care Distribution.<\/span><\/p><p><span style=\"font-weight: 400;\">Dac\u0103 alege\u021bi s\u0103 ne trimite\u021bi informa\u021bii personale prin e-mail sau complet\u00e2nd un formular pe site-ul nostru web, folosim aceste informa\u021bii pentru a r\u0103spunde la mesajul dvs. \u0219i pentru a ne ajuta s\u0103 v\u0103 oferim informa\u021biile sau materialul pe care l-a\u021bi solicitat. Dac\u0103 sunt furnizate, informa\u021biile de identificare personal\u0103 sunt p\u0103strate \u00eentr-o baz\u0103 de date care este cur\u0103\u021bat\u0103 \u00een mod regulat dup\u0103 4-10 de zile.<\/span><\/p><p><span style=\"font-weight: 400;\">Contractorii ter\u021bi angaja\u021bi de Perfect Care Distribution pot avea acces la aceste informa\u021bii pentru a oferi un r\u0103spuns la \u00eentrebarea sau comentariul dumneavoastr\u0103. Ace\u0219ti contractori sunt obliga\u021bi s\u0103 respecte politici stricte pentru a proteja informa\u021biile \u0219i pentru a oferi acela\u0219i nivel de protec\u021bie a confiden\u021bialit\u0103\u021bii garantat de Perfect Care Distribution.<\/span><\/p><p><span style=\"font-weight: 400;\">Ocazional, putem realiza un studiu cu privire la tipurile de \u00eentreb\u0103ri trimise c\u0103tre noi. Aceste studii ne ajut\u0103 s\u0103 ne \u00eembun\u0103t\u0103\u021bim site-urile web pentru a le face mai receptive la nevoile utilizatorilor no\u0219tri.<\/span><\/p><p><b>Dezv\u0103luire<\/b><\/p><p><span style=\"font-weight: 400;\">Perfect Care Distribution nu ofer\u0103, distribuie, vinde sau transfer\u0103 nicio informa\u021bie personal\u0103 despre vizitatorii no\u0219tri, cu excep\u021bia cazului \u00een care este cerut de for\u021bele de ordine sau de statut.<\/span><\/p><p><span style=\"font-weight: 400;\">Perfect Care Distribution men\u021bine conturi pe site-uri web ale ter\u021bilor, cum ar fi site-urile de social media, ca instrumente pentru a interac\u021biona mai bine cu publicul. Politicile de securitate \u0219i confiden\u021bialitate ale site-urilor web ale ter\u021bilor se aplic\u0103 activit\u0103\u021bii dvs. pe acele site-uri. Utilizatorii site-urilor web ale unor ter\u021be p\u0103r\u021bi \u00eemp\u0103rt\u0103\u0219esc adesea informa\u021bii publicului larg, comunit\u0103\u021bii de utilizatori \u0219i\/sau ter\u021bilor care opereaz\u0103 site-ul web. Ar trebui s\u0103 revizui\u021bi politicile de confiden\u021bialitate ale tuturor site-urilor web \u00eenainte de a le utiliza \u0219i s\u0103 v\u0103 asigura\u021bi c\u0103 \u00een\u021belege\u021bi cum pot fi utilizate informa\u021biile dvs. De asemenea, ar trebui s\u0103 ajusta\u021bi set\u0103rile de confiden\u021bialitate ale contului dvs. pentru orice site web ter\u021b\u0103 parte pentru a se potrivi cu preferin\u021bele dvs.<\/span><\/p><p><b>Cum Perfect Care Distribution colecteaz\u0103 \u0219i utilizeaz\u0103 informa\u021bii de pe site-urile web ale ter\u021bilor<\/b><\/p><p><span style=\"font-weight: 400;\">Dac\u0103 ave\u021bi un cont\/profil cu un site web ter\u021b\u0103 parte \u0219i alege\u021bi s\u0103 urm\u0103ri\u021bi, s\u0103 v\u0103 aprecia\u021bi, s\u0103 v\u0103 face\u021bi un prieten sau s\u0103 comenta\u021bi pe un site web ter\u021b\u0103 parte gestionat de Perfect Care Distribution, anumite informa\u021bii personale asociate contului dumneavoastr\u0103 ne pot fi puse la dispozi\u021bie. pe baza politicilor de confiden\u021bialitate ale site-ului ter\u021b\u0103 parte \u0219i a set\u0103rilor dvs. de confiden\u021bialitate din acel site. Nu distribuim informa\u021bii de identificare personal\u0103 puse la dispozi\u021bie prin aceste site-uri web.<\/span><\/p><p>\u00a0<\/p><p><b>Google Analytics<\/b><\/p><p><span style=\"font-weight: 400;\">C\u00e2nd naviga\u021bi prin site-urile Perfect Care Distribution, folosim software-ul Google Analytics pentru a aduna \u0219i stoca temporar o varietate de informa\u021bii despre vizita dumneavoastr\u0103. Cu toate acestea, aceste informa\u021bii nu pot fi folosite pentru a v\u0103 identifica ca persoan\u0103 fizic\u0103.<\/span><\/p><p><span style=\"font-weight: 400;\">Nu asociem niciuna dintre datele pe care le colect\u0103m cu dvs. ca persoan\u0103 fizic\u0103. \u00cen schimb, cumul\u0103m aceste date de la toate vizitele pentru a \u00eembun\u0103t\u0103\u021bi site-ul nostru web \u0219i pentru a oferi o experien\u021b\u0103 de utilizator mai bun\u0103 vizitatorilor no\u0219tri. Datele agregate sunt disponibile numai pentru managerii web NLM \u0219i pentru alt personal desemnat care necesit\u0103 aceste informa\u021bii pentru a-\u0219i \u00eendeplini sarcinile. Este re\u021binut doar at\u00e2t timp c\u00e2t este necesar pentru o analiz\u0103 adecvat\u0103. Politica de confiden\u021bialitate Google Analytics este disponibil\u0103 la<\/span><a href=\"https:\/\/www.google.com\/intl\/en\/policies\/privacy\/\"><span style=\"font-weight: 400;\">https:\/\/www.google.com\/intl\/en\/policies\/privacy\/<\/span><\/a><span style=\"font-weight: 400;\">.<\/span><\/p><p><b>Date demografice \u0219i de interes<\/b><\/p><p><span style=\"font-weight: 400;\">Pe unele por\u021biuni ale site-ului nostru web, Google a permis s\u0103 furnizeze date agregate demografice \u0219i de interese ale vizitatorilor no\u0219tri. Aceste informa\u021bii nu pot fi folosite pentru a v\u0103 identifica ca persoan\u0103 fizic\u0103. De\u0219i aceste instrumente sunt folosite de unele site-uri web pentru a difuza reclame, Perfect Care Distribution le folose\u0219te doar pentru a m\u0103sura datele demografice. Perfect Care Distribution nu are control asupra reclamelor difuzate pe alte site-uri web.<\/span><\/p><p><br \/><br \/><\/p>\t\t\t\t\t\t\t\t<\/div>\n\t\t\t\t<\/div>\n\t\t\t\t\t<\/div>\n\t\t<\/div>\n\t\t\t\t\t<\/div>\n\t\t<\/section>\n\t\t\t\t<\/div>\n\t\t","protected":false},"excerpt":{"rendered":"<p>Confiden\u021bialitate Vizita dvs. pe site-urile web de distribu\u021bie Perfect Care Vizita dvs. pe site-urile web Perfect Care Distribution este privat\u0103 \u0219i securizat\u0103. C\u00e2nd vizita\u021bi site-urile web Perfect Care Distribution, nu colect\u0103m informa\u021bii de identificare personal\u0103 (PII) despre dvs., cu excep\u021bia cazului \u00een care alege\u021bi s\u0103 ni le furniza\u021bi \u00een mod explicit. Cu toate acestea, colect\u0103m [&hellip;]<\/p>\n","protected":false},"author":1,"featured_media":0,"parent":0,"menu_order":0,"comment_status":"closed","ping_status":"closed","template":"page-templates\/full-width.php","meta":{"footnotes":""},"class_list":["post-21875","page","type-page","status-publish","hentry"],"yoast_head":"<!-- This site is optimized with the Yoast SEO plugin v24.9 - https:\/\/yoast.com\/wordpress\/plugins\/seo\/ -->\n<title>Politica de confidentialitate | Cerviron<\/title>\n<meta name=\"robots\" content=\"index, follow, max-snippet:-1, max-image-preview:large, max-video-preview:-1\" \/>\n<link rel=\"canonical\" href=\"https:\/\/cerviron.com\/ro\/politica-de-confidentialitate\/\" \/>\n<meta property=\"og:locale\" content=\"ro_RO\" \/>\n<meta property=\"og:type\" content=\"article\" \/>\n<meta property=\"og:title\" content=\"Politica de confidentialitate | Cerviron\" \/>\n<meta property=\"og:description\" content=\"Confiden\u021bialitate Vizita dvs. pe site-urile web de distribu\u021bie Perfect Care Vizita dvs. pe site-urile web Perfect Care Distribution este privat\u0103 \u0219i securizat\u0103. C\u00e2nd vizita\u021bi site-urile web Perfect Care Distribution, nu colect\u0103m informa\u021bii de identificare personal\u0103 (PII) despre dvs., cu excep\u021bia cazului \u00een care alege\u021bi s\u0103 ni le furniza\u021bi \u00een mod explicit. Cu toate acestea, colect\u0103m [&hellip;]\" \/>\n<meta property=\"og:url\" content=\"https:\/\/cerviron.com\/ro\/politica-de-confidentialitate\/\" \/>\n<meta property=\"og:site_name\" content=\"Cerviron\" \/>\n<meta property=\"article:modified_time\" content=\"2021-11-04T12:03:05+00:00\" \/>\n<meta name=\"twitter:card\" content=\"summary_large_image\" \/>\n<meta name=\"twitter:label1\" content=\"Timp estimat pentru citire\" \/>\n\t<meta name=\"twitter:data1\" content=\"7 minute\" \/>\n<script type=\"application\/ld+json\" class=\"yoast-schema-graph\">{\"@context\":\"https:\/\/schema.org\",\"@graph\":[{\"@type\":\"WebPage\",\"@id\":\"https:\/\/cerviron.com\/ro\/politica-de-confidentialitate\/\",\"url\":\"https:\/\/cerviron.com\/ro\/politica-de-confidentialitate\/\",\"name\":\"Politica de confidentialitate | Cerviron\",\"isPartOf\":{\"@id\":\"https:\/\/cerviron.com\/ro\/#website\"},\"datePublished\":\"2021-10-22T10:05:19+00:00\",\"dateModified\":\"2021-11-04T12:03:05+00:00\",\"breadcrumb\":{\"@id\":\"https:\/\/cerviron.com\/ro\/politica-de-confidentialitate\/#breadcrumb\"},\"inLanguage\":\"ro-RO\",\"potentialAction\":[{\"@type\":\"ReadAction\",\"target\":[\"https:\/\/cerviron.com\/ro\/politica-de-confidentialitate\/\"]}]},{\"@type\":\"BreadcrumbList\",\"@id\":\"https:\/\/cerviron.com\/ro\/politica-de-confidentialitate\/#breadcrumb\",\"itemListElement\":[{\"@type\":\"ListItem\",\"position\":1,\"name\":\"Home\",\"item\":\"https:\/\/cerviron.com\/ro\/\"},{\"@type\":\"ListItem\",\"position\":2,\"name\":\"Politica de confidentialitate\"}]},{\"@type\":\"WebSite\",\"@id\":\"https:\/\/cerviron.com\/ro\/#website\",\"url\":\"https:\/\/cerviron.com\/ro\/\",\"name\":\"Cerviron\",\"description\":\"Ovule vaginale\",\"publisher\":{\"@id\":\"https:\/\/cerviron.com\/ro\/#organization\"},\"potentialAction\":[{\"@type\":\"SearchAction\",\"target\":{\"@type\":\"EntryPoint\",\"urlTemplate\":\"https:\/\/cerviron.com\/ro\/?s={search_term_string}\"},\"query-input\":{\"@type\":\"PropertyValueSpecification\",\"valueRequired\":true,\"valueName\":\"search_term_string\"}}],\"inLanguage\":\"ro-RO\"},{\"@type\":\"Organization\",\"@id\":\"https:\/\/cerviron.com\/ro\/#organization\",\"name\":\"Cerviron\",\"url\":\"https:\/\/cerviron.com\/ro\/\",\"logo\":{\"@type\":\"ImageObject\",\"inLanguage\":\"ro-RO\",\"@id\":\"https:\/\/cerviron.com\/ro\/#\/schema\/logo\/image\/\",\"url\":\"http:\/\/cerviron.com\/wp-content\/uploads\/2019\/06\/logo-09-1.png\",\"contentUrl\":\"http:\/\/cerviron.com\/wp-content\/uploads\/2019\/06\/logo-09-1.png\",\"width\":663,\"height\":94,\"caption\":\"Cerviron\"},\"image\":{\"@id\":\"https:\/\/cerviron.com\/ro\/#\/schema\/logo\/image\/\"}}]}<\/script>\n<!-- \/ Yoast SEO plugin. -->","yoast_head_json":{"title":"Politica de confidentialitate | Cerviron","robots":{"index":"index","follow":"follow","max-snippet":"max-snippet:-1","max-image-preview":"max-image-preview:large","max-video-preview":"max-video-preview:-1"},"canonical":"https:\/\/cerviron.com\/ro\/politica-de-confidentialitate\/","og_locale":"ro_RO","og_type":"article","og_title":"Politica de confidentialitate | Cerviron","og_description":"Confiden\u021bialitate Vizita dvs. pe site-urile web de distribu\u021bie Perfect Care Vizita dvs. pe site-urile web Perfect Care Distribution este privat\u0103 \u0219i securizat\u0103. C\u00e2nd vizita\u021bi site-urile web Perfect Care Distribution, nu colect\u0103m informa\u021bii de identificare personal\u0103 (PII) despre dvs., cu excep\u021bia cazului \u00een care alege\u021bi s\u0103 ni le furniza\u021bi \u00een mod explicit. Cu toate acestea, colect\u0103m [&hellip;]","og_url":"https:\/\/cerviron.com\/ro\/politica-de-confidentialitate\/","og_site_name":"Cerviron","article_modified_time":"2021-11-04T12:03:05+00:00","twitter_card":"summary_large_image","twitter_misc":{"Timp estimat pentru citire":"7 minute"},"schema":{"@context":"https:\/\/schema.org","@graph":[{"@type":"WebPage","@id":"https:\/\/cerviron.com\/ro\/politica-de-confidentialitate\/","url":"https:\/\/cerviron.com\/ro\/politica-de-confidentialitate\/","name":"Politica de confidentialitate | Cerviron","isPartOf":{"@id":"https:\/\/cerviron.com\/ro\/#website"},"datePublished":"2021-10-22T10:05:19+00:00","dateModified":"2021-11-04T12:03:05+00:00","breadcrumb":{"@id":"https:\/\/cerviron.com\/ro\/politica-de-confidentialitate\/#breadcrumb"},"inLanguage":"ro-RO","potentialAction":[{"@type":"ReadAction","target":["https:\/\/cerviron.com\/ro\/politica-de-confidentialitate\/"]}]},{"@type":"BreadcrumbList","@id":"https:\/\/cerviron.com\/ro\/politica-de-confidentialitate\/#breadcrumb","itemListElement":[{"@type":"ListItem","position":1,"name":"Home","item":"https:\/\/cerviron.com\/ro\/"},{"@type":"ListItem","position":2,"name":"Politica de confidentialitate"}]},{"@type":"WebSite","@id":"https:\/\/cerviron.com\/ro\/#website","url":"https:\/\/cerviron.com\/ro\/","name":"Cerviron","description":"Ovule vaginale","publisher":{"@id":"https:\/\/cerviron.com\/ro\/#organization"},"potentialAction":[{"@type":"SearchAction","target":{"@type":"EntryPoint","urlTemplate":"https:\/\/cerviron.com\/ro\/?s={search_term_string}"},"query-input":{"@type":"PropertyValueSpecification","valueRequired":true,"valueName":"search_term_string"}}],"inLanguage":"ro-RO"},{"@type":"Organization","@id":"https:\/\/cerviron.com\/ro\/#organization","name":"Cerviron","url":"https:\/\/cerviron.com\/ro\/","logo":{"@type":"ImageObject","inLanguage":"ro-RO","@id":"https:\/\/cerviron.com\/ro\/#\/schema\/logo\/image\/","url":"http:\/\/cerviron.com\/wp-content\/uploads\/2019\/06\/logo-09-1.png","contentUrl":"http:\/\/cerviron.com\/wp-content\/uploads\/2019\/06\/logo-09-1.png","width":663,"height":94,"caption":"Cerviron"},"image":{"@id":"https:\/\/cerviron.com\/ro\/#\/schema\/logo\/image\/"}}]}},"_links":{"self":[{"href":"https:\/\/cerviron.com\/ro\/wp-json\/wp\/v2\/pages\/21875","targetHints":{"allow":["GET"]}}],"collection":[{"href":"https:\/\/cerviron.com\/ro\/wp-json\/wp\/v2\/pages"}],"about":[{"href":"https:\/\/cerviron.com\/ro\/wp-json\/wp\/v2\/types\/page"}],"author":[{"embeddable":true,"href":"https:\/\/cerviron.com\/ro\/wp-json\/wp\/v2\/users\/1"}],"replies":[{"embeddable":true,"href":"https:\/\/cerviron.com\/ro\/wp-json\/wp\/v2\/comments?post=21875"}],"version-history":[{"count":4,"href":"https:\/\/cerviron.com\/ro\/wp-json\/wp\/v2\/pages\/21875\/revisions"}],"predecessor-version":[{"id":22252,"href":"https:\/\/cerviron.com\/ro\/wp-json\/wp\/v2\/pages\/21875\/revisions\/22252"}],"wp:attachment":[{"href":"https:\/\/cerviron.com\/ro\/wp-json\/wp\/v2\/media?parent=21875"}],"curies":[{"name":"wp","href":"https:\/\/api.w.org\/{rel}","templated":true}]}}