{"id":21876,"date":"2021-10-22T11:52:36","date_gmt":"2021-10-22T09:52:36","guid":{"rendered":"http:\/\/cerviron.com\/indication-of-use-2\/"},"modified":"2026-03-31T18:03:01","modified_gmt":"2026-03-31T16:03:01","slug":"prospect","status":"publish","type":"page","link":"https:\/\/cerviron.com\/ro\/prospect\/","title":{"rendered":"Prospect"},"content":{"rendered":"\t\t<div data-elementor-type=\"wp-page\" data-elementor-id=\"21876\" class=\"elementor elementor-21876 elementor-20990\">\n\t\t\t\t\t\t<section class=\"elementor-section elementor-top-section elementor-element elementor-element-733b6a7 elementor-section-boxed elementor-section-height-default elementor-section-height-default\" data-id=\"733b6a7\" data-element_type=\"section\">\n\t\t\t\t\t\t<div class=\"elementor-container elementor-column-gap-default\">\n\t\t\t\t\t<div class=\"elementor-column elementor-col-50 elementor-top-column elementor-element elementor-element-e71f949\" data-id=\"e71f949\" data-element_type=\"column\">\n\t\t\t<div class=\"elementor-widget-wrap elementor-element-populated\">\n\t\t\t\t\t\t<div class=\"elementor-element elementor-element-e228196 elementor-widget-tablet__width-initial elementor-widget elementor-widget-heading\" data-id=\"e228196\" data-element_type=\"widget\" data-widget_type=\"heading.default\">\n\t\t\t\t<div class=\"elementor-widget-container\">\n\t\t\t\t\t<h3 class=\"elementor-heading-title elementor-size-default\">Instruc\u021biuni de folosire:<\/h3>\t\t\t\t<\/div>\n\t\t\t\t<\/div>\n\t\t\t\t\t<\/div>\n\t\t<\/div>\n\t\t\t\t<div class=\"elementor-column elementor-col-50 elementor-top-column elementor-element elementor-element-ddb7e4c\" data-id=\"ddb7e4c\" data-element_type=\"column\">\n\t\t\t<div class=\"elementor-widget-wrap elementor-element-populated\">\n\t\t\t\t\t\t<div class=\"elementor-element elementor-element-e34f095 elementor-widget-tablet__width-initial elementor-widget elementor-widget-image\" data-id=\"e34f095\" data-element_type=\"widget\" data-widget_type=\"image.default\">\n\t\t\t\t<div class=\"elementor-widget-container\">\n\t\t\t\t\t\t\t\t\t\t\t\t\t\t\t<img fetchpriority=\"high\" decoding=\"async\" width=\"300\" height=\"300\" src=\"https:\/\/cerviron.com\/wp-content\/uploads\/2026\/03\/cerviron-1200x1200-ro-300x300.png\" class=\"attachment-medium size-medium wp-image-29031\" alt=\"\" srcset=\"https:\/\/cerviron.com\/wp-content\/uploads\/2026\/03\/cerviron-1200x1200-ro-300x300.png 300w, https:\/\/cerviron.com\/wp-content\/uploads\/2026\/03\/cerviron-1200x1200-ro-1024x1024.png 1024w, https:\/\/cerviron.com\/wp-content\/uploads\/2026\/03\/cerviron-1200x1200-ro-150x150.png 150w, https:\/\/cerviron.com\/wp-content\/uploads\/2026\/03\/cerviron-1200x1200-ro-768x768.png 768w, https:\/\/cerviron.com\/wp-content\/uploads\/2026\/03\/cerviron-1200x1200-ro-140x140.png 140w, https:\/\/cerviron.com\/wp-content\/uploads\/2026\/03\/cerviron-1200x1200-ro-110x110.png 110w, https:\/\/cerviron.com\/wp-content\/uploads\/2026\/03\/cerviron-1200x1200-ro-100x100.png 100w, https:\/\/cerviron.com\/wp-content\/uploads\/2026\/03\/cerviron-1200x1200-ro-360x360.png 360w, https:\/\/cerviron.com\/wp-content\/uploads\/2026\/03\/cerviron-1200x1200-ro-800x800.png 800w, https:\/\/cerviron.com\/wp-content\/uploads\/2026\/03\/cerviron-1200x1200-ro.png 1200w\" sizes=\"(max-width: 300px) 100vw, 300px\" \/>\t\t\t\t\t\t\t\t\t\t\t\t\t\t\t<\/div>\n\t\t\t\t<\/div>\n\t\t\t\t\t<\/div>\n\t\t<\/div>\n\t\t\t\t\t<\/div>\n\t\t<\/section>\n\t\t\t\t<section class=\"elementor-section elementor-top-section elementor-element elementor-element-ce62c8b elementor-section-stretched elementor-section-boxed elementor-section-height-default elementor-section-height-default\" data-id=\"ce62c8b\" data-element_type=\"section\" data-settings=\"{&quot;stretch_section&quot;:&quot;section-stretched&quot;}\">\n\t\t\t\t\t\t<div class=\"elementor-container elementor-column-gap-default\">\n\t\t\t\t\t<div class=\"elementor-column elementor-col-100 elementor-top-column elementor-element elementor-element-55fcfa5\" data-id=\"55fcfa5\" data-element_type=\"column\">\n\t\t\t<div class=\"elementor-widget-wrap elementor-element-populated\">\n\t\t\t\t\t\t<div class=\"elementor-element elementor-element-8930722 elementor-widget elementor-widget-text-editor\" data-id=\"8930722\" data-element_type=\"widget\" data-widget_type=\"text-editor.default\">\n\t\t\t\t<div class=\"elementor-widget-container\">\n\t\t\t\t\t\t\t\t\t<h5><strong>Compozi\u021bie calitativ\u0103 si cantitativa<\/strong><strong style=\"color: var(--main); font-family: var(--font-headers), serif; letter-spacing: var(--font-headers-letterspacing); background-color: var(--white);\" data-darkreader-inline-color=\"\" data-darkreader-inline-bgcolor=\"\">:<\/strong><\/h5><p>Un ovul con\u021bine: subgalat de bismut \u2013 100 mg, colagen vegetal \u2013 15 mg, extract de cimbru (Thymus vulgaris) \u2013 10 mg, extract de goldenseal (Hydrastis canadensis) \u2013 10 mg, extract de g\u0103lbenele (Calendula offcinalis) \u2013 10 mg, extract de turmeric (Curcuma longa) \u2013 10 mg, hexylresorcinol \u2013 2 mg, gliceride semisintetice, lanolina anhidra, dioxid de siliciu coloidal.<\/p><h5><strong>Aspectul dispozitivului:<\/strong><\/h5><p>Ovule omogene, galbene p\u00e2na la galben \u00eenchis, f\u0103r\u0103 particule aglomerate sau bule de aer. Fiecare cutie con\u021bine 2 blistere cu c\u00e2te 5 ovule. Greutatea unui ovul este de 2 g<\/p><h5><strong>Utilizatorii dispozitivului:<\/strong><\/h5><p>CERVIRON<sup>\u00ae<\/sup> este indicat femeilor adulte (inclusiv femeilor aflate la menopauz\u0103).<\/p><h5><strong>La ce este utilizat:<\/strong><\/h5><p style=\"margin-bottom: 0in; line-height: normal;\"><span lang=\"EN-GB\">CERVIRON<sup>\u00ae<\/sup> este indicat pentru tratamentul:<\/span><\/p><p style=\"margin-bottom: 0in; line-height: normal;\"><span lang=\"EN-GB\">\u00a0<\/span><\/p><ul><li>vulvovaginitei acute si cronice de etilologie atrofica, aeroba, traumatica si infectioasa;<\/li><li>eroziunilor de col uterin;<\/li><li>s\u00e2nger\u0103rilor vaginale de origine traumatic\u0103;<\/li><li>perturb\u0103rilor pH-ului vaginal \u0219i a florei vaginale normale.<\/li><\/ul><p>Poate fi utilizat \u0219i pentru recuperarea postoperatorie dup\u0103 interven\u021bii chirurgicale ginecologice \u0219i ca adjuvant \u00een tratamentul cu antibiotice sau antifungice.<\/p><h5><strong>Indica\u021bii:<\/strong><\/h5><p>CERVIRON<sup>\u00ae<\/sup> este un dispozitiv medical destinat utiliz\u0103rii \u00een tratamentul vulvovaginitei acute \u0219i cronice de etiologie atrofic\u0103, aerob\u0103, traumatic\u0103 \u0219i infec\u021bioas\u0103, a eroziunilor de col uterin de origine traumatic\u0103 sau infec\u021bioas\u0103 \u0219i a s\u0103nger\u0103rilor provocate de acestea, \u00een recuperarea postoperatorie dup\u0103 interven\u021bii chirurgicale ginecologice, pentru restabilirea pH-ului \u0219i a florei vaginale normale, precum \u0219i ca adjuvant \u00een tratamentul cu medicamente antibiotice si antifungice.<\/p><p><strong>CERVIRON<sup>\u00ae<\/sup> este indicat pentru tratamentul urm\u0103toarelor simptome:<\/strong><\/p><ul><li>prurit vulvo-vaginal;<\/li><li>senza\u021bii de arsur\u0103 la nivelul mucoasei vaginale;<\/li><li>eritem vulvo-vaginal;<\/li><li>leucoree patologic\u0103;<\/li><li>dispareunie;<\/li><li>disurie;<\/li><li>s\u00e2ngerari vaginale asociate eroziunilor colului uterin.<\/li><\/ul><p>CERVIRON<sup>\u00ae<\/sup> poate fi utilizat singur sau \u00een combina\u021biie cu un tratament medicamentos specific pentru afec\u021biunile ginecologice.<\/p><h5><strong>Contraindica\u021bii:<\/strong><\/h5><p>Nu utiliza\u021bi CERVIRON<sup>\u00ae<\/sup> \u00een caz de hipersensibilitate la oricare dintre componentele produsului.<\/p><h5><strong>Sarcin\u0103 \u0219i al\u0103ptare:<\/strong><\/h5><p>Din cauza absen\u021bei datelor clinice suficiente, nu este recomandat\u0103 administrarea ovulelor CERVIRON<sup>\u00ae<\/sup> femeilor \u00eens\u0103rcinate. Este recomandat s\u0103 consulta\u021bi medicul \u00een acest caz. Nu trebuie luate m\u0103suri de precau\u021bie atunci c\u00e2nd este utilizat \u00een timpul al\u0103pt\u0103rii.<\/p><h5><strong>Efecte asupra capacit\u0103\u021bii de a conduce vehicule \u0219i de a folosi utilaje:<\/strong><\/h5><p>Niciuna dintre componentele produsului nu afecteaz\u0103 capacitatea de a conduce vehicule sau de a folosi utilaje.<\/p><h5><strong>Interac\u021biuni cu alte produse:<\/strong><\/h5><p>Interac\u021biunile cu alte produse nu sunt cunoscute, din aceast\u0103 cauz\u0103 se recomand\u0103 consultarea medicului \u00eenainte de a utiliza CERVIRON<sup>\u00ae<\/sup> \u00eempreun\u0103 cu alte dispozitive medicale sau medicamente de uz vaginal.<\/p><h5><strong>Doze \u0219i mod de administrare:<\/strong><\/h5><p>Se administreaz\u0103 un ovul intravaginal, de preferin\u021b\u0103 seara \u00eenainte de culcare sau conform prescrip\u021biei medicale. Desprinde\u021bi o alveol\u0103 din blister prin ruperea de-a lungul liniei perforate, apoi deschide\u021bi alveola trag\u00e2nd \u00eencet cele doua straturi de la cap\u0103t, unde nu sunt sigilate \u00eempreuna. \u00cempinge\u021bi de la cel\u0103lalt cap\u0103t pentru a scoate ovulul. Este de preferat s\u0103 introduce\u021bi ovulul st\u00e2nd \u00een pozi\u021bia culcat. Introduce\u021bi ovulul c\u00e2t mai ad\u00e2nc posibil \u00een vagin. Utilizarea ovulelor \u00eencepe \u00een prima zi dup\u0103 menstrua\u021bie. Durata de administrare este de 10 sau 15 zile pe lun\u0103, sau conform indica\u021biilor medicului. Efectele pot aparea dup\u0103 prima lun\u0103 de tratament. Utilizarea se poate repeta c\u00e2teva luni p\u00e2n\u0103 la vindecare, sau pentru a consolida \u0219i men\u021bine efectele favorabile ob\u021binute.<\/p><h5><strong>Aten\u021bion\u0103ri \u0219i precau\u021bii speciale pentru utilizare:<\/strong><\/h5><ul><li>Datorit\u0103 compozi\u021biei produsului, \u00een general nu sunt necesare precau\u021bii.<\/li><li>Igieniza\u021bi-v\u0103 bine m\u00e2inile \u0219i zona intim\u0103 \u00eenainte de a administra ovulul.<\/li><li>Nu utiliza\u021bi ovule cu alveole deteriorate sau cu urme de substan\u021b\u0103 pe exteriorul alveolelor.<\/li><li>Nu folosi\u021bi ovule cu aspect neuniform sau care prezint\u0103 urme de particule aglomerate.<\/li><li>Nu diviza\u021bi ovulele.<\/li><li>A nu se l\u0103sa la \u00eendem\u00e2na \u0219i vederea copiilor.<\/li><li>Produsul este destinat utiliz\u0103rii vaginale. A nu se \u00eenghi\u021bi.<\/li><li>Evita\u021bi contactul produsului cu ochii.<\/li><li>Nu utiliza\u021bi produsul dup\u0103 data de expirare indicat\u0103 pe ambalaj \u0219i blister.<\/li><li>Utilizarea dispozitivului medical poate afecta efcacitatea prezervativelor \u0219i a diafragmelor din latex.<\/li><li>Informa\u021bi-v\u0103 medicul dac\u0103 planui\u021bi s\u0103 ram\u00e2ne\u021bi \u00eensarcinat\u0103.<\/li><li>Informa\u021bi produc\u0103torul sau autorit\u0103\u021bile competente cu privire la orice incident serios legat de utilizarea dispozitivului medical CERVIRON<sup>\u00ae<\/sup><\/li><\/ul><h5><strong>Efecte secundare:<\/strong><\/h5><p>Utilizarea produselor topice pentru o perioad\u0103 lung\u0103 de timp poate provoca irita\u021bii locale \u0219i\/sau sensibilizare. Dac\u0103 apar reac\u021bii adverse, \u00eentrerupe\u021bi imediat tratamentul \u0219i contacta\u021bi medicul sau farmacistul. Orice incident serios care a avut loc \u00een legatur\u0103 cu dispozitivul medical trebuie raportat produc\u0103torului \u0219i autorit\u0103\u021bii competente a statului membru \u00een care este stabilit pacientul.<\/p><h5><strong>Supradozaj:<\/strong><\/h5><p>Nu se cunosc cazuri de supradozaj. Substan\u021bele con\u021binute nu se absorb sistemic, se elimin\u0103 \u00een mod natural \u00een maxim 24 de ore de la administrare.<\/p><h5><strong>Expirare, depozitare \u0219i eliminare:<\/strong><\/h5><p>A se p\u0103stra la temperaturi cuprinse \u00eentre 2 \u2013 25 \u00b0C \u00een ambalajul original, protejat de lumin\u0103 direct\u0103 a soarelui. Termenul de valabilitate \u00eenscris pe ambalaj se refer\u0103 la produsul depozitat \u00een condi\u021biile prev\u0103zute de produc\u0103tor. Dispozitivul medical nu trebuie aruncat pe calea apei reziduale sau a rezidurilor menajere. \u00centreb\u0103\u021bi farmacistul cum s\u0103 elimina\u021bi dispozitivele medicale pe care nu le mai folosi\u021bi.<\/p><h5><strong>Produc\u0103tor:<\/strong><\/h5><p>Perfect Care Manufacturing S.R.L., Strada Complexului nr. 82, 085200 Mihaile\u0219ti, jud. Giurgiu, Rom\u00e2nia., https:\/\/www.perfectcare.ro, contact@perfectcare.ro, Data emiterii: 21.01.2024, CE 1282<\/p>\t\t\t\t\t\t\t\t<\/div>\n\t\t\t\t<\/div>\n\t\t\t\t\t<\/div>\n\t\t<\/div>\n\t\t\t\t\t<\/div>\n\t\t<\/section>\n\t\t\t\t<\/div>\n\t\t","protected":false},"excerpt":{"rendered":"<p>Instruc\u021biuni de folosire: Compozi\u021bie calitativ\u0103 si cantitativa: Un ovul con\u021bine: subgalat de bismut \u2013 100 mg, colagen vegetal \u2013 15 mg, extract de cimbru (Thymus vulgaris) \u2013 10 mg, extract de goldenseal (Hydrastis canadensis) \u2013 10 mg, extract de g\u0103lbenele (Calendula offcinalis) \u2013 10 mg, extract de turmeric (Curcuma longa) \u2013 10 mg, hexylresorcinol \u2013 [&hellip;]<\/p>\n","protected":false},"author":1,"featured_media":0,"parent":0,"menu_order":0,"comment_status":"closed","ping_status":"closed","template":"page-templates\/full-width.php","meta":{"footnotes":""},"class_list":["post-21876","page","type-page","status-publish","hentry"],"yoast_head":"<!-- This site is optimized with the Yoast SEO plugin v24.9 - https:\/\/yoast.com\/wordpress\/plugins\/seo\/ -->\n<title>Prospect - Ovule Vaginale | Cerviron Ovule<\/title>\n<meta name=\"description\" content=\"Prospect Cerviron ovule. Indica\u021bii. Compozi\u021bie. Cerviron ovule este benefic \u00een tratarea vulvovaginitelor de natur\u0103 neinfec\u021bioas\u0103 \u0219i a eroziunilor de col uterin\" \/>\n<meta name=\"robots\" content=\"index, follow, max-snippet:-1, max-image-preview:large, max-video-preview:-1\" \/>\n<link rel=\"canonical\" href=\"https:\/\/cerviron.com\/ro\/prospect\/\" \/>\n<meta property=\"og:locale\" content=\"ro_RO\" \/>\n<meta property=\"og:type\" content=\"article\" \/>\n<meta property=\"og:title\" content=\"Prospect - Ovule Vaginale | Cerviron Ovule\" \/>\n<meta property=\"og:description\" content=\"Prospect Cerviron ovule. Indica\u021bii. Compozi\u021bie. Cerviron ovule este benefic \u00een tratarea vulvovaginitelor de natur\u0103 neinfec\u021bioas\u0103 \u0219i a eroziunilor de col uterin\" \/>\n<meta property=\"og:url\" content=\"https:\/\/cerviron.com\/ro\/prospect\/\" \/>\n<meta property=\"og:site_name\" content=\"Cerviron\" \/>\n<meta property=\"article:modified_time\" content=\"2026-03-31T16:03:01+00:00\" \/>\n<meta property=\"og:image\" content=\"https:\/\/cerviron.com\/wp-content\/uploads\/2026\/03\/cerviron-1200x1200-ro-300x300.png\" \/>\n<meta name=\"twitter:card\" content=\"summary_large_image\" \/>\n<meta name=\"twitter:label1\" content=\"Timp estimat pentru citire\" \/>\n\t<meta name=\"twitter:data1\" content=\"5 minute\" \/>\n<script type=\"application\/ld+json\" class=\"yoast-schema-graph\">{\"@context\":\"https:\/\/schema.org\",\"@graph\":[{\"@type\":\"WebPage\",\"@id\":\"https:\/\/cerviron.com\/ro\/prospect\/\",\"url\":\"https:\/\/cerviron.com\/ro\/prospect\/\",\"name\":\"Prospect - Ovule Vaginale | Cerviron Ovule\",\"isPartOf\":{\"@id\":\"https:\/\/cerviron.com\/ro\/#website\"},\"primaryImageOfPage\":{\"@id\":\"https:\/\/cerviron.com\/ro\/prospect\/#primaryimage\"},\"image\":{\"@id\":\"https:\/\/cerviron.com\/ro\/prospect\/#primaryimage\"},\"thumbnailUrl\":\"https:\/\/cerviron.com\/wp-content\/uploads\/2026\/03\/cerviron-1200x1200-ro-300x300.png\",\"datePublished\":\"2021-10-22T09:52:36+00:00\",\"dateModified\":\"2026-03-31T16:03:01+00:00\",\"description\":\"Prospect Cerviron ovule. Indica\u021bii. Compozi\u021bie. Cerviron ovule este benefic \u00een tratarea vulvovaginitelor de natur\u0103 neinfec\u021bioas\u0103 \u0219i a eroziunilor de col uterin\",\"breadcrumb\":{\"@id\":\"https:\/\/cerviron.com\/ro\/prospect\/#breadcrumb\"},\"inLanguage\":\"ro-RO\",\"potentialAction\":[{\"@type\":\"ReadAction\",\"target\":[\"https:\/\/cerviron.com\/ro\/prospect\/\"]}]},{\"@type\":\"ImageObject\",\"inLanguage\":\"ro-RO\",\"@id\":\"https:\/\/cerviron.com\/ro\/prospect\/#primaryimage\",\"url\":\"https:\/\/cerviron.com\/wp-content\/uploads\/2026\/03\/cerviron-1200x1200-ro-300x300.png\",\"contentUrl\":\"https:\/\/cerviron.com\/wp-content\/uploads\/2026\/03\/cerviron-1200x1200-ro-300x300.png\"},{\"@type\":\"BreadcrumbList\",\"@id\":\"https:\/\/cerviron.com\/ro\/prospect\/#breadcrumb\",\"itemListElement\":[{\"@type\":\"ListItem\",\"position\":1,\"name\":\"Home\",\"item\":\"https:\/\/cerviron.com\/ro\/\"},{\"@type\":\"ListItem\",\"position\":2,\"name\":\"Prospect\"}]},{\"@type\":\"WebSite\",\"@id\":\"https:\/\/cerviron.com\/ro\/#website\",\"url\":\"https:\/\/cerviron.com\/ro\/\",\"name\":\"Cerviron\",\"description\":\"Ovule vaginale\",\"publisher\":{\"@id\":\"https:\/\/cerviron.com\/ro\/#organization\"},\"potentialAction\":[{\"@type\":\"SearchAction\",\"target\":{\"@type\":\"EntryPoint\",\"urlTemplate\":\"https:\/\/cerviron.com\/ro\/?s={search_term_string}\"},\"query-input\":{\"@type\":\"PropertyValueSpecification\",\"valueRequired\":true,\"valueName\":\"search_term_string\"}}],\"inLanguage\":\"ro-RO\"},{\"@type\":\"Organization\",\"@id\":\"https:\/\/cerviron.com\/ro\/#organization\",\"name\":\"Cerviron\",\"url\":\"https:\/\/cerviron.com\/ro\/\",\"logo\":{\"@type\":\"ImageObject\",\"inLanguage\":\"ro-RO\",\"@id\":\"https:\/\/cerviron.com\/ro\/#\/schema\/logo\/image\/\",\"url\":\"http:\/\/cerviron.com\/wp-content\/uploads\/2019\/06\/logo-09-1.png\",\"contentUrl\":\"http:\/\/cerviron.com\/wp-content\/uploads\/2019\/06\/logo-09-1.png\",\"width\":663,\"height\":94,\"caption\":\"Cerviron\"},\"image\":{\"@id\":\"https:\/\/cerviron.com\/ro\/#\/schema\/logo\/image\/\"}}]}<\/script>\n<!-- \/ Yoast SEO plugin. -->","yoast_head_json":{"title":"Prospect - Ovule Vaginale | Cerviron Ovule","description":"Prospect Cerviron ovule. Indica\u021bii. Compozi\u021bie. Cerviron ovule este benefic \u00een tratarea vulvovaginitelor de natur\u0103 neinfec\u021bioas\u0103 \u0219i a eroziunilor de col uterin","robots":{"index":"index","follow":"follow","max-snippet":"max-snippet:-1","max-image-preview":"max-image-preview:large","max-video-preview":"max-video-preview:-1"},"canonical":"https:\/\/cerviron.com\/ro\/prospect\/","og_locale":"ro_RO","og_type":"article","og_title":"Prospect - Ovule Vaginale | Cerviron Ovule","og_description":"Prospect Cerviron ovule. Indica\u021bii. Compozi\u021bie. Cerviron ovule este benefic \u00een tratarea vulvovaginitelor de natur\u0103 neinfec\u021bioas\u0103 \u0219i a eroziunilor de col uterin","og_url":"https:\/\/cerviron.com\/ro\/prospect\/","og_site_name":"Cerviron","article_modified_time":"2026-03-31T16:03:01+00:00","og_image":[{"url":"https:\/\/cerviron.com\/wp-content\/uploads\/2026\/03\/cerviron-1200x1200-ro-300x300.png","type":"","width":"","height":""}],"twitter_card":"summary_large_image","twitter_misc":{"Timp estimat pentru citire":"5 minute"},"schema":{"@context":"https:\/\/schema.org","@graph":[{"@type":"WebPage","@id":"https:\/\/cerviron.com\/ro\/prospect\/","url":"https:\/\/cerviron.com\/ro\/prospect\/","name":"Prospect - Ovule Vaginale | Cerviron Ovule","isPartOf":{"@id":"https:\/\/cerviron.com\/ro\/#website"},"primaryImageOfPage":{"@id":"https:\/\/cerviron.com\/ro\/prospect\/#primaryimage"},"image":{"@id":"https:\/\/cerviron.com\/ro\/prospect\/#primaryimage"},"thumbnailUrl":"https:\/\/cerviron.com\/wp-content\/uploads\/2026\/03\/cerviron-1200x1200-ro-300x300.png","datePublished":"2021-10-22T09:52:36+00:00","dateModified":"2026-03-31T16:03:01+00:00","description":"Prospect Cerviron ovule. Indica\u021bii. Compozi\u021bie. Cerviron ovule este benefic \u00een tratarea vulvovaginitelor de natur\u0103 neinfec\u021bioas\u0103 \u0219i a eroziunilor de col uterin","breadcrumb":{"@id":"https:\/\/cerviron.com\/ro\/prospect\/#breadcrumb"},"inLanguage":"ro-RO","potentialAction":[{"@type":"ReadAction","target":["https:\/\/cerviron.com\/ro\/prospect\/"]}]},{"@type":"ImageObject","inLanguage":"ro-RO","@id":"https:\/\/cerviron.com\/ro\/prospect\/#primaryimage","url":"https:\/\/cerviron.com\/wp-content\/uploads\/2026\/03\/cerviron-1200x1200-ro-300x300.png","contentUrl":"https:\/\/cerviron.com\/wp-content\/uploads\/2026\/03\/cerviron-1200x1200-ro-300x300.png"},{"@type":"BreadcrumbList","@id":"https:\/\/cerviron.com\/ro\/prospect\/#breadcrumb","itemListElement":[{"@type":"ListItem","position":1,"name":"Home","item":"https:\/\/cerviron.com\/ro\/"},{"@type":"ListItem","position":2,"name":"Prospect"}]},{"@type":"WebSite","@id":"https:\/\/cerviron.com\/ro\/#website","url":"https:\/\/cerviron.com\/ro\/","name":"Cerviron","description":"Ovule vaginale","publisher":{"@id":"https:\/\/cerviron.com\/ro\/#organization"},"potentialAction":[{"@type":"SearchAction","target":{"@type":"EntryPoint","urlTemplate":"https:\/\/cerviron.com\/ro\/?s={search_term_string}"},"query-input":{"@type":"PropertyValueSpecification","valueRequired":true,"valueName":"search_term_string"}}],"inLanguage":"ro-RO"},{"@type":"Organization","@id":"https:\/\/cerviron.com\/ro\/#organization","name":"Cerviron","url":"https:\/\/cerviron.com\/ro\/","logo":{"@type":"ImageObject","inLanguage":"ro-RO","@id":"https:\/\/cerviron.com\/ro\/#\/schema\/logo\/image\/","url":"http:\/\/cerviron.com\/wp-content\/uploads\/2019\/06\/logo-09-1.png","contentUrl":"http:\/\/cerviron.com\/wp-content\/uploads\/2019\/06\/logo-09-1.png","width":663,"height":94,"caption":"Cerviron"},"image":{"@id":"https:\/\/cerviron.com\/ro\/#\/schema\/logo\/image\/"}}]}},"_links":{"self":[{"href":"https:\/\/cerviron.com\/ro\/wp-json\/wp\/v2\/pages\/21876","targetHints":{"allow":["GET"]}}],"collection":[{"href":"https:\/\/cerviron.com\/ro\/wp-json\/wp\/v2\/pages"}],"about":[{"href":"https:\/\/cerviron.com\/ro\/wp-json\/wp\/v2\/types\/page"}],"author":[{"embeddable":true,"href":"https:\/\/cerviron.com\/ro\/wp-json\/wp\/v2\/users\/1"}],"replies":[{"embeddable":true,"href":"https:\/\/cerviron.com\/ro\/wp-json\/wp\/v2\/comments?post=21876"}],"version-history":[{"count":42,"href":"https:\/\/cerviron.com\/ro\/wp-json\/wp\/v2\/pages\/21876\/revisions"}],"predecessor-version":[{"id":29283,"href":"https:\/\/cerviron.com\/ro\/wp-json\/wp\/v2\/pages\/21876\/revisions\/29283"}],"wp:attachment":[{"href":"https:\/\/cerviron.com\/ro\/wp-json\/wp\/v2\/media?parent=21876"}],"curies":[{"name":"wp","href":"https:\/\/api.w.org\/{rel}","templated":true}]}}