{"id":21881,"date":"2021-10-22T08:34:49","date_gmt":"2021-10-22T06:34:49","guid":{"rendered":"http:\/\/cerviron.com\/post-operatory-care\/"},"modified":"2023-02-21T12:11:27","modified_gmt":"2023-02-21T10:11:27","slug":"beneficiile-cerviron-ovule-in-ingrijirea-post-operatorie-a-ranilor-pe-col-uterin","status":"publish","type":"page","link":"https:\/\/cerviron.com\/ro\/beneficiile-cerviron-ovule-in-ingrijirea-post-operatorie-a-ranilor-pe-col-uterin\/","title":{"rendered":"Ingrijire post operatorie"},"content":{"rendered":"\t\t<div data-elementor-type=\"wp-page\" data-elementor-id=\"21881\" class=\"elementor elementor-21881\">\n\t\t\t\t\t\t<section class=\"elementor-section elementor-top-section elementor-element elementor-element-a3d06a7 elementor-section-stretched elementor-section-boxed elementor-section-height-default elementor-section-height-default\" data-id=\"a3d06a7\" data-element_type=\"section\" data-settings=\"{&quot;stretch_section&quot;:&quot;section-stretched&quot;,&quot;background_background&quot;:&quot;classic&quot;}\">\n\t\t\t\t\t\t<div class=\"elementor-container elementor-column-gap-default\">\n\t\t\t\t\t<div class=\"elementor-column elementor-col-100 elementor-top-column elementor-element elementor-element-1a43603\" data-id=\"1a43603\" data-element_type=\"column\">\n\t\t\t<div class=\"elementor-widget-wrap elementor-element-populated\">\n\t\t\t\t\t\t<div class=\"elementor-element elementor-element-ffb64c8 elementor-widget elementor-widget-lte-zoomslider\" data-id=\"ffb64c8\" data-element_type=\"widget\" data-widget_type=\"lte-zoomslider.default\">\n\t\t\t\t<div class=\"elementor-widget-container\">\n\t\t\t\t\t<div class=\"lte-swiper-slider-wrapper\"><div class=\"lte-swiper-slider swiper-container lte-slider-swiper \" data-space-between=\"30\" data-arrows=\"right\" data-autoplay=\"4500\" data-autoplay-interaction=\"\" data-loop=\"\" data-speed=\"1000\" data-effect=\"fade\" data-slides-per-group=\"\" data-breakpoints=\"1;;;;;\"><div class=\"swiper-wrapper\"><div class=\"swiper-slide\">\t\t<div data-elementor-type=\"wp-post\" data-elementor-id=\"21978\" class=\"elementor elementor-21978\">\n\t\t\t\t\t\t<section class=\"elementor-section elementor-top-section elementor-element elementor-element-26c0dc9 elementor-section-stretched elementor-section-boxed elementor-section-height-default elementor-section-height-default\" data-id=\"26c0dc9\" data-element_type=\"section\" data-settings=\"{&quot;background_background&quot;:&quot;classic&quot;,&quot;stretch_section&quot;:&quot;section-stretched&quot;}\">\n\t\t\t\t\t\t<div class=\"elementor-container elementor-column-gap-default\">\n\t\t\t\t\t<div class=\"elementor-column elementor-col-50 elementor-top-column elementor-element elementor-element-28437ea lte-col-slider-left\" data-id=\"28437ea\" data-element_type=\"column\">\n\t\t\t<div class=\"elementor-widget-wrap elementor-element-populated\">\n\t\t\t\t\t\t<div class=\"elementor-element elementor-element-050fa58 lte-heading-style-header-underline elementor-widget elementor-widget-lte-header\" data-id=\"050fa58\" data-element_type=\"widget\" data-widget_type=\"lte-header.default\">\n\t\t\t\t<div class=\"elementor-widget-container\">\n\t\t\t\t\t<div class=\"lte-heading lte-style-header-underline lte-color-main lte-subcolor-white heading-tag-h1 heading-subtag-h6\"><div class=\"lte-heading-content\"><h1 class=\"lte-header\">Cerviron ovule<br \/>\n\u00een \u00eengrijirea postoperatorie a r\u0103nilor pe col uterin<\/h1><\/div><\/div>\t\t\t\t<\/div>\n\t\t\t\t<\/div>\n\t\t\t\t\t<\/div>\n\t\t<\/div>\n\t\t\t\t<div class=\"elementor-column elementor-col-50 elementor-top-column elementor-element elementor-element-e4aeb1d\" data-id=\"e4aeb1d\" data-element_type=\"column\">\n\t\t\t<div class=\"elementor-widget-wrap elementor-element-populated\">\n\t\t\t\t\t\t<div class=\"elementor-element elementor-element-05f7755 elementor-widget elementor-widget-image\" data-id=\"05f7755\" data-element_type=\"widget\" data-widget_type=\"image.default\">\n\t\t\t\t<div class=\"elementor-widget-container\">\n\t\t\t\t\t\t\t\t\t\t\t\t\t\t\t<img fetchpriority=\"high\" decoding=\"async\" width=\"718\" height=\"400\" src=\"https:\/\/cerviron.com\/wp-content\/uploads\/2021\/10\/poze-slider-cerviron-4.jpg\" class=\"attachment-full size-full wp-image-21398\" alt=\"\" srcset=\"https:\/\/cerviron.com\/wp-content\/uploads\/2021\/10\/poze-slider-cerviron-4.jpg 718w, https:\/\/cerviron.com\/wp-content\/uploads\/2021\/10\/poze-slider-cerviron-4-300x167.jpg 300w, https:\/\/cerviron.com\/wp-content\/uploads\/2021\/10\/poze-slider-cerviron-4-100x56.jpg 100w, https:\/\/cerviron.com\/wp-content\/uploads\/2021\/10\/poze-slider-cerviron-4-480x267.jpg 480w, https:\/\/cerviron.com\/wp-content\/uploads\/2021\/10\/poze-slider-cerviron-4-600x334.jpg 600w\" sizes=\"(max-width: 718px) 100vw, 718px\" \/>\t\t\t\t\t\t\t\t\t\t\t\t\t\t\t<\/div>\n\t\t\t\t<\/div>\n\t\t\t\t\t<\/div>\n\t\t<\/div>\n\t\t\t\t\t<\/div>\n\t\t<\/section>\n\t\t\t\t<\/div>\n\t\t<\/div><div class=\"swiper-slide\">\t\t<div data-elementor-type=\"wp-post\" data-elementor-id=\"21995\" class=\"elementor elementor-21995\">\n\t\t\t\t\t\t<section class=\"elementor-section elementor-top-section elementor-element elementor-element-26c0dc9 elementor-section-stretched elementor-section-boxed elementor-section-height-default elementor-section-height-default\" data-id=\"26c0dc9\" data-element_type=\"section\" data-settings=\"{&quot;background_background&quot;:&quot;classic&quot;,&quot;stretch_section&quot;:&quot;section-stretched&quot;}\">\n\t\t\t\t\t\t<div class=\"elementor-container elementor-column-gap-default\">\n\t\t\t\t\t<div class=\"elementor-column elementor-col-50 elementor-top-column elementor-element elementor-element-28437ea lte-col-slider-left\" data-id=\"28437ea\" data-element_type=\"column\">\n\t\t\t<div class=\"elementor-widget-wrap elementor-element-populated\">\n\t\t\t\t\t\t<div class=\"elementor-element elementor-element-050fa58 lte-heading-style-header-underline elementor-widget elementor-widget-lte-header\" data-id=\"050fa58\" data-element_type=\"widget\" data-widget_type=\"lte-header.default\">\n\t\t\t\t<div class=\"elementor-widget-container\">\n\t\t\t\t\t<div class=\"lte-heading lte-style-header-underline lte-color-main lte-subcolor-white heading-tag-h1 heading-subtag-h6\"><div class=\"lte-heading-content\"><h1 class=\"lte-header\">Cerviron ovule<br \/>\n\u00een \u00eengrijirea postoperatorie a r\u0103nilor pe col uterin<\/h1><\/div><\/div>\t\t\t\t<\/div>\n\t\t\t\t<\/div>\n\t\t\t\t\t<\/div>\n\t\t<\/div>\n\t\t\t\t<div class=\"elementor-column elementor-col-50 elementor-top-column elementor-element elementor-element-e4aeb1d\" data-id=\"e4aeb1d\" data-element_type=\"column\">\n\t\t\t<div class=\"elementor-widget-wrap elementor-element-populated\">\n\t\t\t\t\t\t<div class=\"elementor-element elementor-element-05f7755 elementor-widget elementor-widget-image\" data-id=\"05f7755\" data-element_type=\"widget\" data-widget_type=\"image.default\">\n\t\t\t\t<div class=\"elementor-widget-container\">\n\t\t\t\t\t\t\t\t\t\t\t\t\t\t\t<img decoding=\"async\" width=\"718\" height=\"400\" src=\"https:\/\/cerviron.com\/wp-content\/uploads\/2019\/06\/poze-slider-cerviron10.jpg\" class=\"attachment-full size-full wp-image-21429\" alt=\"\" srcset=\"https:\/\/cerviron.com\/wp-content\/uploads\/2019\/06\/poze-slider-cerviron10.jpg 718w, https:\/\/cerviron.com\/wp-content\/uploads\/2019\/06\/poze-slider-cerviron10-300x167.jpg 300w, https:\/\/cerviron.com\/wp-content\/uploads\/2019\/06\/poze-slider-cerviron10-100x56.jpg 100w, https:\/\/cerviron.com\/wp-content\/uploads\/2019\/06\/poze-slider-cerviron10-480x267.jpg 480w, https:\/\/cerviron.com\/wp-content\/uploads\/2019\/06\/poze-slider-cerviron10-600x334.jpg 600w\" sizes=\"(max-width: 718px) 100vw, 718px\" \/>\t\t\t\t\t\t\t\t\t\t\t\t\t\t\t<\/div>\n\t\t\t\t<\/div>\n\t\t\t\t\t<\/div>\n\t\t<\/div>\n\t\t\t\t\t<\/div>\n\t\t<\/section>\n\t\t\t\t<\/div>\n\t\t<\/div><\/div><\/div>\r\n\t\t<\/div>\t\t\t\t<\/div>\n\t\t\t\t<\/div>\n\t\t\t\t\t<\/div>\n\t\t<\/div>\n\t\t\t\t\t<\/div>\n\t\t<\/section>\n\t\t\t\t<section class=\"elementor-section elementor-top-section elementor-element elementor-element-b317e0a elementor-section-stretched elementor-section-boxed elementor-section-height-default elementor-section-height-default\" data-id=\"b317e0a\" data-element_type=\"section\" data-settings=\"{&quot;stretch_section&quot;:&quot;section-stretched&quot;}\">\n\t\t\t\t\t\t<div class=\"elementor-container elementor-column-gap-default\">\n\t\t\t\t\t<div class=\"elementor-column elementor-col-100 elementor-top-column elementor-element elementor-element-b29185f\" data-id=\"b29185f\" data-element_type=\"column\">\n\t\t\t<div class=\"elementor-widget-wrap elementor-element-populated\">\n\t\t\t\t\t\t<div class=\"elementor-element elementor-element-f989cbf lte-heading-style-header-dash elementor-widget elementor-widget-lte-header\" data-id=\"f989cbf\" data-element_type=\"widget\" id=\"#post\" data-widget_type=\"lte-header.default\">\n\t\t\t\t<div class=\"elementor-widget-container\">\n\t\t\t\t\t<div class=\"lte-heading lte-size-sm lte-style-header-dash lte-subcolor-main heading-tag-h2 heading-subtag-h6\"><div class=\"lte-heading-content\"><h2 class=\"lte-header\">Beneficiile utiliz\u0103rii Cerviron ovule \u00een \u00eengrijirea postoperatorie a r\u0103nilor pe col uterin<\/h2><\/div><\/div>\t\t\t\t<\/div>\n\t\t\t\t<\/div>\n\t\t\t\t<div class=\"elementor-element elementor-element-23a1e7f elementor-widget elementor-widget-text-editor\" data-id=\"23a1e7f\" data-element_type=\"widget\" data-widget_type=\"text-editor.default\">\n\t\t\t\t<div class=\"elementor-widget-container\">\n\t\t\t\t\t\t\t\t\t<p>Succesul dup\u0103 procedurile obstetricale \u0219i ginecologice depinde de \u00eenchiderea corect\u0103 a pl\u0103gii.<\/p><p>Cerviron este un excelent adjuvant pentru accelerarea vindec\u0103rii eroziunilor cervicale. Favorizeaz\u0103 reepitelizarea \u021besutului deteriorat \u0219i refacerea colpo-ecosistemului ini\u021bial. Aplicarea sa local\u0103 a fost observat\u0103 a fi eficient\u0103 \u00een reducerea la minimum a inflama\u021biei dup\u0103 procedurile chirurgicale \u0219i, de asemenea, \u00een reducerea simptomelor nepl\u0103cute, cum ar fi scurgerile vaginale.<\/p>\t\t\t\t\t\t\t\t<\/div>\n\t\t\t\t<\/div>\n\t\t\t\t\t<\/div>\n\t\t<\/div>\n\t\t\t\t\t<\/div>\n\t\t<\/section>\n\t\t\t\t<section class=\"elementor-section elementor-top-section elementor-element elementor-element-968aafd elementor-section-stretched elementor-section-boxed elementor-section-height-default elementor-section-height-default\" data-id=\"968aafd\" data-element_type=\"section\" data-settings=\"{&quot;stretch_section&quot;:&quot;section-stretched&quot;,&quot;background_background&quot;:&quot;classic&quot;}\">\n\t\t\t\t\t\t<div class=\"elementor-container elementor-column-gap-default\">\n\t\t\t\t\t<div class=\"elementor-column elementor-col-50 elementor-top-column elementor-element elementor-element-ad24b99\" data-id=\"ad24b99\" data-element_type=\"column\">\n\t\t\t<div class=\"elementor-widget-wrap elementor-element-populated\">\n\t\t\t\t\t\t<div class=\"elementor-element elementor-element-2a1bc26 elementor-widget elementor-widget-text-editor\" data-id=\"2a1bc26\" data-element_type=\"widget\" data-widget_type=\"text-editor.default\">\n\t\t\t\t<div class=\"elementor-widget-container\">\n\t\t\t\t\t\t\t\t\t<p><strong>Cerviron ovule aduce avantajul vindec\u0103rii f\u0103r\u0103 cicatrici a r\u0103nilor, repar\u0103rii \u0219i regener\u0103rii \u021besuturilor \u0219i poate fi considerat\u0103 o terapie adjuvant\u0103 promi\u021b\u0103toare \u00een \u00eengrijirea postoperatorie.\u00cen ceea ce prive\u0219te evenimentele adverse, dispozitivul medical este considerat sigur, f\u0103r\u0103 evenimente adverse raportate in cadrul investigatiilor clinic.<\/strong><\/p>\t\t\t\t\t\t\t\t<\/div>\n\t\t\t\t<\/div>\n\t\t\t\t\t<\/div>\n\t\t<\/div>\n\t\t\t\t<div class=\"elementor-column elementor-col-50 elementor-top-column elementor-element elementor-element-b438771\" data-id=\"b438771\" data-element_type=\"column\">\n\t\t\t<div class=\"elementor-widget-wrap elementor-element-populated\">\n\t\t\t\t\t\t<div class=\"elementor-element elementor-element-6cf813a elementor-widget elementor-widget-image\" data-id=\"6cf813a\" data-element_type=\"widget\" data-widget_type=\"image.default\">\n\t\t\t\t<div class=\"elementor-widget-container\">\n\t\t\t\t\t\t\t\t\t\t\t\t\t\t\t<img decoding=\"async\" width=\"939\" height=\"646\" src=\"https:\/\/cerviron.com\/wp-content\/uploads\/2022\/01\/cutie-pagini-jos-en.png\" class=\"attachment-large size-large wp-image-22364\" alt=\"\" srcset=\"https:\/\/cerviron.com\/wp-content\/uploads\/2022\/01\/cutie-pagini-jos-en.png 939w, https:\/\/cerviron.com\/wp-content\/uploads\/2022\/01\/cutie-pagini-jos-en-300x206.png 300w, https:\/\/cerviron.com\/wp-content\/uploads\/2022\/01\/cutie-pagini-jos-en-768x528.png 768w, https:\/\/cerviron.com\/wp-content\/uploads\/2022\/01\/cutie-pagini-jos-en-100x69.png 100w, https:\/\/cerviron.com\/wp-content\/uploads\/2022\/01\/cutie-pagini-jos-en-800x550.png 800w\" sizes=\"(max-width: 939px) 100vw, 939px\" \/>\t\t\t\t\t\t\t\t\t\t\t\t\t\t\t<\/div>\n\t\t\t\t<\/div>\n\t\t\t\t\t<\/div>\n\t\t<\/div>\n\t\t\t\t\t<\/div>\n\t\t<\/section>\n\t\t\t\t<section class=\"elementor-section elementor-top-section elementor-element elementor-element-66a0d38 elementor-section-stretched elementor-section-boxed elementor-section-height-default elementor-section-height-default\" data-id=\"66a0d38\" data-element_type=\"section\" data-settings=\"{&quot;stretch_section&quot;:&quot;section-stretched&quot;}\">\n\t\t\t\t\t\t<div class=\"elementor-container elementor-column-gap-default\">\n\t\t\t\t\t<div class=\"elementor-column elementor-col-100 elementor-top-column elementor-element elementor-element-9ebf1ec\" data-id=\"9ebf1ec\" data-element_type=\"column\">\n\t\t\t<div class=\"elementor-widget-wrap\">\n\t\t\t\t\t\t\t<\/div>\n\t\t<\/div>\n\t\t\t\t\t<\/div>\n\t\t<\/section>\n\t\t\t\t<\/div>\n\t\t","protected":false},"excerpt":{"rendered":"<p>Cerviron ovule \u00een \u00eengrijirea postoperatorie a r\u0103nilor pe col uterin Cerviron ovule \u00een \u00eengrijirea postoperatorie a r\u0103nilor pe col uterin Beneficiile utiliz\u0103rii Cerviron ovule \u00een \u00eengrijirea postoperatorie a r\u0103nilor pe col uterin Succesul dup\u0103 procedurile obstetricale \u0219i ginecologice depinde de \u00eenchiderea corect\u0103 a pl\u0103gii. Cerviron este un excelent adjuvant pentru accelerarea vindec\u0103rii eroziunilor cervicale. Favorizeaz\u0103 [&hellip;]<\/p>\n","protected":false},"author":1,"featured_media":0,"parent":0,"menu_order":0,"comment_status":"closed","ping_status":"closed","template":"page-templates\/full-width.php","meta":{"footnotes":""},"class_list":["post-21881","page","type-page","status-publish","hentry"],"yoast_head":"<!-- This site is optimized with the Yoast SEO plugin v24.9 - https:\/\/yoast.com\/wordpress\/plugins\/seo\/ -->\n<title>Beneficiile utiliz\u0103rii Cerviron ovule \u00een \u00eengrijirea postoperatorie a r\u0103nilor pe col uterin<\/title>\n<meta name=\"description\" content=\"Cerviron ovule\u00a0au multiple beneficii \u00een procesul de vindecare a r\u0103nilor pe col uterin datorit\u0103 compu\u0219ilor activi din compozi\u021bie.\" \/>\n<meta name=\"robots\" content=\"index, follow, max-snippet:-1, max-image-preview:large, max-video-preview:-1\" \/>\n<link rel=\"canonical\" href=\"https:\/\/cerviron.com\/ro\/beneficiile-cerviron-ovule-in-ingrijirea-post-operatorie-a-ranilor-pe-col-uterin\/\" \/>\n<meta property=\"og:locale\" content=\"ro_RO\" \/>\n<meta property=\"og:type\" content=\"article\" \/>\n<meta property=\"og:title\" content=\"Beneficiile utiliz\u0103rii Cerviron ovule \u00een \u00eengrijirea postoperatorie a r\u0103nilor pe col uterin\" \/>\n<meta property=\"og:description\" content=\"Cerviron ovule\u00a0au multiple beneficii \u00een procesul de vindecare a r\u0103nilor pe col uterin datorit\u0103 compu\u0219ilor activi din compozi\u021bie.\" \/>\n<meta property=\"og:url\" content=\"https:\/\/cerviron.com\/ro\/beneficiile-cerviron-ovule-in-ingrijirea-post-operatorie-a-ranilor-pe-col-uterin\/\" \/>\n<meta property=\"og:site_name\" content=\"Cerviron\" \/>\n<meta property=\"article:modified_time\" content=\"2023-02-21T10:11:27+00:00\" \/>\n<meta property=\"og:image\" content=\"https:\/\/cerviron.com\/wp-content\/uploads\/2021\/10\/poze-slider-cerviron-4.jpg\" \/>\n<meta name=\"twitter:card\" content=\"summary_large_image\" \/>\n<meta name=\"twitter:label1\" content=\"Timp estimat pentru citire\" \/>\n\t<meta name=\"twitter:data1\" content=\"2 minute\" \/>\n<script type=\"application\/ld+json\" class=\"yoast-schema-graph\">{\"@context\":\"https:\/\/schema.org\",\"@graph\":[{\"@type\":\"WebPage\",\"@id\":\"https:\/\/cerviron.com\/ro\/beneficiile-cerviron-ovule-in-ingrijirea-post-operatorie-a-ranilor-pe-col-uterin\/\",\"url\":\"https:\/\/cerviron.com\/ro\/beneficiile-cerviron-ovule-in-ingrijirea-post-operatorie-a-ranilor-pe-col-uterin\/\",\"name\":\"Beneficiile utiliz\u0103rii Cerviron ovule \u00een \u00eengrijirea postoperatorie a r\u0103nilor pe col uterin\",\"isPartOf\":{\"@id\":\"https:\/\/cerviron.com\/ro\/#website\"},\"primaryImageOfPage\":{\"@id\":\"https:\/\/cerviron.com\/ro\/beneficiile-cerviron-ovule-in-ingrijirea-post-operatorie-a-ranilor-pe-col-uterin\/#primaryimage\"},\"image\":{\"@id\":\"https:\/\/cerviron.com\/ro\/beneficiile-cerviron-ovule-in-ingrijirea-post-operatorie-a-ranilor-pe-col-uterin\/#primaryimage\"},\"thumbnailUrl\":\"https:\/\/cerviron.com\/wp-content\/uploads\/2021\/10\/poze-slider-cerviron-4.jpg\",\"datePublished\":\"2021-10-22T06:34:49+00:00\",\"dateModified\":\"2023-02-21T10:11:27+00:00\",\"description\":\"Cerviron ovule\u00a0au multiple beneficii \u00een procesul de vindecare a r\u0103nilor pe col uterin datorit\u0103 compu\u0219ilor activi din compozi\u021bie.\",\"breadcrumb\":{\"@id\":\"https:\/\/cerviron.com\/ro\/beneficiile-cerviron-ovule-in-ingrijirea-post-operatorie-a-ranilor-pe-col-uterin\/#breadcrumb\"},\"inLanguage\":\"ro-RO\",\"potentialAction\":[{\"@type\":\"ReadAction\",\"target\":[\"https:\/\/cerviron.com\/ro\/beneficiile-cerviron-ovule-in-ingrijirea-post-operatorie-a-ranilor-pe-col-uterin\/\"]}]},{\"@type\":\"ImageObject\",\"inLanguage\":\"ro-RO\",\"@id\":\"https:\/\/cerviron.com\/ro\/beneficiile-cerviron-ovule-in-ingrijirea-post-operatorie-a-ranilor-pe-col-uterin\/#primaryimage\",\"url\":\"https:\/\/cerviron.com\/wp-content\/uploads\/2021\/10\/poze-slider-cerviron-4.jpg\",\"contentUrl\":\"https:\/\/cerviron.com\/wp-content\/uploads\/2021\/10\/poze-slider-cerviron-4.jpg\"},{\"@type\":\"BreadcrumbList\",\"@id\":\"https:\/\/cerviron.com\/ro\/beneficiile-cerviron-ovule-in-ingrijirea-post-operatorie-a-ranilor-pe-col-uterin\/#breadcrumb\",\"itemListElement\":[{\"@type\":\"ListItem\",\"position\":1,\"name\":\"Home\",\"item\":\"https:\/\/cerviron.com\/ro\/\"},{\"@type\":\"ListItem\",\"position\":2,\"name\":\"Ingrijire post operatorie\"}]},{\"@type\":\"WebSite\",\"@id\":\"https:\/\/cerviron.com\/ro\/#website\",\"url\":\"https:\/\/cerviron.com\/ro\/\",\"name\":\"Cerviron\",\"description\":\"Ovule vaginale\",\"publisher\":{\"@id\":\"https:\/\/cerviron.com\/ro\/#organization\"},\"potentialAction\":[{\"@type\":\"SearchAction\",\"target\":{\"@type\":\"EntryPoint\",\"urlTemplate\":\"https:\/\/cerviron.com\/ro\/?s={search_term_string}\"},\"query-input\":{\"@type\":\"PropertyValueSpecification\",\"valueRequired\":true,\"valueName\":\"search_term_string\"}}],\"inLanguage\":\"ro-RO\"},{\"@type\":\"Organization\",\"@id\":\"https:\/\/cerviron.com\/ro\/#organization\",\"name\":\"Cerviron\",\"url\":\"https:\/\/cerviron.com\/ro\/\",\"logo\":{\"@type\":\"ImageObject\",\"inLanguage\":\"ro-RO\",\"@id\":\"https:\/\/cerviron.com\/ro\/#\/schema\/logo\/image\/\",\"url\":\"http:\/\/cerviron.com\/wp-content\/uploads\/2019\/06\/logo-09-1.png\",\"contentUrl\":\"http:\/\/cerviron.com\/wp-content\/uploads\/2019\/06\/logo-09-1.png\",\"width\":663,\"height\":94,\"caption\":\"Cerviron\"},\"image\":{\"@id\":\"https:\/\/cerviron.com\/ro\/#\/schema\/logo\/image\/\"}}]}<\/script>\n<!-- \/ Yoast SEO plugin. -->","yoast_head_json":{"title":"Beneficiile utiliz\u0103rii Cerviron ovule \u00een \u00eengrijirea postoperatorie a r\u0103nilor pe col uterin","description":"Cerviron ovule\u00a0au multiple beneficii \u00een procesul de vindecare a r\u0103nilor pe col uterin datorit\u0103 compu\u0219ilor activi din compozi\u021bie.","robots":{"index":"index","follow":"follow","max-snippet":"max-snippet:-1","max-image-preview":"max-image-preview:large","max-video-preview":"max-video-preview:-1"},"canonical":"https:\/\/cerviron.com\/ro\/beneficiile-cerviron-ovule-in-ingrijirea-post-operatorie-a-ranilor-pe-col-uterin\/","og_locale":"ro_RO","og_type":"article","og_title":"Beneficiile utiliz\u0103rii Cerviron ovule \u00een \u00eengrijirea postoperatorie a r\u0103nilor pe col uterin","og_description":"Cerviron ovule\u00a0au multiple beneficii \u00een procesul de vindecare a r\u0103nilor pe col uterin datorit\u0103 compu\u0219ilor activi din compozi\u021bie.","og_url":"https:\/\/cerviron.com\/ro\/beneficiile-cerviron-ovule-in-ingrijirea-post-operatorie-a-ranilor-pe-col-uterin\/","og_site_name":"Cerviron","article_modified_time":"2023-02-21T10:11:27+00:00","og_image":[{"url":"https:\/\/cerviron.com\/wp-content\/uploads\/2021\/10\/poze-slider-cerviron-4.jpg","type":"","width":"","height":""}],"twitter_card":"summary_large_image","twitter_misc":{"Timp estimat pentru citire":"2 minute"},"schema":{"@context":"https:\/\/schema.org","@graph":[{"@type":"WebPage","@id":"https:\/\/cerviron.com\/ro\/beneficiile-cerviron-ovule-in-ingrijirea-post-operatorie-a-ranilor-pe-col-uterin\/","url":"https:\/\/cerviron.com\/ro\/beneficiile-cerviron-ovule-in-ingrijirea-post-operatorie-a-ranilor-pe-col-uterin\/","name":"Beneficiile utiliz\u0103rii Cerviron ovule \u00een \u00eengrijirea postoperatorie a r\u0103nilor pe col uterin","isPartOf":{"@id":"https:\/\/cerviron.com\/ro\/#website"},"primaryImageOfPage":{"@id":"https:\/\/cerviron.com\/ro\/beneficiile-cerviron-ovule-in-ingrijirea-post-operatorie-a-ranilor-pe-col-uterin\/#primaryimage"},"image":{"@id":"https:\/\/cerviron.com\/ro\/beneficiile-cerviron-ovule-in-ingrijirea-post-operatorie-a-ranilor-pe-col-uterin\/#primaryimage"},"thumbnailUrl":"https:\/\/cerviron.com\/wp-content\/uploads\/2021\/10\/poze-slider-cerviron-4.jpg","datePublished":"2021-10-22T06:34:49+00:00","dateModified":"2023-02-21T10:11:27+00:00","description":"Cerviron ovule\u00a0au multiple beneficii \u00een procesul de vindecare a r\u0103nilor pe col uterin datorit\u0103 compu\u0219ilor activi din compozi\u021bie.","breadcrumb":{"@id":"https:\/\/cerviron.com\/ro\/beneficiile-cerviron-ovule-in-ingrijirea-post-operatorie-a-ranilor-pe-col-uterin\/#breadcrumb"},"inLanguage":"ro-RO","potentialAction":[{"@type":"ReadAction","target":["https:\/\/cerviron.com\/ro\/beneficiile-cerviron-ovule-in-ingrijirea-post-operatorie-a-ranilor-pe-col-uterin\/"]}]},{"@type":"ImageObject","inLanguage":"ro-RO","@id":"https:\/\/cerviron.com\/ro\/beneficiile-cerviron-ovule-in-ingrijirea-post-operatorie-a-ranilor-pe-col-uterin\/#primaryimage","url":"https:\/\/cerviron.com\/wp-content\/uploads\/2021\/10\/poze-slider-cerviron-4.jpg","contentUrl":"https:\/\/cerviron.com\/wp-content\/uploads\/2021\/10\/poze-slider-cerviron-4.jpg"},{"@type":"BreadcrumbList","@id":"https:\/\/cerviron.com\/ro\/beneficiile-cerviron-ovule-in-ingrijirea-post-operatorie-a-ranilor-pe-col-uterin\/#breadcrumb","itemListElement":[{"@type":"ListItem","position":1,"name":"Home","item":"https:\/\/cerviron.com\/ro\/"},{"@type":"ListItem","position":2,"name":"Ingrijire post operatorie"}]},{"@type":"WebSite","@id":"https:\/\/cerviron.com\/ro\/#website","url":"https:\/\/cerviron.com\/ro\/","name":"Cerviron","description":"Ovule vaginale","publisher":{"@id":"https:\/\/cerviron.com\/ro\/#organization"},"potentialAction":[{"@type":"SearchAction","target":{"@type":"EntryPoint","urlTemplate":"https:\/\/cerviron.com\/ro\/?s={search_term_string}"},"query-input":{"@type":"PropertyValueSpecification","valueRequired":true,"valueName":"search_term_string"}}],"inLanguage":"ro-RO"},{"@type":"Organization","@id":"https:\/\/cerviron.com\/ro\/#organization","name":"Cerviron","url":"https:\/\/cerviron.com\/ro\/","logo":{"@type":"ImageObject","inLanguage":"ro-RO","@id":"https:\/\/cerviron.com\/ro\/#\/schema\/logo\/image\/","url":"http:\/\/cerviron.com\/wp-content\/uploads\/2019\/06\/logo-09-1.png","contentUrl":"http:\/\/cerviron.com\/wp-content\/uploads\/2019\/06\/logo-09-1.png","width":663,"height":94,"caption":"Cerviron"},"image":{"@id":"https:\/\/cerviron.com\/ro\/#\/schema\/logo\/image\/"}}]}},"_links":{"self":[{"href":"https:\/\/cerviron.com\/ro\/wp-json\/wp\/v2\/pages\/21881","targetHints":{"allow":["GET"]}}],"collection":[{"href":"https:\/\/cerviron.com\/ro\/wp-json\/wp\/v2\/pages"}],"about":[{"href":"https:\/\/cerviron.com\/ro\/wp-json\/wp\/v2\/types\/page"}],"author":[{"embeddable":true,"href":"https:\/\/cerviron.com\/ro\/wp-json\/wp\/v2\/users\/1"}],"replies":[{"embeddable":true,"href":"https:\/\/cerviron.com\/ro\/wp-json\/wp\/v2\/comments?post=21881"}],"version-history":[{"count":23,"href":"https:\/\/cerviron.com\/ro\/wp-json\/wp\/v2\/pages\/21881\/revisions"}],"predecessor-version":[{"id":27997,"href":"https:\/\/cerviron.com\/ro\/wp-json\/wp\/v2\/pages\/21881\/revisions\/27997"}],"wp:attachment":[{"href":"https:\/\/cerviron.com\/ro\/wp-json\/wp\/v2\/media?parent=21881"}],"curies":[{"name":"wp","href":"https:\/\/api.w.org\/{rel}","templated":true}]}}