{"id":28130,"date":"2025-09-29T01:19:25","date_gmt":"2025-09-28T23:19:25","guid":{"rendered":"https:\/\/cerviron.com\/vulvovaginate\/"},"modified":"2026-03-31T17:51:52","modified_gmt":"2026-03-31T15:51:52","slug":"vulvovaginate","status":"publish","type":"page","link":"https:\/\/cerviron.com\/ro\/vulvovaginate\/","title":{"rendered":"Vulvovaginite"},"content":{"rendered":"\t\t<div data-elementor-type=\"wp-page\" data-elementor-id=\"28130\" class=\"elementor elementor-28130 elementor-28092\">\n\t\t\t\t\t\t<section class=\"elementor-section elementor-top-section elementor-element elementor-element-7aa0318 lte-overflow-visible elementor-section-full_width elementor-section-height-default elementor-section-height-default\" data-id=\"7aa0318\" data-element_type=\"section\">\n\t\t\t\t\t\t<div class=\"elementor-container elementor-column-gap-default\">\n\t\t\t\t\t<div class=\"elementor-column elementor-col-100 elementor-top-column elementor-element elementor-element-69efb92\" data-id=\"69efb92\" data-element_type=\"column\" data-settings=\"{&quot;background_background&quot;:&quot;classic&quot;}\">\n\t\t\t<div class=\"elementor-widget-wrap elementor-element-populated\">\n\t\t\t\t\t\t<section class=\"elementor-section elementor-inner-section elementor-element elementor-element-b3f7e05 elementor-section-full_width elementor-section-height-default elementor-section-height-default\" data-id=\"b3f7e05\" data-element_type=\"section\" id=\"infla\">\n\t\t\t\t\t\t<div class=\"elementor-container elementor-column-gap-default\">\n\t\t\t\t\t<div class=\"elementor-column elementor-col-100 elementor-inner-column elementor-element elementor-element-d0f27be\" data-id=\"d0f27be\" data-element_type=\"column\">\n\t\t\t<div class=\"elementor-widget-wrap elementor-element-populated\">\n\t\t\t\t\t\t<div class=\"elementor-element elementor-element-2ad8f21 lte-heading-style-header-subheader-dash elementor-widget elementor-widget-lte-header\" data-id=\"2ad8f21\" data-element_type=\"widget\" data-widget_type=\"lte-header.default\">\n\t\t\t\t<div class=\"elementor-widget-container\">\n\t\t\t\t\t<div class=\"lte-heading lte-style-header-subheader-dash lte-color-second lte-subcolor-main heading-tag-h4 heading-subtag-h6\"><div class=\"lte-heading-content\"><h4 class=\"lte-header\"><span>CERVIRON \u00ceN TRATAMENTUL VULVOVAGINITELOR <\/span><\/h4><\/div><\/div>\t\t\t\t<\/div>\n\t\t\t\t<\/div>\n\t\t\t\t<div class=\"elementor-element elementor-element-9fa1d5d elementor-widget elementor-widget-text-editor\" data-id=\"9fa1d5d\" data-element_type=\"widget\" data-widget_type=\"text-editor.default\">\n\t\t\t\t<div class=\"elementor-widget-container\">\n\t\t\t\t\t\t\t\t\t<p>Vulvovaginita este inflama\u021bia vulvei \u0219i a vaginului. Se mai nume\u0219te \u0219i vaginit\u0103 sau vulvit\u0103. Este o afec\u021biune frecvent\u0103 &#8211; cel pu\u021bin o treime dintre femei o vor avea pe parcursul vie\u021bii lor. Apare cel mai adesea \u00een timpul anilor de reproducere.<\/p><p>Vaginita este termenul general care caracterizeaz\u0103 un spectru de tulbur\u0103ri vaginale cauzate de infec\u021bii, inflama\u021bii sau modific\u0103ri ale florei vaginale normale. Simptomele includ secre\u021bii vaginale anormale, mirosuri neplacute, m\u00e2nc\u0103rime, durere, disurie, disconfort \u0219i dispareunie.<\/p><p><strong>Cele mai frecvente tipuri de vaginite sunt cele cu bacterii aerobe sau parazite (Trichomonas vaginalis, Gardnerella vaginalis and Candida albicans) \u0219i reprezint\u0103 aproximativ 70% din cazuri.<\/strong><\/p><p>Vaginita nespecific\u0103 (denumit\u0103 \u0219i disbioz\u0103 vaginal\u0103) este o tulburare a microbiomului vaginal. Studii recente arat\u0103 c\u0103 disbioza vaginal\u0103 afecteaz\u0103 dob\u00e2ndirea virusului papiloma uman, persisten\u021ba \u0219i progresia premalignamentului cervical asociat.<\/p><p>30% din cazuri sunt vaginite nespecifice si au diverse cauze (iritante, alergice sau traumatice) inclusiv vaginit\u0103 atrofic\u0103, vaginita inflamatorie descuamativ\u0103 \u0219i vaginit\u0103 iritant\u0103\/alergic\u0103.<\/p><p>Exist\u0103 alte c\u00e2teva tipuri de vaginit\u0103 neinfec\u021bioas\u0103 \u00een practica clinic\u0103: vaginit\u0103 inflamatorie, vaginit\u0103 inflamatorie scuamoas\u0103, vaginit\u0103 iritant\u0103, vaginit\u0103 atrofic\u0103, vaginit\u0103 citolitice \u0219i vaginit\u0103 aerob\u0103.<\/p><p><strong>Factori principali care pot crea un risc major de a dezvolta vulvovaginit\u0103 neinfec\u021bioas\u0103, sunt:<\/strong><\/p><ul><li>contact sexual (formarea de abraziuni microscopice din cauza lubrifierii inadecvate ar favoriza patrunderea agentilor externi, posibila sursa de sensibilizare);<\/li><li>obiceiuri de igien\u0103 (folosirea excesiv\u0103 a s\u0103punurilor intime \u0219i a sp\u0103l\u0103rilor vaginale cre\u0219te semnificativ riscul de a contracta vulvovaginit\u0103 iritant\u0103);<\/li><li>\u00eembr\u0103c\u0103minte (obiceiul de a purta haine foarte str\u00e2mte, mai ales dac\u0103 sunt dintr-un material sintetic, ar contribui la modificarea ecosistemului vaginal, f\u0103c\u00e2ndu-l mai sensibil);<\/li><li>factori psihologici (unele femei cu vulvovaginit\u0103 neinfec\u021bioas\u0103 recurent\u0103 au o via\u021b\u0103 sexual\u0103 nesatisf\u0103c\u0103toare sau au adesea episoade depresive);<\/li><li>\u00cen unele cazuri, vaginita rezult\u0103 din organisme care se transmit \u00eentre partenerii sexuali, usc\u0103ciune vaginal\u0103 \u0219i lips\u0103 de estrogen;<\/li><li>Nivelurile sc\u0103zute de estrogen la femei dup\u0103 menopauz\u0103 pot provoca usc\u0103ciune vaginal\u0103 \u0219i sub\u021bierea pielii vaginului \u0219i vulvei. Ace\u0219ti factori pot duce la sau agrava m\u00e2nc\u0103rimi \u0219i arsuri genitale.<\/li><\/ul><p><strong>Administrarea CERVIRON<sup>\u00ae<\/sup> amelioreaz\u0103 semnificativ simptomele vaginitei simptomatice, nespecifice, neinfec\u021bioase, iar administrarea sa poate fi considerat\u0103 sigur\u0103. CERVIRON<sup>\u00ae<\/sup> poate fi utilizat ca terapie de sus\u021binere pe termen lung, fie ca tratament de sine st\u0103t\u0103tor, fie \u00een asociere cu alte terapii orale cu antibiotice, antifungice sau antivirale. Terapia de sus\u021binere cu CERVIRON<sup>\u00ae<\/sup> poate fi prescris\u0103 pentru 10 sau 15 zile consecutive. \u00cen timp ce echilibreaz\u0103 pH-ul vaginal, CERVIRON<sup>\u00ae<\/sup> reduce inflama\u021bia vaginal\u0103 \u0219i \u00eembun\u0103t\u0103\u021be\u0219te aspectul secre\u021biei vaginale dup\u0103 3 luni de terapie.<\/strong><\/p>\t\t\t\t\t\t\t\t<\/div>\n\t\t\t\t<\/div>\n\t\t\t\t\t<\/div>\n\t\t<\/div>\n\t\t\t\t\t<\/div>\n\t\t<\/section>\n\t\t\t\t\t<\/div>\n\t\t<\/div>\n\t\t\t\t\t<\/div>\n\t\t<\/section>\n\t\t\t\t<section class=\"lte-background-main elementor-section elementor-top-section elementor-element elementor-element-3e0f77da lte-overflow-visible lte-background-main elementor-section-stretched elementor-section-boxed elementor-section-height-default elementor-section-height-default\" data-id=\"3e0f77da\" data-element_type=\"section\" data-settings=\"{&quot;background_background&quot;:&quot;classic&quot;,&quot;stretch_section&quot;:&quot;section-stretched&quot;}\">\n\t\t\t\t\t\t<div class=\"elementor-container elementor-column-gap-default\">\n\t\t\t\t\t<div class=\"elementor-column elementor-col-100 elementor-top-column elementor-element elementor-element-4b845101\" data-id=\"4b845101\" data-element_type=\"column\" data-settings=\"{&quot;background_background&quot;:&quot;classic&quot;}\">\n\t\t\t<div class=\"elementor-widget-wrap elementor-element-populated\">\n\t\t\t\t\t\t<section class=\"elementor-section elementor-inner-section elementor-element elementor-element-3817ffba elementor-section-boxed elementor-section-height-default elementor-section-height-default\" data-id=\"3817ffba\" data-element_type=\"section\">\n\t\t\t\t\t\t<div class=\"elementor-container elementor-column-gap-default\">\n\t\t\t\t\t<div class=\"elementor-column elementor-col-50 elementor-inner-column elementor-element elementor-element-715c5a0e\" data-id=\"715c5a0e\" data-element_type=\"column\">\n\t\t\t<div class=\"elementor-widget-wrap elementor-element-populated\">\n\t\t\t\t\t\t<div class=\"elementor-element elementor-element-22216662 lte-heading-style-default elementor-widget elementor-widget-lte-header\" data-id=\"22216662\" data-element_type=\"widget\" data-widget_type=\"lte-header.default\">\n\t\t\t\t<div class=\"elementor-widget-container\">\n\t\t\t\t\t<div class=\"lte-heading lte-style-default lte-color-white lte-subcolor-white heading-tag-h4 heading-subtag-h6\"><div class=\"lte-heading-content\"><h4 class=\"lte-header\">Cum se administreaz\u0103 corect?<\/h4><\/div><\/div>\t\t\t\t<\/div>\n\t\t\t\t<\/div>\n\t\t\t\t<div class=\"elementor-element elementor-element-381264b6 elementor-widget__width-initial lte-heading-style-header-subheader elementor-widget elementor-widget-lte-header\" data-id=\"381264b6\" data-element_type=\"widget\" data-widget_type=\"lte-header.default\">\n\t\t\t\t<div class=\"elementor-widget-container\">\n\t\t\t\t\t<div class=\"lte-heading lte-style-header-subheader lte-color-white lte-subcolor-second heading-tag-h6 heading-subtag-h6\"><div class=\"lte-heading-content\"><h6 class=\"lte-header\">1 ovul\/zi<br \/>\n10 sau 15 zile\/lun\u0103<br \/>\n<\/h6><\/div><\/div>\t\t\t\t<\/div>\n\t\t\t\t<\/div>\n\t\t\t\t<div class=\"elementor-element elementor-element-7e74ad2 elementor-widget__width-auto elementor-widget elementor-widget-lte-button\" data-id=\"7e74ad2\" data-element_type=\"widget\" data-widget_type=\"lte-button.default\">\n\t\t\t\t<div class=\"elementor-widget-container\">\n\t\t\t\t\t<div class=\"lte-btn-wrap\">\r\n\t<a href=\"https:\/\/cerviron.com\/ro\/cum-se-utilizeaza\/\"  class=\"lte-btn btn-lg btn-white color-hover-second\"><span class=\"lte-btn-inner\"><span class=\"lte-btn-before\"><\/span>Citeste mai mult<span class=\"lte-btn-after\"><\/span><\/span><\/a><\/div>\t\t\t\t<\/div>\n\t\t\t\t<\/div>\n\t\t\t\t<div class=\"elementor-element elementor-element-3aebf562 elementor-widget elementor-widget-spacer\" data-id=\"3aebf562\" data-element_type=\"widget\" data-widget_type=\"spacer.default\">\n\t\t\t\t<div class=\"elementor-widget-container\">\n\t\t\t\t\t\t\t<div class=\"elementor-spacer\">\n\t\t\t<div class=\"elementor-spacer-inner\"><\/div>\n\t\t<\/div>\n\t\t\t\t\t\t<\/div>\n\t\t\t\t<\/div>\n\t\t\t\t\t<\/div>\n\t\t<\/div>\n\t\t\t\t<div class=\"elementor-column elementor-col-50 elementor-inner-column elementor-element elementor-element-1d273fb7\" data-id=\"1d273fb7\" data-element_type=\"column\">\n\t\t\t<div class=\"elementor-widget-wrap elementor-element-populated\">\n\t\t\t\t\t\t<div class=\"elementor-element elementor-element-45f5dca2 elementor-widget elementor-widget-image\" data-id=\"45f5dca2\" data-element_type=\"widget\" data-widget_type=\"image.default\">\n\t\t\t\t<div class=\"elementor-widget-container\">\n\t\t\t\t\t\t\t\t\t\t\t\t\t\t\t<img decoding=\"async\" src=\"https:\/\/cerviron.com\/wp-content\/uploads\/2026\/03\/cerviron-1200x1200-ro-1.png\" title=\"\" alt=\"\" loading=\"lazy\" \/>\t\t\t\t\t\t\t\t\t\t\t\t\t\t\t<\/div>\n\t\t\t\t<\/div>\n\t\t\t\t\t<\/div>\n\t\t<\/div>\n\t\t\t\t\t<\/div>\n\t\t<\/section>\n\t\t\t\t\t<\/div>\n\t\t<\/div>\n\t\t\t\t\t<\/div>\n\t\t<\/section>\n\t\t\t\t<\/div>\n\t\t","protected":false},"excerpt":{"rendered":"<p>CERVIRON \u00ceN TRATAMENTUL VULVOVAGINITELOR Vulvovaginita este inflama\u021bia vulvei \u0219i a vaginului. Se mai nume\u0219te \u0219i vaginit\u0103 sau vulvit\u0103. Este o afec\u021biune frecvent\u0103 &#8211; cel pu\u021bin o treime dintre femei o vor avea pe parcursul vie\u021bii lor. Apare cel mai adesea \u00een timpul anilor de reproducere. Vaginita este termenul general care caracterizeaz\u0103 un spectru de tulbur\u0103ri [&hellip;]<\/p>\n","protected":false},"author":1,"featured_media":0,"parent":0,"menu_order":0,"comment_status":"closed","ping_status":"closed","template":"","meta":{"footnotes":""},"class_list":["post-28130","page","type-page","status-publish","hentry"],"yoast_head":"<!-- This site is optimized with the Yoast SEO plugin v24.9 - https:\/\/yoast.com\/wordpress\/plugins\/seo\/ -->\n<title>Vulvovaginite | Cerviron<\/title>\n<meta name=\"robots\" content=\"index, follow, max-snippet:-1, max-image-preview:large, max-video-preview:-1\" \/>\n<link rel=\"canonical\" href=\"https:\/\/cerviron.com\/ro\/vulvovaginate\/\" \/>\n<meta property=\"og:locale\" content=\"ro_RO\" \/>\n<meta property=\"og:type\" content=\"article\" \/>\n<meta property=\"og:title\" content=\"Vulvovaginite | Cerviron\" \/>\n<meta property=\"og:description\" content=\"CERVIRON \u00ceN TRATAMENTUL VULVOVAGINITELOR Vulvovaginita este inflama\u021bia vulvei \u0219i a vaginului. Se mai nume\u0219te \u0219i vaginit\u0103 sau vulvit\u0103. Este o afec\u021biune frecvent\u0103 &#8211; cel pu\u021bin o treime dintre femei o vor avea pe parcursul vie\u021bii lor. Apare cel mai adesea \u00een timpul anilor de reproducere. Vaginita este termenul general care caracterizeaz\u0103 un spectru de tulbur\u0103ri [&hellip;]\" \/>\n<meta property=\"og:url\" content=\"https:\/\/cerviron.com\/ro\/vulvovaginate\/\" \/>\n<meta property=\"og:site_name\" content=\"Cerviron\" \/>\n<meta property=\"article:modified_time\" content=\"2026-03-31T15:51:52+00:00\" \/>\n<meta name=\"twitter:card\" content=\"summary_large_image\" \/>\n<meta name=\"twitter:label1\" content=\"Timp estimat pentru citire\" \/>\n\t<meta name=\"twitter:data1\" content=\"3 minute\" \/>\n<script type=\"application\/ld+json\" class=\"yoast-schema-graph\">{\"@context\":\"https:\/\/schema.org\",\"@graph\":[{\"@type\":\"WebPage\",\"@id\":\"https:\/\/cerviron.com\/ro\/vulvovaginate\/\",\"url\":\"https:\/\/cerviron.com\/ro\/vulvovaginate\/\",\"name\":\"Vulvovaginite | Cerviron\",\"isPartOf\":{\"@id\":\"https:\/\/cerviron.com\/ro\/#website\"},\"primaryImageOfPage\":{\"@id\":\"https:\/\/cerviron.com\/ro\/vulvovaginate\/#primaryimage\"},\"image\":{\"@id\":\"https:\/\/cerviron.com\/ro\/vulvovaginate\/#primaryimage\"},\"thumbnailUrl\":\"https:\/\/cerviron.com\/wp-content\/uploads\/2026\/03\/cerviron-1200x1200-ro-1.png\",\"datePublished\":\"2025-09-28T23:19:25+00:00\",\"dateModified\":\"2026-03-31T15:51:52+00:00\",\"breadcrumb\":{\"@id\":\"https:\/\/cerviron.com\/ro\/vulvovaginate\/#breadcrumb\"},\"inLanguage\":\"ro-RO\",\"potentialAction\":[{\"@type\":\"ReadAction\",\"target\":[\"https:\/\/cerviron.com\/ro\/vulvovaginate\/\"]}]},{\"@type\":\"ImageObject\",\"inLanguage\":\"ro-RO\",\"@id\":\"https:\/\/cerviron.com\/ro\/vulvovaginate\/#primaryimage\",\"url\":\"https:\/\/cerviron.com\/wp-content\/uploads\/2026\/03\/cerviron-1200x1200-ro-1.png\",\"contentUrl\":\"https:\/\/cerviron.com\/wp-content\/uploads\/2026\/03\/cerviron-1200x1200-ro-1.png\"},{\"@type\":\"BreadcrumbList\",\"@id\":\"https:\/\/cerviron.com\/ro\/vulvovaginate\/#breadcrumb\",\"itemListElement\":[{\"@type\":\"ListItem\",\"position\":1,\"name\":\"Home\",\"item\":\"https:\/\/cerviron.com\/ro\/\"},{\"@type\":\"ListItem\",\"position\":2,\"name\":\"Vulvovaginite\"}]},{\"@type\":\"WebSite\",\"@id\":\"https:\/\/cerviron.com\/ro\/#website\",\"url\":\"https:\/\/cerviron.com\/ro\/\",\"name\":\"Cerviron\",\"description\":\"Ovule vaginale\",\"publisher\":{\"@id\":\"https:\/\/cerviron.com\/ro\/#organization\"},\"potentialAction\":[{\"@type\":\"SearchAction\",\"target\":{\"@type\":\"EntryPoint\",\"urlTemplate\":\"https:\/\/cerviron.com\/ro\/?s={search_term_string}\"},\"query-input\":{\"@type\":\"PropertyValueSpecification\",\"valueRequired\":true,\"valueName\":\"search_term_string\"}}],\"inLanguage\":\"ro-RO\"},{\"@type\":\"Organization\",\"@id\":\"https:\/\/cerviron.com\/ro\/#organization\",\"name\":\"Cerviron\",\"url\":\"https:\/\/cerviron.com\/ro\/\",\"logo\":{\"@type\":\"ImageObject\",\"inLanguage\":\"ro-RO\",\"@id\":\"https:\/\/cerviron.com\/ro\/#\/schema\/logo\/image\/\",\"url\":\"http:\/\/cerviron.com\/wp-content\/uploads\/2019\/06\/logo-09-1.png\",\"contentUrl\":\"http:\/\/cerviron.com\/wp-content\/uploads\/2019\/06\/logo-09-1.png\",\"width\":663,\"height\":94,\"caption\":\"Cerviron\"},\"image\":{\"@id\":\"https:\/\/cerviron.com\/ro\/#\/schema\/logo\/image\/\"}}]}<\/script>\n<!-- \/ Yoast SEO plugin. -->","yoast_head_json":{"title":"Vulvovaginite | Cerviron","robots":{"index":"index","follow":"follow","max-snippet":"max-snippet:-1","max-image-preview":"max-image-preview:large","max-video-preview":"max-video-preview:-1"},"canonical":"https:\/\/cerviron.com\/ro\/vulvovaginate\/","og_locale":"ro_RO","og_type":"article","og_title":"Vulvovaginite | Cerviron","og_description":"CERVIRON \u00ceN TRATAMENTUL VULVOVAGINITELOR Vulvovaginita este inflama\u021bia vulvei \u0219i a vaginului. Se mai nume\u0219te \u0219i vaginit\u0103 sau vulvit\u0103. Este o afec\u021biune frecvent\u0103 &#8211; cel pu\u021bin o treime dintre femei o vor avea pe parcursul vie\u021bii lor. Apare cel mai adesea \u00een timpul anilor de reproducere. Vaginita este termenul general care caracterizeaz\u0103 un spectru de tulbur\u0103ri [&hellip;]","og_url":"https:\/\/cerviron.com\/ro\/vulvovaginate\/","og_site_name":"Cerviron","article_modified_time":"2026-03-31T15:51:52+00:00","twitter_card":"summary_large_image","twitter_misc":{"Timp estimat pentru citire":"3 minute"},"schema":{"@context":"https:\/\/schema.org","@graph":[{"@type":"WebPage","@id":"https:\/\/cerviron.com\/ro\/vulvovaginate\/","url":"https:\/\/cerviron.com\/ro\/vulvovaginate\/","name":"Vulvovaginite | Cerviron","isPartOf":{"@id":"https:\/\/cerviron.com\/ro\/#website"},"primaryImageOfPage":{"@id":"https:\/\/cerviron.com\/ro\/vulvovaginate\/#primaryimage"},"image":{"@id":"https:\/\/cerviron.com\/ro\/vulvovaginate\/#primaryimage"},"thumbnailUrl":"https:\/\/cerviron.com\/wp-content\/uploads\/2026\/03\/cerviron-1200x1200-ro-1.png","datePublished":"2025-09-28T23:19:25+00:00","dateModified":"2026-03-31T15:51:52+00:00","breadcrumb":{"@id":"https:\/\/cerviron.com\/ro\/vulvovaginate\/#breadcrumb"},"inLanguage":"ro-RO","potentialAction":[{"@type":"ReadAction","target":["https:\/\/cerviron.com\/ro\/vulvovaginate\/"]}]},{"@type":"ImageObject","inLanguage":"ro-RO","@id":"https:\/\/cerviron.com\/ro\/vulvovaginate\/#primaryimage","url":"https:\/\/cerviron.com\/wp-content\/uploads\/2026\/03\/cerviron-1200x1200-ro-1.png","contentUrl":"https:\/\/cerviron.com\/wp-content\/uploads\/2026\/03\/cerviron-1200x1200-ro-1.png"},{"@type":"BreadcrumbList","@id":"https:\/\/cerviron.com\/ro\/vulvovaginate\/#breadcrumb","itemListElement":[{"@type":"ListItem","position":1,"name":"Home","item":"https:\/\/cerviron.com\/ro\/"},{"@type":"ListItem","position":2,"name":"Vulvovaginite"}]},{"@type":"WebSite","@id":"https:\/\/cerviron.com\/ro\/#website","url":"https:\/\/cerviron.com\/ro\/","name":"Cerviron","description":"Ovule vaginale","publisher":{"@id":"https:\/\/cerviron.com\/ro\/#organization"},"potentialAction":[{"@type":"SearchAction","target":{"@type":"EntryPoint","urlTemplate":"https:\/\/cerviron.com\/ro\/?s={search_term_string}"},"query-input":{"@type":"PropertyValueSpecification","valueRequired":true,"valueName":"search_term_string"}}],"inLanguage":"ro-RO"},{"@type":"Organization","@id":"https:\/\/cerviron.com\/ro\/#organization","name":"Cerviron","url":"https:\/\/cerviron.com\/ro\/","logo":{"@type":"ImageObject","inLanguage":"ro-RO","@id":"https:\/\/cerviron.com\/ro\/#\/schema\/logo\/image\/","url":"http:\/\/cerviron.com\/wp-content\/uploads\/2019\/06\/logo-09-1.png","contentUrl":"http:\/\/cerviron.com\/wp-content\/uploads\/2019\/06\/logo-09-1.png","width":663,"height":94,"caption":"Cerviron"},"image":{"@id":"https:\/\/cerviron.com\/ro\/#\/schema\/logo\/image\/"}}]}},"_links":{"self":[{"href":"https:\/\/cerviron.com\/ro\/wp-json\/wp\/v2\/pages\/28130","targetHints":{"allow":["GET"]}}],"collection":[{"href":"https:\/\/cerviron.com\/ro\/wp-json\/wp\/v2\/pages"}],"about":[{"href":"https:\/\/cerviron.com\/ro\/wp-json\/wp\/v2\/types\/page"}],"author":[{"embeddable":true,"href":"https:\/\/cerviron.com\/ro\/wp-json\/wp\/v2\/users\/1"}],"replies":[{"embeddable":true,"href":"https:\/\/cerviron.com\/ro\/wp-json\/wp\/v2\/comments?post=28130"}],"version-history":[{"count":29,"href":"https:\/\/cerviron.com\/ro\/wp-json\/wp\/v2\/pages\/28130\/revisions"}],"predecessor-version":[{"id":29269,"href":"https:\/\/cerviron.com\/ro\/wp-json\/wp\/v2\/pages\/28130\/revisions\/29269"}],"wp:attachment":[{"href":"https:\/\/cerviron.com\/ro\/wp-json\/wp\/v2\/media?parent=28130"}],"curies":[{"name":"wp","href":"https:\/\/api.w.org\/{rel}","templated":true}]}}