{"id":28417,"date":"2025-09-29T22:03:11","date_gmt":"2025-09-29T20:03:11","guid":{"rendered":"https:\/\/cerviron.com\/eroziuni-cervicale\/"},"modified":"2026-03-31T17:44:19","modified_gmt":"2026-03-31T15:44:19","slug":"eroziuni-cervicale","status":"publish","type":"page","link":"https:\/\/cerviron.com\/ro\/eroziuni-cervicale\/","title":{"rendered":"Eroziuni cervicale"},"content":{"rendered":"\t\t<div data-elementor-type=\"wp-page\" data-elementor-id=\"28417\" class=\"elementor elementor-28417 elementor-28115\">\n\t\t\t\t\t\t<section class=\"elementor-section elementor-top-section elementor-element elementor-element-7aa0318 lte-overflow-visible elementor-section-full_width elementor-section-height-default elementor-section-height-default\" data-id=\"7aa0318\" data-element_type=\"section\">\n\t\t\t\t\t\t<div class=\"elementor-container elementor-column-gap-default\">\n\t\t\t\t\t<div class=\"elementor-column elementor-col-100 elementor-top-column elementor-element elementor-element-69efb92\" data-id=\"69efb92\" data-element_type=\"column\" data-settings=\"{&quot;background_background&quot;:&quot;classic&quot;}\">\n\t\t\t<div class=\"elementor-widget-wrap elementor-element-populated\">\n\t\t\t\t\t\t<section class=\"elementor-section elementor-inner-section elementor-element elementor-element-b3f7e05 elementor-section-full_width elementor-section-height-default elementor-section-height-default\" data-id=\"b3f7e05\" data-element_type=\"section\" id=\"infla\">\n\t\t\t\t\t\t<div class=\"elementor-container elementor-column-gap-default\">\n\t\t\t\t\t<div class=\"elementor-column elementor-col-100 elementor-inner-column elementor-element elementor-element-d0f27be\" data-id=\"d0f27be\" data-element_type=\"column\">\n\t\t\t<div class=\"elementor-widget-wrap elementor-element-populated\">\n\t\t\t\t\t\t<div class=\"elementor-element elementor-element-2ad8f21 lte-heading-style-header-subheader-dash elementor-widget elementor-widget-lte-header\" data-id=\"2ad8f21\" data-element_type=\"widget\" data-widget_type=\"lte-header.default\">\n\t\t\t\t<div class=\"elementor-widget-container\">\n\t\t\t\t\t<div class=\"lte-heading lte-style-header-subheader-dash lte-color-second lte-subcolor-main heading-tag-h4 heading-subtag-h6\"><div class=\"lte-heading-content\"><h4 class=\"lte-header\"><span>CERVIRON \u00ceN TRATAMENTUL EROZIUNILOR CERVICALE <\/span><\/h4><\/div><\/div>\t\t\t\t<\/div>\n\t\t\t\t<\/div>\n\t\t\t\t<div class=\"elementor-element elementor-element-9fa1d5d elementor-widget elementor-widget-text-editor\" data-id=\"9fa1d5d\" data-element_type=\"widget\" data-widget_type=\"text-editor.default\">\n\t\t\t\t<div class=\"elementor-widget-container\">\n\t\t\t\t\t\t\t\t\t<p>Colul uterin ac\u021bioneaz\u0103 ca o barier\u0103 pentru a \u00eempiedica bacteriile \u0219i viru\u0219ii s\u0103 p\u0103trund\u0103 \u00een uter. Atunci c\u00e2nd cervixul este afectat, exist\u0103 un risc crescut de r\u0103sp\u00e2ndire a infec\u021biei la nivelul uterului. Jonc\u021biunea scuamo-cilindric\u0103 este principalul loc prin care virusul papiloma uman (HPV) intr\u0103 \u00een epiteliu \u0219i poate infecta celulele profunde ale acestuia. Infec\u021bia cu HPV este corelat\u0103 cu eroziunile cervicale. Tratamentul eroziunilor cervicale are o semnifica\u021bie important\u0103 pentru prevenirea apari\u021biei leziunilor precanceroase \u0219i a cancerului de col uterin.<\/p><p>Leziunile inflamatorii ale mucoasei cervicale sunt asociate cu scurgeri excesive, care au miros nepl\u0103cut, culoare gri sau galben-verzuie \u0219i simptome precum dureri abdominale inferioare, dureri de spate, prurit, m\u00e2nc\u0103rime \u0219i dispareunie. Inflama\u021bia colului uterin este r\u0103spunsul care apare \u00een urma contract\u0103rii unei infec\u021bii. Alte cauze pot include traumatisme cu corpuri str\u0103ine (dispozitiv intrauterin, tampon vaginal sau altele) \u0219i efecte adverse din cauza utiliz\u0103rii gelurilor sau cremelor care con\u021bin substan\u021be iritante. Printre organismele infec\u021bioase, responsabile de astfel de leziuni, se num\u0103r\u0103 Trichomonas vaginalis, Candida albicans, Gardnerella vaginalis, precum \u0219i alte bacterii.<\/p><p>O eroziune cervical\u0103 (ectropion) poate ap\u0103rea din numeroase cauze la femeile aflate la v\u00e2rsta fertil\u0103. Este considerat\u0103 o afec\u021biune benign\u0103, cauzat\u0103 de agen\u021bi patogeni sau indus\u0103 de expunerea crescut\u0103 a epiteliului cervical la estrogen. \u00cen plus, eroziunile cervicale pot avea o etiologie traumatic\u0103 sau mecanic\u0103, cum ar fi dispozitivele intrauterine sau corpurile str\u0103ine introduse \u00een vagin. Epitelizarea mucoasei vaginale \u0219i a colului uterin este esen\u021bial\u0103 \u00een gestionarea eroziunilor cervicale. Inflama\u021bia acut\u0103 a colului uterin, cauzat\u0103 de o infec\u021bie direct\u0103 sau de un traumatism, se manifest\u0103 prin mai multe simptome, precum secre\u021bii vaginale albe sau galbene (simptom predominant cauzat de epiteliul glandular secretor de mucus), s\u00e2nger\u0103ri postcoitale sau intermenstruale, disurie, dureri pelviene, irita\u021bii vulvovaginale \u0219i dispareunie.<\/p><p>CERVIRON<sup>\u00ae<\/sup> este un tratament pentru accelerarea vindec\u0103rii eroziunilor cervicale. Acestea favorizeaz\u0103 epitelizarea complet\u0103 a \u021besutului cervical afectat \u0219i refacerea ecosistemului ini\u021bial. Aplicarea lor local\u0103 s-a dovedit a fi eficient\u0103 \u00een reducerea simptomelor nepl\u0103cute, precum secre\u021biile vaginale, durerile pelviene \u0219i s\u00e2nger\u0103rile vaginale. \u00cen ceea ce prive\u0219te evenimentele adverse, dispozitivul medical este considerat sigur.<\/p>\t\t\t\t\t\t\t\t<\/div>\n\t\t\t\t<\/div>\n\t\t\t\t\t<\/div>\n\t\t<\/div>\n\t\t\t\t\t<\/div>\n\t\t<\/section>\n\t\t\t\t\t<\/div>\n\t\t<\/div>\n\t\t\t\t\t<\/div>\n\t\t<\/section>\n\t\t\t\t<section class=\"lte-background-main elementor-section elementor-top-section elementor-element elementor-element-3e0f77da lte-overflow-visible lte-background-main elementor-section-stretched elementor-section-boxed elementor-section-height-default elementor-section-height-default\" data-id=\"3e0f77da\" data-element_type=\"section\" data-settings=\"{&quot;background_background&quot;:&quot;classic&quot;,&quot;stretch_section&quot;:&quot;section-stretched&quot;}\">\n\t\t\t\t\t\t<div class=\"elementor-container elementor-column-gap-default\">\n\t\t\t\t\t<div class=\"elementor-column elementor-col-100 elementor-top-column elementor-element elementor-element-4b845101\" data-id=\"4b845101\" data-element_type=\"column\" data-settings=\"{&quot;background_background&quot;:&quot;classic&quot;}\">\n\t\t\t<div class=\"elementor-widget-wrap elementor-element-populated\">\n\t\t\t\t\t\t<section class=\"elementor-section elementor-inner-section elementor-element elementor-element-3817ffba elementor-section-boxed elementor-section-height-default elementor-section-height-default\" data-id=\"3817ffba\" data-element_type=\"section\">\n\t\t\t\t\t\t<div class=\"elementor-container elementor-column-gap-default\">\n\t\t\t\t\t<div class=\"elementor-column elementor-col-50 elementor-inner-column elementor-element elementor-element-715c5a0e\" data-id=\"715c5a0e\" data-element_type=\"column\">\n\t\t\t<div class=\"elementor-widget-wrap elementor-element-populated\">\n\t\t\t\t\t\t<div class=\"elementor-element elementor-element-22216662 lte-heading-style-default elementor-widget elementor-widget-lte-header\" data-id=\"22216662\" data-element_type=\"widget\" data-widget_type=\"lte-header.default\">\n\t\t\t\t<div class=\"elementor-widget-container\">\n\t\t\t\t\t<div class=\"lte-heading lte-style-default lte-color-white lte-subcolor-white heading-tag-h4 heading-subtag-h6\"><div class=\"lte-heading-content\"><h4 class=\"lte-header\">Cum se administreaz\u0103 corect?<\/h4><\/div><\/div>\t\t\t\t<\/div>\n\t\t\t\t<\/div>\n\t\t\t\t<div class=\"elementor-element elementor-element-381264b6 elementor-widget__width-initial lte-heading-style-header-subheader elementor-widget elementor-widget-lte-header\" data-id=\"381264b6\" data-element_type=\"widget\" data-widget_type=\"lte-header.default\">\n\t\t\t\t<div class=\"elementor-widget-container\">\n\t\t\t\t\t<div class=\"lte-heading lte-style-header-subheader lte-color-white lte-subcolor-second heading-tag-h6 heading-subtag-h6\"><div class=\"lte-heading-content\"><h6 class=\"lte-header\">1 ovul\/zi<br \/>\n10 sau 15 zile\/lun\u0103<br \/>\n<\/h6><\/div><\/div>\t\t\t\t<\/div>\n\t\t\t\t<\/div>\n\t\t\t\t<div class=\"elementor-element elementor-element-7e74ad2 elementor-widget__width-auto elementor-widget elementor-widget-lte-button\" data-id=\"7e74ad2\" data-element_type=\"widget\" data-widget_type=\"lte-button.default\">\n\t\t\t\t<div class=\"elementor-widget-container\">\n\t\t\t\t\t<div class=\"lte-btn-wrap\">\r\n\t<a href=\"https:\/\/cerviron.com\/ro\/cum-se-utilizeaza\/\"  class=\"lte-btn btn-lg btn-white color-hover-second\"><span class=\"lte-btn-inner\"><span class=\"lte-btn-before\"><\/span>citeste mai mult<span class=\"lte-btn-after\"><\/span><\/span><\/a><\/div>\t\t\t\t<\/div>\n\t\t\t\t<\/div>\n\t\t\t\t<div class=\"elementor-element elementor-element-3aebf562 elementor-widget elementor-widget-spacer\" data-id=\"3aebf562\" data-element_type=\"widget\" data-widget_type=\"spacer.default\">\n\t\t\t\t<div class=\"elementor-widget-container\">\n\t\t\t\t\t\t\t<div class=\"elementor-spacer\">\n\t\t\t<div class=\"elementor-spacer-inner\"><\/div>\n\t\t<\/div>\n\t\t\t\t\t\t<\/div>\n\t\t\t\t<\/div>\n\t\t\t\t\t<\/div>\n\t\t<\/div>\n\t\t\t\t<div class=\"elementor-column elementor-col-50 elementor-inner-column elementor-element elementor-element-1d273fb7\" data-id=\"1d273fb7\" data-element_type=\"column\">\n\t\t\t<div class=\"elementor-widget-wrap elementor-element-populated\">\n\t\t\t\t\t\t<div class=\"elementor-element elementor-element-45f5dca2 elementor-widget elementor-widget-image\" data-id=\"45f5dca2\" data-element_type=\"widget\" data-widget_type=\"image.default\">\n\t\t\t\t<div class=\"elementor-widget-container\">\n\t\t\t\t\t\t\t\t\t\t\t\t\t\t\t<img fetchpriority=\"high\" decoding=\"async\" width=\"1200\" height=\"1200\" src=\"https:\/\/cerviron.com\/wp-content\/uploads\/2026\/03\/cerviron-1200x1200-ro.png\" class=\"attachment-full size-full wp-image-29031\" alt=\"\" srcset=\"https:\/\/cerviron.com\/wp-content\/uploads\/2026\/03\/cerviron-1200x1200-ro.png 1200w, https:\/\/cerviron.com\/wp-content\/uploads\/2026\/03\/cerviron-1200x1200-ro-300x300.png 300w, https:\/\/cerviron.com\/wp-content\/uploads\/2026\/03\/cerviron-1200x1200-ro-1024x1024.png 1024w, https:\/\/cerviron.com\/wp-content\/uploads\/2026\/03\/cerviron-1200x1200-ro-150x150.png 150w, https:\/\/cerviron.com\/wp-content\/uploads\/2026\/03\/cerviron-1200x1200-ro-768x768.png 768w, https:\/\/cerviron.com\/wp-content\/uploads\/2026\/03\/cerviron-1200x1200-ro-140x140.png 140w, https:\/\/cerviron.com\/wp-content\/uploads\/2026\/03\/cerviron-1200x1200-ro-110x110.png 110w, https:\/\/cerviron.com\/wp-content\/uploads\/2026\/03\/cerviron-1200x1200-ro-100x100.png 100w, https:\/\/cerviron.com\/wp-content\/uploads\/2026\/03\/cerviron-1200x1200-ro-360x360.png 360w, https:\/\/cerviron.com\/wp-content\/uploads\/2026\/03\/cerviron-1200x1200-ro-800x800.png 800w\" sizes=\"(max-width: 1200px) 100vw, 1200px\" \/>\t\t\t\t\t\t\t\t\t\t\t\t\t\t\t<\/div>\n\t\t\t\t<\/div>\n\t\t\t\t\t<\/div>\n\t\t<\/div>\n\t\t\t\t\t<\/div>\n\t\t<\/section>\n\t\t\t\t\t<\/div>\n\t\t<\/div>\n\t\t\t\t\t<\/div>\n\t\t<\/section>\n\t\t\t\t<\/div>\n\t\t","protected":false},"excerpt":{"rendered":"<p>CERVIRON \u00ceN TRATAMENTUL EROZIUNILOR CERVICALE Colul uterin ac\u021bioneaz\u0103 ca o barier\u0103 pentru a \u00eempiedica bacteriile \u0219i viru\u0219ii s\u0103 p\u0103trund\u0103 \u00een uter. Atunci c\u00e2nd cervixul este afectat, exist\u0103 un risc crescut de r\u0103sp\u00e2ndire a infec\u021biei la nivelul uterului. Jonc\u021biunea scuamo-cilindric\u0103 este principalul loc prin care virusul papiloma uman (HPV) intr\u0103 \u00een epiteliu \u0219i poate infecta celulele [&hellip;]<\/p>\n","protected":false},"author":1,"featured_media":0,"parent":0,"menu_order":0,"comment_status":"closed","ping_status":"closed","template":"","meta":{"footnotes":""},"class_list":["post-28417","page","type-page","status-publish","hentry"],"yoast_head":"<!-- This site is optimized with the Yoast SEO plugin v24.9 - https:\/\/yoast.com\/wordpress\/plugins\/seo\/ -->\n<title>Eroziuni cervicale | Cerviron<\/title>\n<meta name=\"robots\" content=\"index, follow, max-snippet:-1, max-image-preview:large, max-video-preview:-1\" \/>\n<link rel=\"canonical\" href=\"https:\/\/cerviron.com\/ro\/eroziuni-cervicale\/\" \/>\n<meta property=\"og:locale\" content=\"ro_RO\" \/>\n<meta property=\"og:type\" content=\"article\" \/>\n<meta property=\"og:title\" content=\"Eroziuni cervicale | Cerviron\" \/>\n<meta property=\"og:description\" content=\"CERVIRON \u00ceN TRATAMENTUL EROZIUNILOR CERVICALE Colul uterin ac\u021bioneaz\u0103 ca o barier\u0103 pentru a \u00eempiedica bacteriile \u0219i viru\u0219ii s\u0103 p\u0103trund\u0103 \u00een uter. Atunci c\u00e2nd cervixul este afectat, exist\u0103 un risc crescut de r\u0103sp\u00e2ndire a infec\u021biei la nivelul uterului. Jonc\u021biunea scuamo-cilindric\u0103 este principalul loc prin care virusul papiloma uman (HPV) intr\u0103 \u00een epiteliu \u0219i poate infecta celulele [&hellip;]\" \/>\n<meta property=\"og:url\" content=\"https:\/\/cerviron.com\/ro\/eroziuni-cervicale\/\" \/>\n<meta property=\"og:site_name\" content=\"Cerviron\" \/>\n<meta property=\"article:modified_time\" content=\"2026-03-31T15:44:19+00:00\" \/>\n<meta property=\"og:image\" content=\"https:\/\/cerviron.com\/wp-content\/uploads\/2026\/03\/cerviron-1200x1200-ro.png\" \/>\n\t<meta property=\"og:image:width\" content=\"1200\" \/>\n\t<meta property=\"og:image:height\" content=\"1200\" \/>\n\t<meta property=\"og:image:type\" content=\"image\/png\" \/>\n<meta name=\"twitter:card\" content=\"summary_large_image\" \/>\n<meta name=\"twitter:label1\" content=\"Timp estimat pentru citire\" \/>\n\t<meta name=\"twitter:data1\" content=\"3 minute\" \/>\n<script type=\"application\/ld+json\" class=\"yoast-schema-graph\">{\"@context\":\"https:\/\/schema.org\",\"@graph\":[{\"@type\":\"WebPage\",\"@id\":\"https:\/\/cerviron.com\/ro\/eroziuni-cervicale\/\",\"url\":\"https:\/\/cerviron.com\/ro\/eroziuni-cervicale\/\",\"name\":\"Eroziuni cervicale | Cerviron\",\"isPartOf\":{\"@id\":\"https:\/\/cerviron.com\/ro\/#website\"},\"primaryImageOfPage\":{\"@id\":\"https:\/\/cerviron.com\/ro\/eroziuni-cervicale\/#primaryimage\"},\"image\":{\"@id\":\"https:\/\/cerviron.com\/ro\/eroziuni-cervicale\/#primaryimage\"},\"thumbnailUrl\":\"https:\/\/cerviron.com\/wp-content\/uploads\/2026\/03\/cerviron-1200x1200-ro.png\",\"datePublished\":\"2025-09-29T20:03:11+00:00\",\"dateModified\":\"2026-03-31T15:44:19+00:00\",\"breadcrumb\":{\"@id\":\"https:\/\/cerviron.com\/ro\/eroziuni-cervicale\/#breadcrumb\"},\"inLanguage\":\"ro-RO\",\"potentialAction\":[{\"@type\":\"ReadAction\",\"target\":[\"https:\/\/cerviron.com\/ro\/eroziuni-cervicale\/\"]}]},{\"@type\":\"ImageObject\",\"inLanguage\":\"ro-RO\",\"@id\":\"https:\/\/cerviron.com\/ro\/eroziuni-cervicale\/#primaryimage\",\"url\":\"https:\/\/cerviron.com\/wp-content\/uploads\/2026\/03\/cerviron-1200x1200-ro.png\",\"contentUrl\":\"https:\/\/cerviron.com\/wp-content\/uploads\/2026\/03\/cerviron-1200x1200-ro.png\"},{\"@type\":\"BreadcrumbList\",\"@id\":\"https:\/\/cerviron.com\/ro\/eroziuni-cervicale\/#breadcrumb\",\"itemListElement\":[{\"@type\":\"ListItem\",\"position\":1,\"name\":\"Home\",\"item\":\"https:\/\/cerviron.com\/ro\/\"},{\"@type\":\"ListItem\",\"position\":2,\"name\":\"Eroziuni cervicale\"}]},{\"@type\":\"WebSite\",\"@id\":\"https:\/\/cerviron.com\/ro\/#website\",\"url\":\"https:\/\/cerviron.com\/ro\/\",\"name\":\"Cerviron\",\"description\":\"Ovule vaginale\",\"publisher\":{\"@id\":\"https:\/\/cerviron.com\/ro\/#organization\"},\"potentialAction\":[{\"@type\":\"SearchAction\",\"target\":{\"@type\":\"EntryPoint\",\"urlTemplate\":\"https:\/\/cerviron.com\/ro\/?s={search_term_string}\"},\"query-input\":{\"@type\":\"PropertyValueSpecification\",\"valueRequired\":true,\"valueName\":\"search_term_string\"}}],\"inLanguage\":\"ro-RO\"},{\"@type\":\"Organization\",\"@id\":\"https:\/\/cerviron.com\/ro\/#organization\",\"name\":\"Cerviron\",\"url\":\"https:\/\/cerviron.com\/ro\/\",\"logo\":{\"@type\":\"ImageObject\",\"inLanguage\":\"ro-RO\",\"@id\":\"https:\/\/cerviron.com\/ro\/#\/schema\/logo\/image\/\",\"url\":\"http:\/\/cerviron.com\/wp-content\/uploads\/2019\/06\/logo-09-1.png\",\"contentUrl\":\"http:\/\/cerviron.com\/wp-content\/uploads\/2019\/06\/logo-09-1.png\",\"width\":663,\"height\":94,\"caption\":\"Cerviron\"},\"image\":{\"@id\":\"https:\/\/cerviron.com\/ro\/#\/schema\/logo\/image\/\"}}]}<\/script>\n<!-- \/ Yoast SEO plugin. -->","yoast_head_json":{"title":"Eroziuni cervicale | Cerviron","robots":{"index":"index","follow":"follow","max-snippet":"max-snippet:-1","max-image-preview":"max-image-preview:large","max-video-preview":"max-video-preview:-1"},"canonical":"https:\/\/cerviron.com\/ro\/eroziuni-cervicale\/","og_locale":"ro_RO","og_type":"article","og_title":"Eroziuni cervicale | Cerviron","og_description":"CERVIRON \u00ceN TRATAMENTUL EROZIUNILOR CERVICALE Colul uterin ac\u021bioneaz\u0103 ca o barier\u0103 pentru a \u00eempiedica bacteriile \u0219i viru\u0219ii s\u0103 p\u0103trund\u0103 \u00een uter. Atunci c\u00e2nd cervixul este afectat, exist\u0103 un risc crescut de r\u0103sp\u00e2ndire a infec\u021biei la nivelul uterului. Jonc\u021biunea scuamo-cilindric\u0103 este principalul loc prin care virusul papiloma uman (HPV) intr\u0103 \u00een epiteliu \u0219i poate infecta celulele [&hellip;]","og_url":"https:\/\/cerviron.com\/ro\/eroziuni-cervicale\/","og_site_name":"Cerviron","article_modified_time":"2026-03-31T15:44:19+00:00","og_image":[{"width":1200,"height":1200,"url":"https:\/\/cerviron.com\/wp-content\/uploads\/2026\/03\/cerviron-1200x1200-ro.png","type":"image\/png"}],"twitter_card":"summary_large_image","twitter_misc":{"Timp estimat pentru citire":"3 minute"},"schema":{"@context":"https:\/\/schema.org","@graph":[{"@type":"WebPage","@id":"https:\/\/cerviron.com\/ro\/eroziuni-cervicale\/","url":"https:\/\/cerviron.com\/ro\/eroziuni-cervicale\/","name":"Eroziuni cervicale | Cerviron","isPartOf":{"@id":"https:\/\/cerviron.com\/ro\/#website"},"primaryImageOfPage":{"@id":"https:\/\/cerviron.com\/ro\/eroziuni-cervicale\/#primaryimage"},"image":{"@id":"https:\/\/cerviron.com\/ro\/eroziuni-cervicale\/#primaryimage"},"thumbnailUrl":"https:\/\/cerviron.com\/wp-content\/uploads\/2026\/03\/cerviron-1200x1200-ro.png","datePublished":"2025-09-29T20:03:11+00:00","dateModified":"2026-03-31T15:44:19+00:00","breadcrumb":{"@id":"https:\/\/cerviron.com\/ro\/eroziuni-cervicale\/#breadcrumb"},"inLanguage":"ro-RO","potentialAction":[{"@type":"ReadAction","target":["https:\/\/cerviron.com\/ro\/eroziuni-cervicale\/"]}]},{"@type":"ImageObject","inLanguage":"ro-RO","@id":"https:\/\/cerviron.com\/ro\/eroziuni-cervicale\/#primaryimage","url":"https:\/\/cerviron.com\/wp-content\/uploads\/2026\/03\/cerviron-1200x1200-ro.png","contentUrl":"https:\/\/cerviron.com\/wp-content\/uploads\/2026\/03\/cerviron-1200x1200-ro.png"},{"@type":"BreadcrumbList","@id":"https:\/\/cerviron.com\/ro\/eroziuni-cervicale\/#breadcrumb","itemListElement":[{"@type":"ListItem","position":1,"name":"Home","item":"https:\/\/cerviron.com\/ro\/"},{"@type":"ListItem","position":2,"name":"Eroziuni cervicale"}]},{"@type":"WebSite","@id":"https:\/\/cerviron.com\/ro\/#website","url":"https:\/\/cerviron.com\/ro\/","name":"Cerviron","description":"Ovule vaginale","publisher":{"@id":"https:\/\/cerviron.com\/ro\/#organization"},"potentialAction":[{"@type":"SearchAction","target":{"@type":"EntryPoint","urlTemplate":"https:\/\/cerviron.com\/ro\/?s={search_term_string}"},"query-input":{"@type":"PropertyValueSpecification","valueRequired":true,"valueName":"search_term_string"}}],"inLanguage":"ro-RO"},{"@type":"Organization","@id":"https:\/\/cerviron.com\/ro\/#organization","name":"Cerviron","url":"https:\/\/cerviron.com\/ro\/","logo":{"@type":"ImageObject","inLanguage":"ro-RO","@id":"https:\/\/cerviron.com\/ro\/#\/schema\/logo\/image\/","url":"http:\/\/cerviron.com\/wp-content\/uploads\/2019\/06\/logo-09-1.png","contentUrl":"http:\/\/cerviron.com\/wp-content\/uploads\/2019\/06\/logo-09-1.png","width":663,"height":94,"caption":"Cerviron"},"image":{"@id":"https:\/\/cerviron.com\/ro\/#\/schema\/logo\/image\/"}}]}},"_links":{"self":[{"href":"https:\/\/cerviron.com\/ro\/wp-json\/wp\/v2\/pages\/28417","targetHints":{"allow":["GET"]}}],"collection":[{"href":"https:\/\/cerviron.com\/ro\/wp-json\/wp\/v2\/pages"}],"about":[{"href":"https:\/\/cerviron.com\/ro\/wp-json\/wp\/v2\/types\/page"}],"author":[{"embeddable":true,"href":"https:\/\/cerviron.com\/ro\/wp-json\/wp\/v2\/users\/1"}],"replies":[{"embeddable":true,"href":"https:\/\/cerviron.com\/ro\/wp-json\/wp\/v2\/comments?post=28417"}],"version-history":[{"count":28,"href":"https:\/\/cerviron.com\/ro\/wp-json\/wp\/v2\/pages\/28417\/revisions"}],"predecessor-version":[{"id":29250,"href":"https:\/\/cerviron.com\/ro\/wp-json\/wp\/v2\/pages\/28417\/revisions\/29250"}],"wp:attachment":[{"href":"https:\/\/cerviron.com\/ro\/wp-json\/wp\/v2\/media?parent=28417"}],"curies":[{"name":"wp","href":"https:\/\/api.w.org\/{rel}","templated":true}]}}