{"id":28419,"date":"2025-09-29T22:08:41","date_gmt":"2025-09-29T20:08:41","guid":{"rendered":"https:\/\/cerviron.com\/tratamentul-postoperator\/"},"modified":"2026-03-31T17:49:45","modified_gmt":"2026-03-31T15:49:45","slug":"tratamentul-postoperator","status":"publish","type":"page","link":"https:\/\/cerviron.com\/ro\/tratamentul-postoperator\/","title":{"rendered":"Tratamentul postoperator"},"content":{"rendered":"\t\t<div data-elementor-type=\"wp-page\" data-elementor-id=\"28419\" class=\"elementor elementor-28419 elementor-28117\">\n\t\t\t\t\t\t<section class=\"elementor-section elementor-top-section elementor-element elementor-element-7aa0318 lte-overflow-visible elementor-section-full_width elementor-section-height-default elementor-section-height-default\" data-id=\"7aa0318\" data-element_type=\"section\">\n\t\t\t\t\t\t<div class=\"elementor-container elementor-column-gap-default\">\n\t\t\t\t\t<div class=\"elementor-column elementor-col-100 elementor-top-column elementor-element elementor-element-69efb92\" data-id=\"69efb92\" data-element_type=\"column\" data-settings=\"{&quot;background_background&quot;:&quot;classic&quot;}\">\n\t\t\t<div class=\"elementor-widget-wrap elementor-element-populated\">\n\t\t\t\t\t\t<section class=\"elementor-section elementor-inner-section elementor-element elementor-element-b3f7e05 elementor-section-full_width elementor-section-height-default elementor-section-height-default\" data-id=\"b3f7e05\" data-element_type=\"section\" id=\"infla\">\n\t\t\t\t\t\t<div class=\"elementor-container elementor-column-gap-default\">\n\t\t\t\t\t<div class=\"elementor-column elementor-col-100 elementor-inner-column elementor-element elementor-element-d0f27be\" data-id=\"d0f27be\" data-element_type=\"column\">\n\t\t\t<div class=\"elementor-widget-wrap elementor-element-populated\">\n\t\t\t\t\t\t<div class=\"elementor-element elementor-element-2ad8f21 lte-heading-style-header-subheader-dash elementor-widget elementor-widget-lte-header\" data-id=\"2ad8f21\" data-element_type=\"widget\" data-widget_type=\"lte-header.default\">\n\t\t\t\t<div class=\"elementor-widget-container\">\n\t\t\t\t\t<div class=\"lte-heading lte-style-header-subheader-dash lte-color-second lte-subcolor-main heading-tag-h4 heading-subtag-h6\"><div class=\"lte-heading-content\"><h4 class=\"lte-header\"><span>CERVIRON \u00ceN TRATAMENTUL POSTOPERATOR <\/span><\/h4><\/div><\/div>\t\t\t\t<\/div>\n\t\t\t\t<\/div>\n\t\t\t\t<div class=\"elementor-element elementor-element-9fa1d5d elementor-widget elementor-widget-text-editor\" data-id=\"9fa1d5d\" data-element_type=\"widget\" data-widget_type=\"text-editor.default\">\n\t\t\t\t<div class=\"elementor-widget-container\">\n\t\t\t\t\t\t\t\t\t<p><strong>Succesul dup\u0103 procedurile obstetricale \u0219i ginecologice depinde de \u00eenchiderea corect\u0103 a pl\u0103gii.<\/strong><\/p><p>Tehnicile pentru leziunile precanceroase includ excizia (\u00eendep\u0103rtarea chirurgical\u0103 a zonei anormale, denumit\u0103 \u0219i biopsie sau coniza\u021bie a colului), crioterapia \u0219i excizia cu laser.<\/p><p>Ectropionul este frecvent observat ca o stare fiziologic\u0103 normal\u0103, atunci c\u00e2nd epiteliul columnar cre\u0219te \u0219i devine expus la nivelul ectocolului. Acesta este asociat cu un aspect ro\u0219u din cauza vaselor de s\u00e2nge expuse \u0219i poate fi asimptomatic sau simptomatic.<\/p><p>Ectropionul simptomatic este asociat cu diverse afec\u021biuni clinice, cum ar fi infec\u021biile de tract urinar, candidoza, vaginita, cervicita sau discarioza cervical\u0103.<\/p><p>\u00cen \u00eengrijirea postoperatorie a leziunilor benigne de col uterin, CERVIRON<sup>\u00ae<\/sup> contribuie la vindecarea complet\u0103 a r\u0103nilor mucoasei colului uterin, prin combaterea microorganismelor poten\u021bial patogene de la nivelul mucoasei vaginale \u0219i al mucoasei cervicale, refacerea microflorei vaginale \u0219i a pH-ului vaginal, calmarea irita\u021biilor \u0219i inflama\u021biei de la nivelul colului uterin, reducerea durerii \u0219i a s\u00e2nger\u0103rilor vaginale.<\/p><p>CERVIRON<sup>\u00ae<\/sup>, opre\u0219te s\u00e2ngerarea \u0219i gr\u0103be\u0219te procesul de vindecare, promov\u00e2nd astfel contrac\u021bia \u021besutului deteriorat. Acesta formeaz\u0103 un strat protector la locul aplic\u0103rii, permi\u021b\u00e2nd altor componente s\u0103 ac\u021bioneze. Bariera de protec\u021bie favorizeaz\u0103 dispersarea local\u0103 a substan\u021belor \u0219i accelerarea procesul de vindecare a epiteliului deteriorat.<\/p><p><strong>CERVIRON<sup>\u00ae<\/sup> este un tratament excelent pentru accelerarea vindec\u0103rii eroziunilor cervicale. Favorizeaz\u0103 reepitelizarea \u021besutului deteriorat \u0219i refacerea colpo-ecosistemului ini\u021bial. Aplicarea sa local\u0103 a fost observat\u0103 a fi eficient\u0103 \u00een reducerea la minimum a inflama\u021biei dup\u0103 procedurile chirurgicale \u0219i \u00een reducerea simptomelor nepl\u0103cute, cum ar fi scurgerile vaginale. <\/strong><\/p>\t\t\t\t\t\t\t\t<\/div>\n\t\t\t\t<\/div>\n\t\t\t\t\t<\/div>\n\t\t<\/div>\n\t\t\t\t\t<\/div>\n\t\t<\/section>\n\t\t\t\t\t<\/div>\n\t\t<\/div>\n\t\t\t\t\t<\/div>\n\t\t<\/section>\n\t\t\t\t<section class=\"lte-background-main elementor-section elementor-top-section elementor-element elementor-element-3e0f77da lte-overflow-visible lte-background-main elementor-section-stretched elementor-section-boxed elementor-section-height-default elementor-section-height-default\" data-id=\"3e0f77da\" data-element_type=\"section\" data-settings=\"{&quot;background_background&quot;:&quot;classic&quot;,&quot;stretch_section&quot;:&quot;section-stretched&quot;}\">\n\t\t\t\t\t\t<div class=\"elementor-container elementor-column-gap-default\">\n\t\t\t\t\t<div class=\"elementor-column elementor-col-100 elementor-top-column elementor-element elementor-element-4b845101\" data-id=\"4b845101\" data-element_type=\"column\" data-settings=\"{&quot;background_background&quot;:&quot;classic&quot;}\">\n\t\t\t<div class=\"elementor-widget-wrap elementor-element-populated\">\n\t\t\t\t\t\t<section class=\"elementor-section elementor-inner-section elementor-element elementor-element-3817ffba elementor-section-boxed elementor-section-height-default elementor-section-height-default\" data-id=\"3817ffba\" data-element_type=\"section\">\n\t\t\t\t\t\t<div class=\"elementor-container elementor-column-gap-default\">\n\t\t\t\t\t<div class=\"elementor-column elementor-col-50 elementor-inner-column elementor-element elementor-element-715c5a0e\" data-id=\"715c5a0e\" data-element_type=\"column\">\n\t\t\t<div class=\"elementor-widget-wrap elementor-element-populated\">\n\t\t\t\t\t\t<div class=\"elementor-element elementor-element-22216662 lte-heading-style-default elementor-widget elementor-widget-lte-header\" data-id=\"22216662\" data-element_type=\"widget\" data-widget_type=\"lte-header.default\">\n\t\t\t\t<div class=\"elementor-widget-container\">\n\t\t\t\t\t<div class=\"lte-heading lte-style-default lte-color-white lte-subcolor-white heading-tag-h4 heading-subtag-h6\"><div class=\"lte-heading-content\"><h4 class=\"lte-header\">Cum se administreaz\u0103 corect?<\/h4><\/div><\/div>\t\t\t\t<\/div>\n\t\t\t\t<\/div>\n\t\t\t\t<div class=\"elementor-element elementor-element-381264b6 elementor-widget__width-initial lte-heading-style-header-subheader elementor-widget elementor-widget-lte-header\" data-id=\"381264b6\" data-element_type=\"widget\" data-widget_type=\"lte-header.default\">\n\t\t\t\t<div class=\"elementor-widget-container\">\n\t\t\t\t\t<div class=\"lte-heading lte-style-header-subheader lte-color-white lte-subcolor-second heading-tag-h6 heading-subtag-h6\"><div class=\"lte-heading-content\"><h6 class=\"lte-header\">1 ovul\/zi<br \/>\n10 sau 15 zile\/lun\u0103<br \/>\n<\/h6><\/div><\/div>\t\t\t\t<\/div>\n\t\t\t\t<\/div>\n\t\t\t\t<div class=\"elementor-element elementor-element-7e74ad2 elementor-widget__width-auto elementor-widget elementor-widget-lte-button\" data-id=\"7e74ad2\" data-element_type=\"widget\" data-widget_type=\"lte-button.default\">\n\t\t\t\t<div class=\"elementor-widget-container\">\n\t\t\t\t\t<div class=\"lte-btn-wrap\">\r\n\t<a href=\"https:\/\/cerviron.com\/ro\/cum-se-utilizeaza\/\"  class=\"lte-btn btn-lg btn-white color-hover-second\"><span class=\"lte-btn-inner\"><span class=\"lte-btn-before\"><\/span>citeste mai mult<span class=\"lte-btn-after\"><\/span><\/span><\/a><\/div>\t\t\t\t<\/div>\n\t\t\t\t<\/div>\n\t\t\t\t<div class=\"elementor-element elementor-element-3aebf562 elementor-widget elementor-widget-spacer\" data-id=\"3aebf562\" data-element_type=\"widget\" data-widget_type=\"spacer.default\">\n\t\t\t\t<div class=\"elementor-widget-container\">\n\t\t\t\t\t\t\t<div class=\"elementor-spacer\">\n\t\t\t<div class=\"elementor-spacer-inner\"><\/div>\n\t\t<\/div>\n\t\t\t\t\t\t<\/div>\n\t\t\t\t<\/div>\n\t\t\t\t\t<\/div>\n\t\t<\/div>\n\t\t\t\t<div class=\"elementor-column elementor-col-50 elementor-inner-column elementor-element elementor-element-1d273fb7\" data-id=\"1d273fb7\" data-element_type=\"column\">\n\t\t\t<div class=\"elementor-widget-wrap elementor-element-populated\">\n\t\t\t\t\t\t<div class=\"elementor-element elementor-element-45f5dca2 elementor-widget elementor-widget-image\" data-id=\"45f5dca2\" data-element_type=\"widget\" data-widget_type=\"image.default\">\n\t\t\t\t<div class=\"elementor-widget-container\">\n\t\t\t\t\t\t\t\t\t\t\t\t\t\t\t<img decoding=\"async\" src=\"https:\/\/cerviron.com\/wp-content\/uploads\/2026\/03\/cerviron-1200x1200-ro-1.png\" title=\"\" alt=\"\" loading=\"lazy\" \/>\t\t\t\t\t\t\t\t\t\t\t\t\t\t\t<\/div>\n\t\t\t\t<\/div>\n\t\t\t\t\t<\/div>\n\t\t<\/div>\n\t\t\t\t\t<\/div>\n\t\t<\/section>\n\t\t\t\t\t<\/div>\n\t\t<\/div>\n\t\t\t\t\t<\/div>\n\t\t<\/section>\n\t\t\t\t<\/div>\n\t\t","protected":false},"excerpt":{"rendered":"<p>CERVIRON \u00ceN TRATAMENTUL POSTOPERATOR Succesul dup\u0103 procedurile obstetricale \u0219i ginecologice depinde de \u00eenchiderea corect\u0103 a pl\u0103gii. Tehnicile pentru leziunile precanceroase includ excizia (\u00eendep\u0103rtarea chirurgical\u0103 a zonei anormale, denumit\u0103 \u0219i biopsie sau coniza\u021bie a colului), crioterapia \u0219i excizia cu laser. Ectropionul este frecvent observat ca o stare fiziologic\u0103 normal\u0103, atunci c\u00e2nd epiteliul columnar cre\u0219te \u0219i devine [&hellip;]<\/p>\n","protected":false},"author":1,"featured_media":0,"parent":0,"menu_order":0,"comment_status":"closed","ping_status":"closed","template":"","meta":{"footnotes":""},"class_list":["post-28419","page","type-page","status-publish","hentry"],"yoast_head":"<!-- This site is optimized with the Yoast SEO plugin v24.9 - https:\/\/yoast.com\/wordpress\/plugins\/seo\/ -->\n<title>Tratamentul postoperator | Cerviron<\/title>\n<meta name=\"robots\" content=\"index, follow, max-snippet:-1, max-image-preview:large, max-video-preview:-1\" \/>\n<link rel=\"canonical\" href=\"https:\/\/cerviron.com\/ro\/tratamentul-postoperator\/\" \/>\n<meta property=\"og:locale\" content=\"ro_RO\" \/>\n<meta property=\"og:type\" content=\"article\" \/>\n<meta property=\"og:title\" content=\"Tratamentul postoperator | Cerviron\" \/>\n<meta property=\"og:description\" content=\"CERVIRON \u00ceN TRATAMENTUL POSTOPERATOR Succesul dup\u0103 procedurile obstetricale \u0219i ginecologice depinde de \u00eenchiderea corect\u0103 a pl\u0103gii. Tehnicile pentru leziunile precanceroase includ excizia (\u00eendep\u0103rtarea chirurgical\u0103 a zonei anormale, denumit\u0103 \u0219i biopsie sau coniza\u021bie a colului), crioterapia \u0219i excizia cu laser. Ectropionul este frecvent observat ca o stare fiziologic\u0103 normal\u0103, atunci c\u00e2nd epiteliul columnar cre\u0219te \u0219i devine [&hellip;]\" \/>\n<meta property=\"og:url\" content=\"https:\/\/cerviron.com\/ro\/tratamentul-postoperator\/\" \/>\n<meta property=\"og:site_name\" content=\"Cerviron\" \/>\n<meta property=\"article:modified_time\" content=\"2026-03-31T15:49:45+00:00\" \/>\n<meta name=\"twitter:card\" content=\"summary_large_image\" \/>\n<meta name=\"twitter:label1\" content=\"Timp estimat pentru citire\" \/>\n\t<meta name=\"twitter:data1\" content=\"2 minute\" \/>\n<script type=\"application\/ld+json\" class=\"yoast-schema-graph\">{\"@context\":\"https:\/\/schema.org\",\"@graph\":[{\"@type\":\"WebPage\",\"@id\":\"https:\/\/cerviron.com\/ro\/tratamentul-postoperator\/\",\"url\":\"https:\/\/cerviron.com\/ro\/tratamentul-postoperator\/\",\"name\":\"Tratamentul postoperator | Cerviron\",\"isPartOf\":{\"@id\":\"https:\/\/cerviron.com\/ro\/#website\"},\"primaryImageOfPage\":{\"@id\":\"https:\/\/cerviron.com\/ro\/tratamentul-postoperator\/#primaryimage\"},\"image\":{\"@id\":\"https:\/\/cerviron.com\/ro\/tratamentul-postoperator\/#primaryimage\"},\"thumbnailUrl\":\"https:\/\/cerviron.com\/wp-content\/uploads\/2026\/03\/cerviron-1200x1200-ro-1.png\",\"datePublished\":\"2025-09-29T20:08:41+00:00\",\"dateModified\":\"2026-03-31T15:49:45+00:00\",\"breadcrumb\":{\"@id\":\"https:\/\/cerviron.com\/ro\/tratamentul-postoperator\/#breadcrumb\"},\"inLanguage\":\"ro-RO\",\"potentialAction\":[{\"@type\":\"ReadAction\",\"target\":[\"https:\/\/cerviron.com\/ro\/tratamentul-postoperator\/\"]}]},{\"@type\":\"ImageObject\",\"inLanguage\":\"ro-RO\",\"@id\":\"https:\/\/cerviron.com\/ro\/tratamentul-postoperator\/#primaryimage\",\"url\":\"https:\/\/cerviron.com\/wp-content\/uploads\/2026\/03\/cerviron-1200x1200-ro-1.png\",\"contentUrl\":\"https:\/\/cerviron.com\/wp-content\/uploads\/2026\/03\/cerviron-1200x1200-ro-1.png\"},{\"@type\":\"BreadcrumbList\",\"@id\":\"https:\/\/cerviron.com\/ro\/tratamentul-postoperator\/#breadcrumb\",\"itemListElement\":[{\"@type\":\"ListItem\",\"position\":1,\"name\":\"Home\",\"item\":\"https:\/\/cerviron.com\/ro\/\"},{\"@type\":\"ListItem\",\"position\":2,\"name\":\"Tratamentul postoperator\"}]},{\"@type\":\"WebSite\",\"@id\":\"https:\/\/cerviron.com\/ro\/#website\",\"url\":\"https:\/\/cerviron.com\/ro\/\",\"name\":\"Cerviron\",\"description\":\"Ovule vaginale\",\"publisher\":{\"@id\":\"https:\/\/cerviron.com\/ro\/#organization\"},\"potentialAction\":[{\"@type\":\"SearchAction\",\"target\":{\"@type\":\"EntryPoint\",\"urlTemplate\":\"https:\/\/cerviron.com\/ro\/?s={search_term_string}\"},\"query-input\":{\"@type\":\"PropertyValueSpecification\",\"valueRequired\":true,\"valueName\":\"search_term_string\"}}],\"inLanguage\":\"ro-RO\"},{\"@type\":\"Organization\",\"@id\":\"https:\/\/cerviron.com\/ro\/#organization\",\"name\":\"Cerviron\",\"url\":\"https:\/\/cerviron.com\/ro\/\",\"logo\":{\"@type\":\"ImageObject\",\"inLanguage\":\"ro-RO\",\"@id\":\"https:\/\/cerviron.com\/ro\/#\/schema\/logo\/image\/\",\"url\":\"http:\/\/cerviron.com\/wp-content\/uploads\/2019\/06\/logo-09-1.png\",\"contentUrl\":\"http:\/\/cerviron.com\/wp-content\/uploads\/2019\/06\/logo-09-1.png\",\"width\":663,\"height\":94,\"caption\":\"Cerviron\"},\"image\":{\"@id\":\"https:\/\/cerviron.com\/ro\/#\/schema\/logo\/image\/\"}}]}<\/script>\n<!-- \/ Yoast SEO plugin. -->","yoast_head_json":{"title":"Tratamentul postoperator | Cerviron","robots":{"index":"index","follow":"follow","max-snippet":"max-snippet:-1","max-image-preview":"max-image-preview:large","max-video-preview":"max-video-preview:-1"},"canonical":"https:\/\/cerviron.com\/ro\/tratamentul-postoperator\/","og_locale":"ro_RO","og_type":"article","og_title":"Tratamentul postoperator | Cerviron","og_description":"CERVIRON \u00ceN TRATAMENTUL POSTOPERATOR Succesul dup\u0103 procedurile obstetricale \u0219i ginecologice depinde de \u00eenchiderea corect\u0103 a pl\u0103gii. Tehnicile pentru leziunile precanceroase includ excizia (\u00eendep\u0103rtarea chirurgical\u0103 a zonei anormale, denumit\u0103 \u0219i biopsie sau coniza\u021bie a colului), crioterapia \u0219i excizia cu laser. Ectropionul este frecvent observat ca o stare fiziologic\u0103 normal\u0103, atunci c\u00e2nd epiteliul columnar cre\u0219te \u0219i devine [&hellip;]","og_url":"https:\/\/cerviron.com\/ro\/tratamentul-postoperator\/","og_site_name":"Cerviron","article_modified_time":"2026-03-31T15:49:45+00:00","twitter_card":"summary_large_image","twitter_misc":{"Timp estimat pentru citire":"2 minute"},"schema":{"@context":"https:\/\/schema.org","@graph":[{"@type":"WebPage","@id":"https:\/\/cerviron.com\/ro\/tratamentul-postoperator\/","url":"https:\/\/cerviron.com\/ro\/tratamentul-postoperator\/","name":"Tratamentul postoperator | Cerviron","isPartOf":{"@id":"https:\/\/cerviron.com\/ro\/#website"},"primaryImageOfPage":{"@id":"https:\/\/cerviron.com\/ro\/tratamentul-postoperator\/#primaryimage"},"image":{"@id":"https:\/\/cerviron.com\/ro\/tratamentul-postoperator\/#primaryimage"},"thumbnailUrl":"https:\/\/cerviron.com\/wp-content\/uploads\/2026\/03\/cerviron-1200x1200-ro-1.png","datePublished":"2025-09-29T20:08:41+00:00","dateModified":"2026-03-31T15:49:45+00:00","breadcrumb":{"@id":"https:\/\/cerviron.com\/ro\/tratamentul-postoperator\/#breadcrumb"},"inLanguage":"ro-RO","potentialAction":[{"@type":"ReadAction","target":["https:\/\/cerviron.com\/ro\/tratamentul-postoperator\/"]}]},{"@type":"ImageObject","inLanguage":"ro-RO","@id":"https:\/\/cerviron.com\/ro\/tratamentul-postoperator\/#primaryimage","url":"https:\/\/cerviron.com\/wp-content\/uploads\/2026\/03\/cerviron-1200x1200-ro-1.png","contentUrl":"https:\/\/cerviron.com\/wp-content\/uploads\/2026\/03\/cerviron-1200x1200-ro-1.png"},{"@type":"BreadcrumbList","@id":"https:\/\/cerviron.com\/ro\/tratamentul-postoperator\/#breadcrumb","itemListElement":[{"@type":"ListItem","position":1,"name":"Home","item":"https:\/\/cerviron.com\/ro\/"},{"@type":"ListItem","position":2,"name":"Tratamentul postoperator"}]},{"@type":"WebSite","@id":"https:\/\/cerviron.com\/ro\/#website","url":"https:\/\/cerviron.com\/ro\/","name":"Cerviron","description":"Ovule vaginale","publisher":{"@id":"https:\/\/cerviron.com\/ro\/#organization"},"potentialAction":[{"@type":"SearchAction","target":{"@type":"EntryPoint","urlTemplate":"https:\/\/cerviron.com\/ro\/?s={search_term_string}"},"query-input":{"@type":"PropertyValueSpecification","valueRequired":true,"valueName":"search_term_string"}}],"inLanguage":"ro-RO"},{"@type":"Organization","@id":"https:\/\/cerviron.com\/ro\/#organization","name":"Cerviron","url":"https:\/\/cerviron.com\/ro\/","logo":{"@type":"ImageObject","inLanguage":"ro-RO","@id":"https:\/\/cerviron.com\/ro\/#\/schema\/logo\/image\/","url":"http:\/\/cerviron.com\/wp-content\/uploads\/2019\/06\/logo-09-1.png","contentUrl":"http:\/\/cerviron.com\/wp-content\/uploads\/2019\/06\/logo-09-1.png","width":663,"height":94,"caption":"Cerviron"},"image":{"@id":"https:\/\/cerviron.com\/ro\/#\/schema\/logo\/image\/"}}]}},"_links":{"self":[{"href":"https:\/\/cerviron.com\/ro\/wp-json\/wp\/v2\/pages\/28419","targetHints":{"allow":["GET"]}}],"collection":[{"href":"https:\/\/cerviron.com\/ro\/wp-json\/wp\/v2\/pages"}],"about":[{"href":"https:\/\/cerviron.com\/ro\/wp-json\/wp\/v2\/types\/page"}],"author":[{"embeddable":true,"href":"https:\/\/cerviron.com\/ro\/wp-json\/wp\/v2\/users\/1"}],"replies":[{"embeddable":true,"href":"https:\/\/cerviron.com\/ro\/wp-json\/wp\/v2\/comments?post=28419"}],"version-history":[{"count":25,"href":"https:\/\/cerviron.com\/ro\/wp-json\/wp\/v2\/pages\/28419\/revisions"}],"predecessor-version":[{"id":29263,"href":"https:\/\/cerviron.com\/ro\/wp-json\/wp\/v2\/pages\/28419\/revisions\/29263"}],"wp:attachment":[{"href":"https:\/\/cerviron.com\/ro\/wp-json\/wp\/v2\/media?parent=28419"}],"curies":[{"name":"wp","href":"https:\/\/api.w.org\/{rel}","templated":true}]}}