{"id":28421,"date":"2025-09-29T22:12:30","date_gmt":"2025-09-29T20:12:30","guid":{"rendered":"https:\/\/cerviron.com\/restabilirea-ph-ului-vaginal\/"},"modified":"2026-03-31T17:47:29","modified_gmt":"2026-03-31T15:47:29","slug":"restabilirea-ph-ului-vaginal","status":"publish","type":"page","link":"https:\/\/cerviron.com\/ro\/restabilirea-ph-ului-vaginal\/","title":{"rendered":"Restabilirea pH-ului vaginal"},"content":{"rendered":"<h4>CERVIRON \u00ceN RESTABILIREA PH-ULUI VAGINAL<\/h4>\n<p>Peste 50 de specii de bacterii alc\u0103tuiesc flora vaginal\u0103. Lactobacilii sunt cei mai frecven\u021bi, \u00een special la femeile s\u0103n\u0103toase. Microbiota \u00ee\u0219i poate schimba compozi\u021bia rapid, din motive care nu sunt pe deplin clare, ceea ce poate duce la infec\u021bii.<\/p>\n<p>Dac\u0103 echilibrul bacteriilor este perturbat, acest lucru poate duce la infec\u021bii \u0219i inflama\u021bii. Bacteriile numite lactobacili contribuie la men\u021binerea echilibrului pH-ului vaginului la nivelul s\u0103u normal sc\u0103zut (mai mic de pH 4,5), ceea ce previne \u0219i dezvoltarea altor organisme. Dac\u0103 pH-ul vaginului cre\u0219te (devine mai pu\u021bin acid), calitatea sau cantitatea de lactobacili poate sc\u0103dea \u0219i alte bacterii se pot \u00eenmul\u021bi necontrolat. Acest lucru poate duce la infec\u021bii cum ar fi vaginoza bacterian\u0103, care pot provoca simptome precum m\u00e2nc\u0103rime, irita\u021bie \u0219i secre\u021bii anormale.<\/p>\n<p>In ceea ce priveste dieta, cercetarea microbiomului intestinal a demonstrat faptul ca obiceiurile alimentare joaca un rol important in echilibrul functiei si al dispunerii comunitatii bacteriene. Aportul nutritional de grasimi si incarcarea glicemica necontrolata duc la vaginoza bacterian\u0103 progresiv\u0103 \u0219i persistent\u0103. Prin efectul proinflamator descris mai sus, participa la patogenia obezitatii, a bolilor metabolice, la boala inflamatorie intestinala si nu in ultimul rand la debutul unor neoplazii.<\/p>\n<p><strong>CERVIRON<sup>\u00ae<\/sup> restabile\u0219te pH-ul vaginal, amelioreaz\u0103 inflama\u021biile vaginale, \u00eembun\u0103t\u0103\u021beste aspectul secre\u021biilor vaginale \u0219i reduce proliferarea bacteriilor dup\u0103 3 luni de tratament.<\/strong><\/p>\n<h4>Cum se administreaz\u0103 corect?<\/h4>\n<h6>1 ovul\/zi<br \/>\n10 sau 15 zile\/lun\u0103<br \/>\n<\/h6>\n<p>\t<a href=\"https:\/\/cerviron.com\/ro\/cum-se-utilizeaza\/\" >citeste mai mult<\/a><br \/>\n\t\t\t\t\t\t\t\t\t\t\t\t\t\t\t<img fetchpriority=\"high\" decoding=\"async\" width=\"1200\" height=\"1200\" src=\"https:\/\/cerviron.com\/wp-content\/uploads\/2026\/03\/cerviron-1200x1200-ro-1.png\" alt=\"\" srcset=\"https:\/\/cerviron.com\/wp-content\/uploads\/2026\/03\/cerviron-1200x1200-ro-1.png 1200w, https:\/\/cerviron.com\/wp-content\/uploads\/2026\/03\/cerviron-1200x1200-ro-1-300x300.png 300w, https:\/\/cerviron.com\/wp-content\/uploads\/2026\/03\/cerviron-1200x1200-ro-1-1024x1024.png 1024w, https:\/\/cerviron.com\/wp-content\/uploads\/2026\/03\/cerviron-1200x1200-ro-1-150x150.png 150w, https:\/\/cerviron.com\/wp-content\/uploads\/2026\/03\/cerviron-1200x1200-ro-1-768x768.png 768w, https:\/\/cerviron.com\/wp-content\/uploads\/2026\/03\/cerviron-1200x1200-ro-1-140x140.png 140w, https:\/\/cerviron.com\/wp-content\/uploads\/2026\/03\/cerviron-1200x1200-ro-1-110x110.png 110w, https:\/\/cerviron.com\/wp-content\/uploads\/2026\/03\/cerviron-1200x1200-ro-1-100x100.png 100w, https:\/\/cerviron.com\/wp-content\/uploads\/2026\/03\/cerviron-1200x1200-ro-1-360x360.png 360w, https:\/\/cerviron.com\/wp-content\/uploads\/2026\/03\/cerviron-1200x1200-ro-1-800x800.png 800w\" sizes=\"(max-width: 1200px) 100vw, 1200px\" \/><\/p>\n","protected":false},"excerpt":{"rendered":"<p>CERVIRON \u00ceN RESTABILIREA PH-ULUI VAGINAL Peste 50 de specii de bacterii alc\u0103tuiesc flora vaginal\u0103. Lactobacilii sunt cei mai frecven\u021bi, \u00een special la femeile s\u0103n\u0103toase. Microbiota \u00ee\u0219i poate schimba compozi\u021bia rapid, din motive care nu sunt pe deplin clare, ceea ce poate duce la infec\u021bii. Dac\u0103 echilibrul bacteriilor este perturbat, acest lucru poate duce la infec\u021bii [&hellip;]<\/p>\n","protected":false},"author":1,"featured_media":0,"parent":0,"menu_order":0,"comment_status":"closed","ping_status":"closed","template":"","meta":{"footnotes":""},"class_list":["post-28421","page","type-page","status-publish","hentry"],"yoast_head":"<!-- This site is optimized with the Yoast SEO plugin v24.9 - https:\/\/yoast.com\/wordpress\/plugins\/seo\/ -->\n<title>Restabilirea pH-ului vaginal | Cerviron<\/title>\n<meta name=\"robots\" content=\"index, follow, max-snippet:-1, max-image-preview:large, max-video-preview:-1\" \/>\n<link rel=\"canonical\" href=\"https:\/\/cerviron.com\/ro\/restabilirea-ph-ului-vaginal\/\" \/>\n<meta property=\"og:locale\" content=\"ro_RO\" \/>\n<meta property=\"og:type\" content=\"article\" \/>\n<meta property=\"og:title\" content=\"Restabilirea pH-ului vaginal | Cerviron\" \/>\n<meta property=\"og:description\" content=\"CERVIRON \u00ceN RESTABILIREA PH-ULUI VAGINAL Peste 50 de specii de bacterii alc\u0103tuiesc flora vaginal\u0103. Lactobacilii sunt cei mai frecven\u021bi, \u00een special la femeile s\u0103n\u0103toase. Microbiota \u00ee\u0219i poate schimba compozi\u021bia rapid, din motive care nu sunt pe deplin clare, ceea ce poate duce la infec\u021bii. Dac\u0103 echilibrul bacteriilor este perturbat, acest lucru poate duce la infec\u021bii [&hellip;]\" \/>\n<meta property=\"og:url\" content=\"https:\/\/cerviron.com\/ro\/restabilirea-ph-ului-vaginal\/\" \/>\n<meta property=\"og:site_name\" content=\"Cerviron\" \/>\n<meta property=\"article:modified_time\" content=\"2026-03-31T15:47:29+00:00\" \/>\n<meta name=\"twitter:card\" content=\"summary_large_image\" \/>\n<meta name=\"twitter:label1\" content=\"Timp estimat pentru citire\" \/>\n\t<meta name=\"twitter:data1\" content=\"2 minute\" \/>\n<script type=\"application\/ld+json\" class=\"yoast-schema-graph\">{\"@context\":\"https:\/\/schema.org\",\"@graph\":[{\"@type\":\"WebPage\",\"@id\":\"https:\/\/cerviron.com\/ro\/restabilirea-ph-ului-vaginal\/\",\"url\":\"https:\/\/cerviron.com\/ro\/restabilirea-ph-ului-vaginal\/\",\"name\":\"Restabilirea pH-ului vaginal | Cerviron\",\"isPartOf\":{\"@id\":\"https:\/\/cerviron.com\/ro\/#website\"},\"primaryImageOfPage\":{\"@id\":\"https:\/\/cerviron.com\/ro\/restabilirea-ph-ului-vaginal\/#primaryimage\"},\"image\":{\"@id\":\"https:\/\/cerviron.com\/ro\/restabilirea-ph-ului-vaginal\/#primaryimage\"},\"thumbnailUrl\":\"https:\/\/cerviron.com\/wp-content\/uploads\/2026\/03\/cerviron-1200x1200-ro-1.png\",\"datePublished\":\"2025-09-29T20:12:30+00:00\",\"dateModified\":\"2026-03-31T15:47:29+00:00\",\"breadcrumb\":{\"@id\":\"https:\/\/cerviron.com\/ro\/restabilirea-ph-ului-vaginal\/#breadcrumb\"},\"inLanguage\":\"ro-RO\",\"potentialAction\":[{\"@type\":\"ReadAction\",\"target\":[\"https:\/\/cerviron.com\/ro\/restabilirea-ph-ului-vaginal\/\"]}]},{\"@type\":\"ImageObject\",\"inLanguage\":\"ro-RO\",\"@id\":\"https:\/\/cerviron.com\/ro\/restabilirea-ph-ului-vaginal\/#primaryimage\",\"url\":\"https:\/\/cerviron.com\/wp-content\/uploads\/2026\/03\/cerviron-1200x1200-ro-1.png\",\"contentUrl\":\"https:\/\/cerviron.com\/wp-content\/uploads\/2026\/03\/cerviron-1200x1200-ro-1.png\"},{\"@type\":\"BreadcrumbList\",\"@id\":\"https:\/\/cerviron.com\/ro\/restabilirea-ph-ului-vaginal\/#breadcrumb\",\"itemListElement\":[{\"@type\":\"ListItem\",\"position\":1,\"name\":\"Home\",\"item\":\"https:\/\/cerviron.com\/ro\/\"},{\"@type\":\"ListItem\",\"position\":2,\"name\":\"Restabilirea pH-ului vaginal\"}]},{\"@type\":\"WebSite\",\"@id\":\"https:\/\/cerviron.com\/ro\/#website\",\"url\":\"https:\/\/cerviron.com\/ro\/\",\"name\":\"Cerviron\",\"description\":\"Ovule vaginale\",\"publisher\":{\"@id\":\"https:\/\/cerviron.com\/ro\/#organization\"},\"potentialAction\":[{\"@type\":\"SearchAction\",\"target\":{\"@type\":\"EntryPoint\",\"urlTemplate\":\"https:\/\/cerviron.com\/ro\/?s={search_term_string}\"},\"query-input\":{\"@type\":\"PropertyValueSpecification\",\"valueRequired\":true,\"valueName\":\"search_term_string\"}}],\"inLanguage\":\"ro-RO\"},{\"@type\":\"Organization\",\"@id\":\"https:\/\/cerviron.com\/ro\/#organization\",\"name\":\"Cerviron\",\"url\":\"https:\/\/cerviron.com\/ro\/\",\"logo\":{\"@type\":\"ImageObject\",\"inLanguage\":\"ro-RO\",\"@id\":\"https:\/\/cerviron.com\/ro\/#\/schema\/logo\/image\/\",\"url\":\"http:\/\/cerviron.com\/wp-content\/uploads\/2019\/06\/logo-09-1.png\",\"contentUrl\":\"http:\/\/cerviron.com\/wp-content\/uploads\/2019\/06\/logo-09-1.png\",\"width\":663,\"height\":94,\"caption\":\"Cerviron\"},\"image\":{\"@id\":\"https:\/\/cerviron.com\/ro\/#\/schema\/logo\/image\/\"}}]}<\/script>\n<!-- \/ Yoast SEO plugin. -->","yoast_head_json":{"title":"Restabilirea pH-ului vaginal | Cerviron","robots":{"index":"index","follow":"follow","max-snippet":"max-snippet:-1","max-image-preview":"max-image-preview:large","max-video-preview":"max-video-preview:-1"},"canonical":"https:\/\/cerviron.com\/ro\/restabilirea-ph-ului-vaginal\/","og_locale":"ro_RO","og_type":"article","og_title":"Restabilirea pH-ului vaginal | Cerviron","og_description":"CERVIRON \u00ceN RESTABILIREA PH-ULUI VAGINAL Peste 50 de specii de bacterii alc\u0103tuiesc flora vaginal\u0103. Lactobacilii sunt cei mai frecven\u021bi, \u00een special la femeile s\u0103n\u0103toase. Microbiota \u00ee\u0219i poate schimba compozi\u021bia rapid, din motive care nu sunt pe deplin clare, ceea ce poate duce la infec\u021bii. Dac\u0103 echilibrul bacteriilor este perturbat, acest lucru poate duce la infec\u021bii [&hellip;]","og_url":"https:\/\/cerviron.com\/ro\/restabilirea-ph-ului-vaginal\/","og_site_name":"Cerviron","article_modified_time":"2026-03-31T15:47:29+00:00","twitter_card":"summary_large_image","twitter_misc":{"Timp estimat pentru citire":"2 minute"},"schema":{"@context":"https:\/\/schema.org","@graph":[{"@type":"WebPage","@id":"https:\/\/cerviron.com\/ro\/restabilirea-ph-ului-vaginal\/","url":"https:\/\/cerviron.com\/ro\/restabilirea-ph-ului-vaginal\/","name":"Restabilirea pH-ului vaginal | Cerviron","isPartOf":{"@id":"https:\/\/cerviron.com\/ro\/#website"},"primaryImageOfPage":{"@id":"https:\/\/cerviron.com\/ro\/restabilirea-ph-ului-vaginal\/#primaryimage"},"image":{"@id":"https:\/\/cerviron.com\/ro\/restabilirea-ph-ului-vaginal\/#primaryimage"},"thumbnailUrl":"https:\/\/cerviron.com\/wp-content\/uploads\/2026\/03\/cerviron-1200x1200-ro-1.png","datePublished":"2025-09-29T20:12:30+00:00","dateModified":"2026-03-31T15:47:29+00:00","breadcrumb":{"@id":"https:\/\/cerviron.com\/ro\/restabilirea-ph-ului-vaginal\/#breadcrumb"},"inLanguage":"ro-RO","potentialAction":[{"@type":"ReadAction","target":["https:\/\/cerviron.com\/ro\/restabilirea-ph-ului-vaginal\/"]}]},{"@type":"ImageObject","inLanguage":"ro-RO","@id":"https:\/\/cerviron.com\/ro\/restabilirea-ph-ului-vaginal\/#primaryimage","url":"https:\/\/cerviron.com\/wp-content\/uploads\/2026\/03\/cerviron-1200x1200-ro-1.png","contentUrl":"https:\/\/cerviron.com\/wp-content\/uploads\/2026\/03\/cerviron-1200x1200-ro-1.png"},{"@type":"BreadcrumbList","@id":"https:\/\/cerviron.com\/ro\/restabilirea-ph-ului-vaginal\/#breadcrumb","itemListElement":[{"@type":"ListItem","position":1,"name":"Home","item":"https:\/\/cerviron.com\/ro\/"},{"@type":"ListItem","position":2,"name":"Restabilirea pH-ului vaginal"}]},{"@type":"WebSite","@id":"https:\/\/cerviron.com\/ro\/#website","url":"https:\/\/cerviron.com\/ro\/","name":"Cerviron","description":"Ovule vaginale","publisher":{"@id":"https:\/\/cerviron.com\/ro\/#organization"},"potentialAction":[{"@type":"SearchAction","target":{"@type":"EntryPoint","urlTemplate":"https:\/\/cerviron.com\/ro\/?s={search_term_string}"},"query-input":{"@type":"PropertyValueSpecification","valueRequired":true,"valueName":"search_term_string"}}],"inLanguage":"ro-RO"},{"@type":"Organization","@id":"https:\/\/cerviron.com\/ro\/#organization","name":"Cerviron","url":"https:\/\/cerviron.com\/ro\/","logo":{"@type":"ImageObject","inLanguage":"ro-RO","@id":"https:\/\/cerviron.com\/ro\/#\/schema\/logo\/image\/","url":"http:\/\/cerviron.com\/wp-content\/uploads\/2019\/06\/logo-09-1.png","contentUrl":"http:\/\/cerviron.com\/wp-content\/uploads\/2019\/06\/logo-09-1.png","width":663,"height":94,"caption":"Cerviron"},"image":{"@id":"https:\/\/cerviron.com\/ro\/#\/schema\/logo\/image\/"}}]}},"_links":{"self":[{"href":"https:\/\/cerviron.com\/ro\/wp-json\/wp\/v2\/pages\/28421","targetHints":{"allow":["GET"]}}],"collection":[{"href":"https:\/\/cerviron.com\/ro\/wp-json\/wp\/v2\/pages"}],"about":[{"href":"https:\/\/cerviron.com\/ro\/wp-json\/wp\/v2\/types\/page"}],"author":[{"embeddable":true,"href":"https:\/\/cerviron.com\/ro\/wp-json\/wp\/v2\/users\/1"}],"replies":[{"embeddable":true,"href":"https:\/\/cerviron.com\/ro\/wp-json\/wp\/v2\/comments?post=28421"}],"version-history":[{"count":25,"href":"https:\/\/cerviron.com\/ro\/wp-json\/wp\/v2\/pages\/28421\/revisions"}],"predecessor-version":[{"id":29257,"href":"https:\/\/cerviron.com\/ro\/wp-json\/wp\/v2\/pages\/28421\/revisions\/29257"}],"wp:attachment":[{"href":"https:\/\/cerviron.com\/ro\/wp-json\/wp\/v2\/media?parent=28421"}],"curies":[{"name":"wp","href":"https:\/\/api.w.org\/{rel}","templated":true}]}}