{"id":28423,"date":"2025-09-29T22:17:32","date_gmt":"2025-09-29T20:17:32","guid":{"rendered":"https:\/\/cerviron.com\/asocierea-cu-alte-terapii-orale\/"},"modified":"2026-03-31T14:30:28","modified_gmt":"2026-03-31T12:30:28","slug":"asocierea-cu-alte-terapii-orale","status":"publish","type":"page","link":"https:\/\/cerviron.com\/ro\/asocierea-cu-alte-terapii-orale\/","title":{"rendered":"Asocierea cu alte terapii orale"},"content":{"rendered":"\t\t<div data-elementor-type=\"wp-page\" data-elementor-id=\"28423\" class=\"elementor elementor-28423 elementor-28121\">\n\t\t\t\t\t\t<section class=\"elementor-section elementor-top-section elementor-element elementor-element-546e20e elementor-section-boxed elementor-section-height-default elementor-section-height-default\" data-id=\"546e20e\" data-element_type=\"section\">\n\t\t\t\t\t\t<div class=\"elementor-container elementor-column-gap-default\">\n\t\t\t\t\t<div class=\"elementor-column elementor-col-100 elementor-top-column elementor-element elementor-element-cc83d69\" data-id=\"cc83d69\" data-element_type=\"column\">\n\t\t\t<div class=\"elementor-widget-wrap elementor-element-populated\">\n\t\t\t\t\t\t<div class=\"elementor-element elementor-element-2ad8f21 lte-heading-style-header-subheader-dash elementor-widget elementor-widget-lte-header\" data-id=\"2ad8f21\" data-element_type=\"widget\" data-widget_type=\"lte-header.default\">\n\t\t\t\t<div class=\"elementor-widget-container\">\n\t\t\t\t\t<div class=\"lte-heading lte-style-header-subheader-dash lte-color-second lte-subcolor-main heading-tag-h4 heading-subtag-h6\"><div class=\"lte-heading-content\"><h4 class=\"lte-header\"><span>CERVIRON \u00ceN ASOCIEREA CU ALTE TERAPII ORALE <\/span><\/h4><\/div><\/div>\t\t\t\t<\/div>\n\t\t\t\t<\/div>\n\t\t\t\t\t<\/div>\n\t\t<\/div>\n\t\t\t\t\t<\/div>\n\t\t<\/section>\n\t\t\t\t<section class=\"elementor-section elementor-top-section elementor-element elementor-element-0a5e22f elementor-section-boxed elementor-section-height-default elementor-section-height-default\" data-id=\"0a5e22f\" data-element_type=\"section\">\n\t\t\t\t\t\t<div class=\"elementor-container elementor-column-gap-default\">\n\t\t\t\t\t<div class=\"elementor-column elementor-col-50 elementor-top-column elementor-element elementor-element-e6d5efa\" data-id=\"e6d5efa\" data-element_type=\"column\">\n\t\t\t<div class=\"elementor-widget-wrap elementor-element-populated\">\n\t\t\t\t\t\t<div class=\"elementor-element elementor-element-7fa2904 elementor-widget elementor-widget-text-editor\" data-id=\"7fa2904\" data-element_type=\"widget\" data-widget_type=\"text-editor.default\">\n\t\t\t\t<div class=\"elementor-widget-container\">\n\t\t\t\t\t\t\t\t\t<p>CERVIRON<sup>\u00ae<\/sup> este indicat ca adjuvant \u00een tratamentele cu antibiotice \u0219i antifungice, contribuind la restabilirea echilibrului florei vaginale \u0219i la men\u021binerea unui pH vaginal normal, sprijinind astfel eficien\u021ba tratamentelor cu antibiotice \u0219i antifungice.<\/p><p><strong> Conform studiilor clinice, utilizarea CERVIRON<sup>\u00ae<\/sup> a demonstrat o ameliorare semnificativ\u0103 a simptomelor precum leucoreea, pruritul \u0219i senza\u021biile de arsur\u0103, dup\u0103 un tratament de 3 luni. De asemenea, s-a observat o \u00eembun\u0103t\u0103\u021bire a aspectului colului uterin la colposcopie, indic\u00e2nd eficacitatea \u00een gestionarea leziunilor cervicale simptomatice. <\/strong><\/p><p>CERVIRON<sup>\u00ae<\/sup> este un tratament excelent, sigur \u0219i eficient, adaptat nevoilor pacientelor, fie c\u0103 este utilizat ca tratament de sine st\u0103t\u0103tor, fie \u00een asociere cu tratamente orale sau locale cu antibiotice, antifungice sau antivirale.<\/p>\t\t\t\t\t\t\t\t<\/div>\n\t\t\t\t<\/div>\n\t\t\t\t\t<\/div>\n\t\t<\/div>\n\t\t\t\t<div class=\"elementor-column elementor-col-50 elementor-top-column elementor-element elementor-element-321610f\" data-id=\"321610f\" data-element_type=\"column\">\n\t\t\t<div class=\"elementor-widget-wrap elementor-element-populated\">\n\t\t\t\t\t\t<div class=\"elementor-element elementor-element-ec06d88 elementor-widget elementor-widget-image\" data-id=\"ec06d88\" data-element_type=\"widget\" data-widget_type=\"image.default\">\n\t\t\t\t<div class=\"elementor-widget-container\">\n\t\t\t\t\t\t\t\t\t\t\t\t\t\t\t<img fetchpriority=\"high\" decoding=\"async\" width=\"795\" height=\"531\" src=\"https:\/\/cerviron.com\/wp-content\/uploads\/2025\/09\/imagine_3.jpg\" class=\"attachment-large size-large wp-image-28156\" alt=\"\" srcset=\"https:\/\/cerviron.com\/wp-content\/uploads\/2025\/09\/imagine_3.jpg 795w, https:\/\/cerviron.com\/wp-content\/uploads\/2025\/09\/imagine_3-300x200.jpg 300w, https:\/\/cerviron.com\/wp-content\/uploads\/2025\/09\/imagine_3-768x513.jpg 768w, https:\/\/cerviron.com\/wp-content\/uploads\/2025\/09\/imagine_3-100x67.jpg 100w\" sizes=\"(max-width: 795px) 100vw, 795px\" \/>\t\t\t\t\t\t\t\t\t\t\t\t\t\t\t<\/div>\n\t\t\t\t<\/div>\n\t\t\t\t\t<\/div>\n\t\t<\/div>\n\t\t\t\t\t<\/div>\n\t\t<\/section>\n\t\t\t\t<section class=\"elementor-section elementor-top-section elementor-element elementor-element-6157b7f elementor-section-boxed elementor-section-height-default elementor-section-height-default\" data-id=\"6157b7f\" data-element_type=\"section\">\n\t\t\t\t\t\t<div class=\"elementor-container elementor-column-gap-default\">\n\t\t\t\t\t<div class=\"elementor-column elementor-col-100 elementor-top-column elementor-element elementor-element-015aae9\" data-id=\"015aae9\" data-element_type=\"column\">\n\t\t\t<div class=\"elementor-widget-wrap elementor-element-populated\">\n\t\t\t\t\t\t<div class=\"elementor-element elementor-element-b09d754 elementor-widget elementor-widget-spacer\" data-id=\"b09d754\" data-element_type=\"widget\" data-widget_type=\"spacer.default\">\n\t\t\t\t<div class=\"elementor-widget-container\">\n\t\t\t\t\t\t\t<div class=\"elementor-spacer\">\n\t\t\t<div class=\"elementor-spacer-inner\"><\/div>\n\t\t<\/div>\n\t\t\t\t\t\t<\/div>\n\t\t\t\t<\/div>\n\t\t\t\t\t<\/div>\n\t\t<\/div>\n\t\t\t\t\t<\/div>\n\t\t<\/section>\n\t\t\t\t<section class=\"elementor-section elementor-top-section elementor-element elementor-element-d2aef47 elementor-section-boxed elementor-section-height-default elementor-section-height-default\" data-id=\"d2aef47\" data-element_type=\"section\">\n\t\t\t\t\t\t<div class=\"elementor-container elementor-column-gap-default\">\n\t\t\t\t\t<div class=\"elementor-column elementor-col-50 elementor-top-column elementor-element elementor-element-4021da3\" data-id=\"4021da3\" data-element_type=\"column\">\n\t\t\t<div class=\"elementor-widget-wrap elementor-element-populated\">\n\t\t\t\t\t\t<div class=\"elementor-element elementor-element-0cc7d6e elementor-widget elementor-widget-image\" data-id=\"0cc7d6e\" data-element_type=\"widget\" data-widget_type=\"image.default\">\n\t\t\t\t<div class=\"elementor-widget-container\">\n\t\t\t\t\t\t\t\t\t\t\t\t\t\t\t<img decoding=\"async\" width=\"1024\" height=\"709\" src=\"https:\/\/cerviron.com\/wp-content\/uploads\/2026\/03\/CH0A4351-1-1024x709.jpg\" class=\"attachment-large size-large wp-image-29153\" alt=\"\" srcset=\"https:\/\/cerviron.com\/wp-content\/uploads\/2026\/03\/CH0A4351-1-1024x709.jpg 1024w, https:\/\/cerviron.com\/wp-content\/uploads\/2026\/03\/CH0A4351-1-300x208.jpg 300w, https:\/\/cerviron.com\/wp-content\/uploads\/2026\/03\/CH0A4351-1-768x531.jpg 768w, https:\/\/cerviron.com\/wp-content\/uploads\/2026\/03\/CH0A4351-1-1536x1063.jpg 1536w, https:\/\/cerviron.com\/wp-content\/uploads\/2026\/03\/CH0A4351-1-2048x1417.jpg 2048w, https:\/\/cerviron.com\/wp-content\/uploads\/2026\/03\/CH0A4351-1-100x69.jpg 100w, https:\/\/cerviron.com\/wp-content\/uploads\/2026\/03\/CH0A4351-1-800x554.jpg 800w\" sizes=\"(max-width: 1024px) 100vw, 1024px\" \/>\t\t\t\t\t\t\t\t\t\t\t\t\t\t\t<\/div>\n\t\t\t\t<\/div>\n\t\t\t\t\t<\/div>\n\t\t<\/div>\n\t\t\t\t<div class=\"elementor-column elementor-col-50 elementor-top-column elementor-element elementor-element-029dca7\" data-id=\"029dca7\" data-element_type=\"column\">\n\t\t\t<div class=\"elementor-widget-wrap elementor-element-populated\">\n\t\t\t\t\t\t<div class=\"elementor-element elementor-element-7f1cabd elementor-widget elementor-widget-text-editor\" data-id=\"7f1cabd\" data-element_type=\"widget\" data-widget_type=\"text-editor.default\">\n\t\t\t\t<div class=\"elementor-widget-container\">\n\t\t\t\t\t\t\t\t\t<p>CERVIRON<sup>\u00ae<\/sup> poate fi utilizat, in asociere cu un tratament medicamentos specific, in tratamentul simptomelor infectiilor vaginale cu:<\/p><ul><li>Gardnerella vaginalis<\/li><li>Trichomonas vaginalis<\/li><li>Candida albicans<\/li><li>Celule si filamente fungice<\/li><\/ul><p><strong>CERVIRON<sup>\u00ae<\/sup> se administreaz\u0103 un ovul intravaginal, de preferin\u021b\u0103 seara \u00eenainte de culcare sau conform prescrip\u021biei medicale. Utilizarea ovulelor \u00eencepe \u00een prima zi dup\u0103 menstrua\u021bie. Durata de administrare este de 10 sau 15 zile pe lun\u0103, sau conform indica\u021biilor medicului. Efectele pot aparea dup\u0103 prima lun\u0103 de tratament. Utilizarea se poate repeta c\u00e2teva luni p\u00e2n\u0103 la vindecare, sau pentru a consolida \u0219i men\u021bine efectele favorabile ob\u021binute. <\/strong><\/p>\t\t\t\t\t\t\t\t<\/div>\n\t\t\t\t<\/div>\n\t\t\t\t\t<\/div>\n\t\t<\/div>\n\t\t\t\t\t<\/div>\n\t\t<\/section>\n\t\t\t\t<section class=\"elementor-section elementor-top-section elementor-element elementor-element-b4f802d elementor-section-boxed elementor-section-height-default elementor-section-height-default\" data-id=\"b4f802d\" data-element_type=\"section\">\n\t\t\t\t\t\t<div class=\"elementor-container elementor-column-gap-default\">\n\t\t\t\t\t<div class=\"elementor-column elementor-col-100 elementor-top-column elementor-element elementor-element-4cad7c9\" data-id=\"4cad7c9\" data-element_type=\"column\">\n\t\t\t<div class=\"elementor-widget-wrap elementor-element-populated\">\n\t\t\t\t\t\t<div class=\"elementor-element elementor-element-5993727 elementor-widget elementor-widget-spacer\" data-id=\"5993727\" data-element_type=\"widget\" data-widget_type=\"spacer.default\">\n\t\t\t\t<div class=\"elementor-widget-container\">\n\t\t\t\t\t\t\t<div class=\"elementor-spacer\">\n\t\t\t<div class=\"elementor-spacer-inner\"><\/div>\n\t\t<\/div>\n\t\t\t\t\t\t<\/div>\n\t\t\t\t<\/div>\n\t\t\t\t\t<\/div>\n\t\t<\/div>\n\t\t\t\t\t<\/div>\n\t\t<\/section>\n\t\t\t\t<section class=\"lte-background-main elementor-section elementor-top-section elementor-element elementor-element-3e0f77da lte-overflow-visible lte-background-main elementor-section-stretched elementor-section-boxed elementor-section-height-default elementor-section-height-default\" data-id=\"3e0f77da\" data-element_type=\"section\" data-settings=\"{&quot;background_background&quot;:&quot;classic&quot;,&quot;stretch_section&quot;:&quot;section-stretched&quot;}\">\n\t\t\t\t\t\t<div class=\"elementor-container elementor-column-gap-default\">\n\t\t\t\t\t<div class=\"elementor-column elementor-col-100 elementor-top-column elementor-element elementor-element-4b845101\" data-id=\"4b845101\" data-element_type=\"column\" data-settings=\"{&quot;background_background&quot;:&quot;classic&quot;}\">\n\t\t\t<div class=\"elementor-widget-wrap elementor-element-populated\">\n\t\t\t\t\t\t<section class=\"elementor-section elementor-inner-section elementor-element elementor-element-3817ffba elementor-section-boxed elementor-section-height-default elementor-section-height-default\" data-id=\"3817ffba\" data-element_type=\"section\">\n\t\t\t\t\t\t<div class=\"elementor-container elementor-column-gap-default\">\n\t\t\t\t\t<div class=\"elementor-column elementor-col-50 elementor-inner-column elementor-element elementor-element-715c5a0e\" data-id=\"715c5a0e\" data-element_type=\"column\">\n\t\t\t<div class=\"elementor-widget-wrap elementor-element-populated\">\n\t\t\t\t\t\t<div class=\"elementor-element elementor-element-22216662 lte-heading-style-default elementor-widget elementor-widget-lte-header\" data-id=\"22216662\" data-element_type=\"widget\" data-widget_type=\"lte-header.default\">\n\t\t\t\t<div class=\"elementor-widget-container\">\n\t\t\t\t\t<div class=\"lte-heading lte-style-default lte-color-white lte-subcolor-white heading-tag-h4 heading-subtag-h6\"><div class=\"lte-heading-content\"><h4 class=\"lte-header\">Cum se administreaz\u0103 corect?<\/h4><\/div><\/div>\t\t\t\t<\/div>\n\t\t\t\t<\/div>\n\t\t\t\t<div class=\"elementor-element elementor-element-381264b6 elementor-widget__width-initial lte-heading-style-header-subheader elementor-widget elementor-widget-lte-header\" data-id=\"381264b6\" data-element_type=\"widget\" data-widget_type=\"lte-header.default\">\n\t\t\t\t<div class=\"elementor-widget-container\">\n\t\t\t\t\t<div class=\"lte-heading lte-style-header-subheader lte-color-white lte-subcolor-second heading-tag-h6 heading-subtag-h6\"><div class=\"lte-heading-content\"><h6 class=\"lte-header\">1 ovul\/zi<br \/>\n10 sau 15 zile\/lun\u0103<br \/>\n<\/h6><\/div><\/div>\t\t\t\t<\/div>\n\t\t\t\t<\/div>\n\t\t\t\t<div class=\"elementor-element elementor-element-7e74ad2 elementor-widget__width-auto elementor-widget elementor-widget-lte-button\" data-id=\"7e74ad2\" data-element_type=\"widget\" data-widget_type=\"lte-button.default\">\n\t\t\t\t<div class=\"elementor-widget-container\">\n\t\t\t\t\t<div class=\"lte-btn-wrap\">\r\n\t<a href=\"https:\/\/cerviron.com\/ro\/cum-se-utilizeaza\/\"  class=\"lte-btn btn-lg btn-white color-hover-second\"><span class=\"lte-btn-inner\"><span class=\"lte-btn-before\"><\/span>citeste mai mult<span class=\"lte-btn-after\"><\/span><\/span><\/a><\/div>\t\t\t\t<\/div>\n\t\t\t\t<\/div>\n\t\t\t\t<div class=\"elementor-element elementor-element-3aebf562 elementor-widget elementor-widget-spacer\" data-id=\"3aebf562\" data-element_type=\"widget\" data-widget_type=\"spacer.default\">\n\t\t\t\t<div class=\"elementor-widget-container\">\n\t\t\t\t\t\t\t<div class=\"elementor-spacer\">\n\t\t\t<div class=\"elementor-spacer-inner\"><\/div>\n\t\t<\/div>\n\t\t\t\t\t\t<\/div>\n\t\t\t\t<\/div>\n\t\t\t\t\t<\/div>\n\t\t<\/div>\n\t\t\t\t<div class=\"elementor-column elementor-col-50 elementor-inner-column elementor-element elementor-element-1d273fb7\" data-id=\"1d273fb7\" data-element_type=\"column\">\n\t\t\t<div class=\"elementor-widget-wrap elementor-element-populated\">\n\t\t\t\t\t\t<div class=\"elementor-element elementor-element-45f5dca2 elementor-widget elementor-widget-image\" data-id=\"45f5dca2\" data-element_type=\"widget\" data-widget_type=\"image.default\">\n\t\t\t\t<div class=\"elementor-widget-container\">\n\t\t\t\t\t\t\t\t\t\t\t\t\t\t\t<img decoding=\"async\" width=\"1200\" height=\"1200\" src=\"https:\/\/cerviron.com\/wp-content\/uploads\/2026\/03\/cerviron-1200x1200-ro.png\" class=\"attachment-full size-full wp-image-29031\" alt=\"\" srcset=\"https:\/\/cerviron.com\/wp-content\/uploads\/2026\/03\/cerviron-1200x1200-ro.png 1200w, https:\/\/cerviron.com\/wp-content\/uploads\/2026\/03\/cerviron-1200x1200-ro-300x300.png 300w, https:\/\/cerviron.com\/wp-content\/uploads\/2026\/03\/cerviron-1200x1200-ro-1024x1024.png 1024w, https:\/\/cerviron.com\/wp-content\/uploads\/2026\/03\/cerviron-1200x1200-ro-150x150.png 150w, https:\/\/cerviron.com\/wp-content\/uploads\/2026\/03\/cerviron-1200x1200-ro-768x768.png 768w, https:\/\/cerviron.com\/wp-content\/uploads\/2026\/03\/cerviron-1200x1200-ro-140x140.png 140w, https:\/\/cerviron.com\/wp-content\/uploads\/2026\/03\/cerviron-1200x1200-ro-110x110.png 110w, https:\/\/cerviron.com\/wp-content\/uploads\/2026\/03\/cerviron-1200x1200-ro-100x100.png 100w, https:\/\/cerviron.com\/wp-content\/uploads\/2026\/03\/cerviron-1200x1200-ro-360x360.png 360w, https:\/\/cerviron.com\/wp-content\/uploads\/2026\/03\/cerviron-1200x1200-ro-800x800.png 800w\" sizes=\"(max-width: 1200px) 100vw, 1200px\" \/>\t\t\t\t\t\t\t\t\t\t\t\t\t\t\t<\/div>\n\t\t\t\t<\/div>\n\t\t\t\t\t<\/div>\n\t\t<\/div>\n\t\t\t\t\t<\/div>\n\t\t<\/section>\n\t\t\t\t\t<\/div>\n\t\t<\/div>\n\t\t\t\t\t<\/div>\n\t\t<\/section>\n\t\t\t\t<\/div>\n\t\t","protected":false},"excerpt":{"rendered":"<p>CERVIRON \u00ceN ASOCIEREA CU ALTE TERAPII ORALE CERVIRON\u00ae este indicat ca adjuvant \u00een tratamentele cu antibiotice \u0219i antifungice, contribuind la restabilirea echilibrului florei vaginale \u0219i la men\u021binerea unui pH vaginal normal, sprijinind astfel eficien\u021ba tratamentelor cu antibiotice \u0219i antifungice. Conform studiilor clinice, utilizarea CERVIRON\u00ae a demonstrat o ameliorare semnificativ\u0103 a simptomelor precum leucoreea, pruritul \u0219i [&hellip;]<\/p>\n","protected":false},"author":1,"featured_media":0,"parent":0,"menu_order":0,"comment_status":"closed","ping_status":"closed","template":"","meta":{"footnotes":""},"class_list":["post-28423","page","type-page","status-publish","hentry"],"yoast_head":"<!-- This site is optimized with the Yoast SEO plugin v24.9 - https:\/\/yoast.com\/wordpress\/plugins\/seo\/ -->\n<title>Asocierea cu alte terapii orale | Cerviron<\/title>\n<meta name=\"robots\" content=\"index, follow, max-snippet:-1, max-image-preview:large, max-video-preview:-1\" \/>\n<link rel=\"canonical\" href=\"https:\/\/cerviron.com\/ro\/asocierea-cu-alte-terapii-orale\/\" \/>\n<meta property=\"og:locale\" content=\"ro_RO\" \/>\n<meta property=\"og:type\" content=\"article\" \/>\n<meta property=\"og:title\" content=\"Asocierea cu alte terapii orale | Cerviron\" \/>\n<meta property=\"og:description\" content=\"CERVIRON \u00ceN ASOCIEREA CU ALTE TERAPII ORALE CERVIRON\u00ae este indicat ca adjuvant \u00een tratamentele cu antibiotice \u0219i antifungice, contribuind la restabilirea echilibrului florei vaginale \u0219i la men\u021binerea unui pH vaginal normal, sprijinind astfel eficien\u021ba tratamentelor cu antibiotice \u0219i antifungice. Conform studiilor clinice, utilizarea CERVIRON\u00ae a demonstrat o ameliorare semnificativ\u0103 a simptomelor precum leucoreea, pruritul \u0219i [&hellip;]\" \/>\n<meta property=\"og:url\" content=\"https:\/\/cerviron.com\/ro\/asocierea-cu-alte-terapii-orale\/\" \/>\n<meta property=\"og:site_name\" content=\"Cerviron\" \/>\n<meta property=\"article:modified_time\" content=\"2026-03-31T12:30:28+00:00\" \/>\n<meta property=\"og:image\" content=\"https:\/\/cerviron.com\/wp-content\/uploads\/2025\/09\/imagine_3.jpg\" \/>\n<meta name=\"twitter:card\" content=\"summary_large_image\" \/>\n<meta name=\"twitter:label1\" content=\"Timp estimat pentru citire\" \/>\n\t<meta name=\"twitter:data1\" content=\"2 minute\" \/>\n<script type=\"application\/ld+json\" class=\"yoast-schema-graph\">{\"@context\":\"https:\/\/schema.org\",\"@graph\":[{\"@type\":\"WebPage\",\"@id\":\"https:\/\/cerviron.com\/ro\/asocierea-cu-alte-terapii-orale\/\",\"url\":\"https:\/\/cerviron.com\/ro\/asocierea-cu-alte-terapii-orale\/\",\"name\":\"Asocierea cu alte terapii orale | Cerviron\",\"isPartOf\":{\"@id\":\"https:\/\/cerviron.com\/ro\/#website\"},\"primaryImageOfPage\":{\"@id\":\"https:\/\/cerviron.com\/ro\/asocierea-cu-alte-terapii-orale\/#primaryimage\"},\"image\":{\"@id\":\"https:\/\/cerviron.com\/ro\/asocierea-cu-alte-terapii-orale\/#primaryimage\"},\"thumbnailUrl\":\"https:\/\/cerviron.com\/wp-content\/uploads\/2025\/09\/imagine_3.jpg\",\"datePublished\":\"2025-09-29T20:17:32+00:00\",\"dateModified\":\"2026-03-31T12:30:28+00:00\",\"breadcrumb\":{\"@id\":\"https:\/\/cerviron.com\/ro\/asocierea-cu-alte-terapii-orale\/#breadcrumb\"},\"inLanguage\":\"ro-RO\",\"potentialAction\":[{\"@type\":\"ReadAction\",\"target\":[\"https:\/\/cerviron.com\/ro\/asocierea-cu-alte-terapii-orale\/\"]}]},{\"@type\":\"ImageObject\",\"inLanguage\":\"ro-RO\",\"@id\":\"https:\/\/cerviron.com\/ro\/asocierea-cu-alte-terapii-orale\/#primaryimage\",\"url\":\"https:\/\/cerviron.com\/wp-content\/uploads\/2025\/09\/imagine_3.jpg\",\"contentUrl\":\"https:\/\/cerviron.com\/wp-content\/uploads\/2025\/09\/imagine_3.jpg\"},{\"@type\":\"BreadcrumbList\",\"@id\":\"https:\/\/cerviron.com\/ro\/asocierea-cu-alte-terapii-orale\/#breadcrumb\",\"itemListElement\":[{\"@type\":\"ListItem\",\"position\":1,\"name\":\"Home\",\"item\":\"https:\/\/cerviron.com\/ro\/\"},{\"@type\":\"ListItem\",\"position\":2,\"name\":\"Asocierea cu alte terapii orale\"}]},{\"@type\":\"WebSite\",\"@id\":\"https:\/\/cerviron.com\/ro\/#website\",\"url\":\"https:\/\/cerviron.com\/ro\/\",\"name\":\"Cerviron\",\"description\":\"Ovule vaginale\",\"publisher\":{\"@id\":\"https:\/\/cerviron.com\/ro\/#organization\"},\"potentialAction\":[{\"@type\":\"SearchAction\",\"target\":{\"@type\":\"EntryPoint\",\"urlTemplate\":\"https:\/\/cerviron.com\/ro\/?s={search_term_string}\"},\"query-input\":{\"@type\":\"PropertyValueSpecification\",\"valueRequired\":true,\"valueName\":\"search_term_string\"}}],\"inLanguage\":\"ro-RO\"},{\"@type\":\"Organization\",\"@id\":\"https:\/\/cerviron.com\/ro\/#organization\",\"name\":\"Cerviron\",\"url\":\"https:\/\/cerviron.com\/ro\/\",\"logo\":{\"@type\":\"ImageObject\",\"inLanguage\":\"ro-RO\",\"@id\":\"https:\/\/cerviron.com\/ro\/#\/schema\/logo\/image\/\",\"url\":\"http:\/\/cerviron.com\/wp-content\/uploads\/2019\/06\/logo-09-1.png\",\"contentUrl\":\"http:\/\/cerviron.com\/wp-content\/uploads\/2019\/06\/logo-09-1.png\",\"width\":663,\"height\":94,\"caption\":\"Cerviron\"},\"image\":{\"@id\":\"https:\/\/cerviron.com\/ro\/#\/schema\/logo\/image\/\"}}]}<\/script>\n<!-- \/ Yoast SEO plugin. -->","yoast_head_json":{"title":"Asocierea cu alte terapii orale | Cerviron","robots":{"index":"index","follow":"follow","max-snippet":"max-snippet:-1","max-image-preview":"max-image-preview:large","max-video-preview":"max-video-preview:-1"},"canonical":"https:\/\/cerviron.com\/ro\/asocierea-cu-alte-terapii-orale\/","og_locale":"ro_RO","og_type":"article","og_title":"Asocierea cu alte terapii orale | Cerviron","og_description":"CERVIRON \u00ceN ASOCIEREA CU ALTE TERAPII ORALE CERVIRON\u00ae este indicat ca adjuvant \u00een tratamentele cu antibiotice \u0219i antifungice, contribuind la restabilirea echilibrului florei vaginale \u0219i la men\u021binerea unui pH vaginal normal, sprijinind astfel eficien\u021ba tratamentelor cu antibiotice \u0219i antifungice. Conform studiilor clinice, utilizarea CERVIRON\u00ae a demonstrat o ameliorare semnificativ\u0103 a simptomelor precum leucoreea, pruritul \u0219i [&hellip;]","og_url":"https:\/\/cerviron.com\/ro\/asocierea-cu-alte-terapii-orale\/","og_site_name":"Cerviron","article_modified_time":"2026-03-31T12:30:28+00:00","og_image":[{"url":"https:\/\/cerviron.com\/wp-content\/uploads\/2025\/09\/imagine_3.jpg","type":"","width":"","height":""}],"twitter_card":"summary_large_image","twitter_misc":{"Timp estimat pentru citire":"2 minute"},"schema":{"@context":"https:\/\/schema.org","@graph":[{"@type":"WebPage","@id":"https:\/\/cerviron.com\/ro\/asocierea-cu-alte-terapii-orale\/","url":"https:\/\/cerviron.com\/ro\/asocierea-cu-alte-terapii-orale\/","name":"Asocierea cu alte terapii orale | Cerviron","isPartOf":{"@id":"https:\/\/cerviron.com\/ro\/#website"},"primaryImageOfPage":{"@id":"https:\/\/cerviron.com\/ro\/asocierea-cu-alte-terapii-orale\/#primaryimage"},"image":{"@id":"https:\/\/cerviron.com\/ro\/asocierea-cu-alte-terapii-orale\/#primaryimage"},"thumbnailUrl":"https:\/\/cerviron.com\/wp-content\/uploads\/2025\/09\/imagine_3.jpg","datePublished":"2025-09-29T20:17:32+00:00","dateModified":"2026-03-31T12:30:28+00:00","breadcrumb":{"@id":"https:\/\/cerviron.com\/ro\/asocierea-cu-alte-terapii-orale\/#breadcrumb"},"inLanguage":"ro-RO","potentialAction":[{"@type":"ReadAction","target":["https:\/\/cerviron.com\/ro\/asocierea-cu-alte-terapii-orale\/"]}]},{"@type":"ImageObject","inLanguage":"ro-RO","@id":"https:\/\/cerviron.com\/ro\/asocierea-cu-alte-terapii-orale\/#primaryimage","url":"https:\/\/cerviron.com\/wp-content\/uploads\/2025\/09\/imagine_3.jpg","contentUrl":"https:\/\/cerviron.com\/wp-content\/uploads\/2025\/09\/imagine_3.jpg"},{"@type":"BreadcrumbList","@id":"https:\/\/cerviron.com\/ro\/asocierea-cu-alte-terapii-orale\/#breadcrumb","itemListElement":[{"@type":"ListItem","position":1,"name":"Home","item":"https:\/\/cerviron.com\/ro\/"},{"@type":"ListItem","position":2,"name":"Asocierea cu alte terapii orale"}]},{"@type":"WebSite","@id":"https:\/\/cerviron.com\/ro\/#website","url":"https:\/\/cerviron.com\/ro\/","name":"Cerviron","description":"Ovule vaginale","publisher":{"@id":"https:\/\/cerviron.com\/ro\/#organization"},"potentialAction":[{"@type":"SearchAction","target":{"@type":"EntryPoint","urlTemplate":"https:\/\/cerviron.com\/ro\/?s={search_term_string}"},"query-input":{"@type":"PropertyValueSpecification","valueRequired":true,"valueName":"search_term_string"}}],"inLanguage":"ro-RO"},{"@type":"Organization","@id":"https:\/\/cerviron.com\/ro\/#organization","name":"Cerviron","url":"https:\/\/cerviron.com\/ro\/","logo":{"@type":"ImageObject","inLanguage":"ro-RO","@id":"https:\/\/cerviron.com\/ro\/#\/schema\/logo\/image\/","url":"http:\/\/cerviron.com\/wp-content\/uploads\/2019\/06\/logo-09-1.png","contentUrl":"http:\/\/cerviron.com\/wp-content\/uploads\/2019\/06\/logo-09-1.png","width":663,"height":94,"caption":"Cerviron"},"image":{"@id":"https:\/\/cerviron.com\/ro\/#\/schema\/logo\/image\/"}}]}},"_links":{"self":[{"href":"https:\/\/cerviron.com\/ro\/wp-json\/wp\/v2\/pages\/28423","targetHints":{"allow":["GET"]}}],"collection":[{"href":"https:\/\/cerviron.com\/ro\/wp-json\/wp\/v2\/pages"}],"about":[{"href":"https:\/\/cerviron.com\/ro\/wp-json\/wp\/v2\/types\/page"}],"author":[{"embeddable":true,"href":"https:\/\/cerviron.com\/ro\/wp-json\/wp\/v2\/users\/1"}],"replies":[{"embeddable":true,"href":"https:\/\/cerviron.com\/ro\/wp-json\/wp\/v2\/comments?post=28423"}],"version-history":[{"count":25,"href":"https:\/\/cerviron.com\/ro\/wp-json\/wp\/v2\/pages\/28423\/revisions"}],"predecessor-version":[{"id":29161,"href":"https:\/\/cerviron.com\/ro\/wp-json\/wp\/v2\/pages\/28423\/revisions\/29161"}],"wp:attachment":[{"href":"https:\/\/cerviron.com\/ro\/wp-json\/wp\/v2\/media?parent=28423"}],"curies":[{"name":"wp","href":"https:\/\/api.w.org\/{rel}","templated":true}]}}