{"id":28454,"date":"2025-09-29T22:44:26","date_gmt":"2025-09-29T20:44:26","guid":{"rendered":"https:\/\/cerviron.com\/cum-se-utilizeaza\/"},"modified":"2026-03-31T17:54:50","modified_gmt":"2026-03-31T15:54:50","slug":"cum-se-utilizeaza","status":"publish","type":"page","link":"https:\/\/cerviron.com\/ro\/cum-se-utilizeaza\/","title":{"rendered":"Cum se utilizeaz\u0103?"},"content":{"rendered":"\t\t<div data-elementor-type=\"wp-page\" data-elementor-id=\"28454\" class=\"elementor elementor-28454 elementor-28233\">\n\t\t\t\t\t\t<section class=\"elementor-section elementor-top-section elementor-element elementor-element-7aa0318 lte-overflow-visible elementor-section-full_width elementor-section-height-default elementor-section-height-default\" data-id=\"7aa0318\" data-element_type=\"section\">\n\t\t\t\t\t\t<div class=\"elementor-container elementor-column-gap-default\">\n\t\t\t\t\t<div class=\"elementor-column elementor-col-100 elementor-top-column elementor-element elementor-element-69efb92\" data-id=\"69efb92\" data-element_type=\"column\" data-settings=\"{&quot;background_background&quot;:&quot;classic&quot;}\">\n\t\t\t<div class=\"elementor-widget-wrap elementor-element-populated\">\n\t\t\t\t\t\t<section class=\"elementor-section elementor-inner-section elementor-element elementor-element-b3f7e05 elementor-section-full_width elementor-section-height-default elementor-section-height-default\" data-id=\"b3f7e05\" data-element_type=\"section\" id=\"infla\">\n\t\t\t\t\t\t<div class=\"elementor-container elementor-column-gap-default\">\n\t\t\t\t\t<div class=\"elementor-column elementor-col-100 elementor-inner-column elementor-element elementor-element-d0f27be\" data-id=\"d0f27be\" data-element_type=\"column\">\n\t\t\t<div class=\"elementor-widget-wrap elementor-element-populated\">\n\t\t\t\t\t\t<div class=\"elementor-element elementor-element-2ad8f21 lte-heading-style-header-subheader-dash elementor-widget elementor-widget-lte-header\" data-id=\"2ad8f21\" data-element_type=\"widget\" data-widget_type=\"lte-header.default\">\n\t\t\t\t<div class=\"elementor-widget-container\">\n\t\t\t\t\t<div class=\"lte-heading lte-style-header-subheader-dash lte-color-second lte-subcolor-main heading-tag-h4 heading-subtag-h6\"><div class=\"lte-heading-content\"><h4 class=\"lte-header\"><span>Cum se utilizeaz\u0103? <\/span><\/h4><\/div><\/div>\t\t\t\t<\/div>\n\t\t\t\t<\/div>\n\t\t\t\t<div class=\"elementor-element elementor-element-9fa1d5d elementor-widget elementor-widget-text-editor\" data-id=\"9fa1d5d\" data-element_type=\"widget\" data-widget_type=\"text-editor.default\">\n\t\t\t\t<div class=\"elementor-widget-container\">\n\t\t\t\t\t\t\t\t\t<p><strong>CERVIRON<sup>\u00ae<\/sup><\/strong> se administreaz\u0103 un ovul intravaginal, de preferin\u021b\u0103 seara \u00eenainte de culcare sau conform prescrip\u021biei medicale. Utilizarea ovulelor \u00eencepe \u00een prima zi dup\u0103 menstrua\u021bie. Durata de administrare este de 10 sau 15 zile pe lun\u0103, sau conform indica\u021biilor medicului. Efectele pot aparea dup\u0103 prima lun\u0103 de tratament. Utilizarea se poate repeta c\u00e2teva luni p\u00e2n\u0103 la vindecare, sau pentru a consolida \u0219i men\u021bine efectele favorabile ob\u021binute.<\/p>\t\t\t\t\t\t\t\t<\/div>\n\t\t\t\t<\/div>\n\t\t\t\t\t<\/div>\n\t\t<\/div>\n\t\t\t\t\t<\/div>\n\t\t<\/section>\n\t\t\t\t\t<\/div>\n\t\t<\/div>\n\t\t\t\t\t<\/div>\n\t\t<\/section>\n\t\t\t\t<section class=\"lte-background-main elementor-section elementor-top-section elementor-element elementor-element-3e0f77da lte-overflow-visible lte-background-main elementor-section-stretched elementor-section-boxed elementor-section-height-default elementor-section-height-default\" data-id=\"3e0f77da\" data-element_type=\"section\" data-settings=\"{&quot;background_background&quot;:&quot;classic&quot;,&quot;stretch_section&quot;:&quot;section-stretched&quot;}\">\n\t\t\t\t\t\t<div class=\"elementor-container elementor-column-gap-default\">\n\t\t\t\t\t<div class=\"elementor-column elementor-col-100 elementor-top-column elementor-element elementor-element-4b845101\" data-id=\"4b845101\" data-element_type=\"column\" data-settings=\"{&quot;background_background&quot;:&quot;classic&quot;}\">\n\t\t\t<div class=\"elementor-widget-wrap elementor-element-populated\">\n\t\t\t\t\t\t<section class=\"elementor-section elementor-inner-section elementor-element elementor-element-3817ffba elementor-section-boxed elementor-section-height-default elementor-section-height-default\" data-id=\"3817ffba\" data-element_type=\"section\">\n\t\t\t\t\t\t<div class=\"elementor-container elementor-column-gap-default\">\n\t\t\t\t\t<div class=\"elementor-column elementor-col-50 elementor-inner-column elementor-element elementor-element-715c5a0e\" data-id=\"715c5a0e\" data-element_type=\"column\">\n\t\t\t<div class=\"elementor-widget-wrap elementor-element-populated\">\n\t\t\t\t\t\t<div class=\"elementor-element elementor-element-22216662 lte-heading-style-default elementor-widget elementor-widget-lte-header\" data-id=\"22216662\" data-element_type=\"widget\" data-widget_type=\"lte-header.default\">\n\t\t\t\t<div class=\"elementor-widget-container\">\n\t\t\t\t\t<div class=\"lte-heading lte-style-default lte-color-white lte-subcolor-white heading-tag-h4 heading-subtag-h6\"><div class=\"lte-heading-content\"><h4 class=\"lte-header\">Cum se administreaz\u0103 corect?<\/h4><\/div><\/div>\t\t\t\t<\/div>\n\t\t\t\t<\/div>\n\t\t\t\t<div class=\"elementor-element elementor-element-381264b6 elementor-widget__width-initial lte-heading-style-header-subheader elementor-widget elementor-widget-lte-header\" data-id=\"381264b6\" data-element_type=\"widget\" data-widget_type=\"lte-header.default\">\n\t\t\t\t<div class=\"elementor-widget-container\">\n\t\t\t\t\t<div class=\"lte-heading lte-style-header-subheader lte-color-white lte-subcolor-second heading-tag-h6 heading-subtag-h6\"><div class=\"lte-heading-content\"><h6 class=\"lte-header\">1 ovul\/zi<br \/>\n10 sau 15 zile\/lun\u0103<br \/>\n<\/h6><\/div><\/div>\t\t\t\t<\/div>\n\t\t\t\t<\/div>\n\t\t\t\t<div class=\"elementor-element elementor-element-3aebf562 elementor-widget elementor-widget-spacer\" data-id=\"3aebf562\" data-element_type=\"widget\" data-widget_type=\"spacer.default\">\n\t\t\t\t<div class=\"elementor-widget-container\">\n\t\t\t\t\t\t\t<div class=\"elementor-spacer\">\n\t\t\t<div class=\"elementor-spacer-inner\"><\/div>\n\t\t<\/div>\n\t\t\t\t\t\t<\/div>\n\t\t\t\t<\/div>\n\t\t\t\t\t<\/div>\n\t\t<\/div>\n\t\t\t\t<div class=\"elementor-column elementor-col-50 elementor-inner-column elementor-element elementor-element-1d273fb7\" data-id=\"1d273fb7\" data-element_type=\"column\">\n\t\t\t<div class=\"elementor-widget-wrap elementor-element-populated\">\n\t\t\t\t\t\t<div class=\"elementor-element elementor-element-45f5dca2 elementor-widget elementor-widget-image\" data-id=\"45f5dca2\" data-element_type=\"widget\" data-widget_type=\"image.default\">\n\t\t\t\t<div class=\"elementor-widget-container\">\n\t\t\t\t\t\t\t\t\t\t\t\t\t\t\t<img fetchpriority=\"high\" decoding=\"async\" width=\"3750\" height=\"2404\" src=\"https:\/\/cerviron.com\/wp-content\/uploads\/2026\/03\/Cerviron-Ro@0.25x.png\" class=\"attachment-full size-full wp-image-29033\" alt=\"\" srcset=\"https:\/\/cerviron.com\/wp-content\/uploads\/2026\/03\/Cerviron-Ro@0.25x.png 3750w, https:\/\/cerviron.com\/wp-content\/uploads\/2026\/03\/Cerviron-Ro@0.25x-300x192.png 300w, https:\/\/cerviron.com\/wp-content\/uploads\/2026\/03\/Cerviron-Ro@0.25x-1024x656.png 1024w, https:\/\/cerviron.com\/wp-content\/uploads\/2026\/03\/Cerviron-Ro@0.25x-768x492.png 768w, https:\/\/cerviron.com\/wp-content\/uploads\/2026\/03\/Cerviron-Ro@0.25x-1536x985.png 1536w, https:\/\/cerviron.com\/wp-content\/uploads\/2026\/03\/Cerviron-Ro@0.25x-2048x1313.png 2048w, https:\/\/cerviron.com\/wp-content\/uploads\/2026\/03\/Cerviron-Ro@0.25x-100x64.png 100w, https:\/\/cerviron.com\/wp-content\/uploads\/2026\/03\/Cerviron-Ro@0.25x-800x513.png 800w\" sizes=\"(max-width: 3750px) 100vw, 3750px\" \/>\t\t\t\t\t\t\t\t\t\t\t\t\t\t\t<\/div>\n\t\t\t\t<\/div>\n\t\t\t\t\t<\/div>\n\t\t<\/div>\n\t\t\t\t\t<\/div>\n\t\t<\/section>\n\t\t\t\t\t<\/div>\n\t\t<\/div>\n\t\t\t\t\t<\/div>\n\t\t<\/section>\n\t\t\t\t<\/div>\n\t\t","protected":false},"excerpt":{"rendered":"<p>Cum se utilizeaz\u0103? CERVIRON\u00ae se administreaz\u0103 un ovul intravaginal, de preferin\u021b\u0103 seara \u00eenainte de culcare sau conform prescrip\u021biei medicale. Utilizarea ovulelor \u00eencepe \u00een prima zi dup\u0103 menstrua\u021bie. Durata de administrare este de 10 sau 15 zile pe lun\u0103, sau conform indica\u021biilor medicului. Efectele pot aparea dup\u0103 prima lun\u0103 de tratament. Utilizarea se poate repeta c\u00e2teva [&hellip;]<\/p>\n","protected":false},"author":1,"featured_media":0,"parent":0,"menu_order":0,"comment_status":"closed","ping_status":"closed","template":"","meta":{"footnotes":""},"class_list":["post-28454","page","type-page","status-publish","hentry"],"yoast_head":"<!-- This site is optimized with the Yoast SEO plugin v24.9 - https:\/\/yoast.com\/wordpress\/plugins\/seo\/ -->\n<title>Cum se utilizeaz\u0103? | Cerviron<\/title>\n<meta name=\"robots\" content=\"index, follow, max-snippet:-1, max-image-preview:large, max-video-preview:-1\" \/>\n<link rel=\"canonical\" href=\"https:\/\/cerviron.com\/ro\/cum-se-utilizeaza\/\" \/>\n<meta property=\"og:locale\" content=\"ro_RO\" \/>\n<meta property=\"og:type\" content=\"article\" \/>\n<meta property=\"og:title\" content=\"Cum se utilizeaz\u0103? | Cerviron\" \/>\n<meta property=\"og:description\" content=\"Cum se utilizeaz\u0103? CERVIRON\u00ae se administreaz\u0103 un ovul intravaginal, de preferin\u021b\u0103 seara \u00eenainte de culcare sau conform prescrip\u021biei medicale. Utilizarea ovulelor \u00eencepe \u00een prima zi dup\u0103 menstrua\u021bie. Durata de administrare este de 10 sau 15 zile pe lun\u0103, sau conform indica\u021biilor medicului. Efectele pot aparea dup\u0103 prima lun\u0103 de tratament. Utilizarea se poate repeta c\u00e2teva [&hellip;]\" \/>\n<meta property=\"og:url\" content=\"https:\/\/cerviron.com\/ro\/cum-se-utilizeaza\/\" \/>\n<meta property=\"og:site_name\" content=\"Cerviron\" \/>\n<meta property=\"article:modified_time\" content=\"2026-03-31T15:54:50+00:00\" \/>\n<meta property=\"og:image\" content=\"https:\/\/cerviron.com\/wp-content\/uploads\/2026\/03\/Cerviron-Ro@0.25x-1024x656.png\" \/>\n\t<meta property=\"og:image:width\" content=\"1024\" \/>\n\t<meta property=\"og:image:height\" content=\"656\" \/>\n\t<meta property=\"og:image:type\" content=\"image\/png\" \/>\n<meta name=\"twitter:card\" content=\"summary_large_image\" \/>\n<meta name=\"twitter:label1\" content=\"Timp estimat pentru citire\" \/>\n\t<meta name=\"twitter:data1\" content=\"1 minut\" \/>\n<script type=\"application\/ld+json\" class=\"yoast-schema-graph\">{\"@context\":\"https:\/\/schema.org\",\"@graph\":[{\"@type\":\"WebPage\",\"@id\":\"https:\/\/cerviron.com\/ro\/cum-se-utilizeaza\/\",\"url\":\"https:\/\/cerviron.com\/ro\/cum-se-utilizeaza\/\",\"name\":\"Cum se utilizeaz\u0103? | Cerviron\",\"isPartOf\":{\"@id\":\"https:\/\/cerviron.com\/ro\/#website\"},\"primaryImageOfPage\":{\"@id\":\"https:\/\/cerviron.com\/ro\/cum-se-utilizeaza\/#primaryimage\"},\"image\":{\"@id\":\"https:\/\/cerviron.com\/ro\/cum-se-utilizeaza\/#primaryimage\"},\"thumbnailUrl\":\"https:\/\/cerviron.com\/wp-content\/uploads\/2026\/03\/Cerviron-Ro@0.25x.png\",\"datePublished\":\"2025-09-29T20:44:26+00:00\",\"dateModified\":\"2026-03-31T15:54:50+00:00\",\"breadcrumb\":{\"@id\":\"https:\/\/cerviron.com\/ro\/cum-se-utilizeaza\/#breadcrumb\"},\"inLanguage\":\"ro-RO\",\"potentialAction\":[{\"@type\":\"ReadAction\",\"target\":[\"https:\/\/cerviron.com\/ro\/cum-se-utilizeaza\/\"]}]},{\"@type\":\"ImageObject\",\"inLanguage\":\"ro-RO\",\"@id\":\"https:\/\/cerviron.com\/ro\/cum-se-utilizeaza\/#primaryimage\",\"url\":\"https:\/\/cerviron.com\/wp-content\/uploads\/2026\/03\/Cerviron-Ro@0.25x.png\",\"contentUrl\":\"https:\/\/cerviron.com\/wp-content\/uploads\/2026\/03\/Cerviron-Ro@0.25x.png\"},{\"@type\":\"BreadcrumbList\",\"@id\":\"https:\/\/cerviron.com\/ro\/cum-se-utilizeaza\/#breadcrumb\",\"itemListElement\":[{\"@type\":\"ListItem\",\"position\":1,\"name\":\"Home\",\"item\":\"https:\/\/cerviron.com\/ro\/\"},{\"@type\":\"ListItem\",\"position\":2,\"name\":\"Cum se utilizeaz\u0103?\"}]},{\"@type\":\"WebSite\",\"@id\":\"https:\/\/cerviron.com\/ro\/#website\",\"url\":\"https:\/\/cerviron.com\/ro\/\",\"name\":\"Cerviron\",\"description\":\"Ovule vaginale\",\"publisher\":{\"@id\":\"https:\/\/cerviron.com\/ro\/#organization\"},\"potentialAction\":[{\"@type\":\"SearchAction\",\"target\":{\"@type\":\"EntryPoint\",\"urlTemplate\":\"https:\/\/cerviron.com\/ro\/?s={search_term_string}\"},\"query-input\":{\"@type\":\"PropertyValueSpecification\",\"valueRequired\":true,\"valueName\":\"search_term_string\"}}],\"inLanguage\":\"ro-RO\"},{\"@type\":\"Organization\",\"@id\":\"https:\/\/cerviron.com\/ro\/#organization\",\"name\":\"Cerviron\",\"url\":\"https:\/\/cerviron.com\/ro\/\",\"logo\":{\"@type\":\"ImageObject\",\"inLanguage\":\"ro-RO\",\"@id\":\"https:\/\/cerviron.com\/ro\/#\/schema\/logo\/image\/\",\"url\":\"http:\/\/cerviron.com\/wp-content\/uploads\/2019\/06\/logo-09-1.png\",\"contentUrl\":\"http:\/\/cerviron.com\/wp-content\/uploads\/2019\/06\/logo-09-1.png\",\"width\":663,\"height\":94,\"caption\":\"Cerviron\"},\"image\":{\"@id\":\"https:\/\/cerviron.com\/ro\/#\/schema\/logo\/image\/\"}}]}<\/script>\n<!-- \/ Yoast SEO plugin. -->","yoast_head_json":{"title":"Cum se utilizeaz\u0103? | Cerviron","robots":{"index":"index","follow":"follow","max-snippet":"max-snippet:-1","max-image-preview":"max-image-preview:large","max-video-preview":"max-video-preview:-1"},"canonical":"https:\/\/cerviron.com\/ro\/cum-se-utilizeaza\/","og_locale":"ro_RO","og_type":"article","og_title":"Cum se utilizeaz\u0103? | Cerviron","og_description":"Cum se utilizeaz\u0103? CERVIRON\u00ae se administreaz\u0103 un ovul intravaginal, de preferin\u021b\u0103 seara \u00eenainte de culcare sau conform prescrip\u021biei medicale. Utilizarea ovulelor \u00eencepe \u00een prima zi dup\u0103 menstrua\u021bie. Durata de administrare este de 10 sau 15 zile pe lun\u0103, sau conform indica\u021biilor medicului. Efectele pot aparea dup\u0103 prima lun\u0103 de tratament. Utilizarea se poate repeta c\u00e2teva [&hellip;]","og_url":"https:\/\/cerviron.com\/ro\/cum-se-utilizeaza\/","og_site_name":"Cerviron","article_modified_time":"2026-03-31T15:54:50+00:00","og_image":[{"width":1024,"height":656,"url":"https:\/\/cerviron.com\/wp-content\/uploads\/2026\/03\/Cerviron-Ro@0.25x-1024x656.png","type":"image\/png"}],"twitter_card":"summary_large_image","twitter_misc":{"Timp estimat pentru citire":"1 minut"},"schema":{"@context":"https:\/\/schema.org","@graph":[{"@type":"WebPage","@id":"https:\/\/cerviron.com\/ro\/cum-se-utilizeaza\/","url":"https:\/\/cerviron.com\/ro\/cum-se-utilizeaza\/","name":"Cum se utilizeaz\u0103? | Cerviron","isPartOf":{"@id":"https:\/\/cerviron.com\/ro\/#website"},"primaryImageOfPage":{"@id":"https:\/\/cerviron.com\/ro\/cum-se-utilizeaza\/#primaryimage"},"image":{"@id":"https:\/\/cerviron.com\/ro\/cum-se-utilizeaza\/#primaryimage"},"thumbnailUrl":"https:\/\/cerviron.com\/wp-content\/uploads\/2026\/03\/Cerviron-Ro@0.25x.png","datePublished":"2025-09-29T20:44:26+00:00","dateModified":"2026-03-31T15:54:50+00:00","breadcrumb":{"@id":"https:\/\/cerviron.com\/ro\/cum-se-utilizeaza\/#breadcrumb"},"inLanguage":"ro-RO","potentialAction":[{"@type":"ReadAction","target":["https:\/\/cerviron.com\/ro\/cum-se-utilizeaza\/"]}]},{"@type":"ImageObject","inLanguage":"ro-RO","@id":"https:\/\/cerviron.com\/ro\/cum-se-utilizeaza\/#primaryimage","url":"https:\/\/cerviron.com\/wp-content\/uploads\/2026\/03\/Cerviron-Ro@0.25x.png","contentUrl":"https:\/\/cerviron.com\/wp-content\/uploads\/2026\/03\/Cerviron-Ro@0.25x.png"},{"@type":"BreadcrumbList","@id":"https:\/\/cerviron.com\/ro\/cum-se-utilizeaza\/#breadcrumb","itemListElement":[{"@type":"ListItem","position":1,"name":"Home","item":"https:\/\/cerviron.com\/ro\/"},{"@type":"ListItem","position":2,"name":"Cum se utilizeaz\u0103?"}]},{"@type":"WebSite","@id":"https:\/\/cerviron.com\/ro\/#website","url":"https:\/\/cerviron.com\/ro\/","name":"Cerviron","description":"Ovule vaginale","publisher":{"@id":"https:\/\/cerviron.com\/ro\/#organization"},"potentialAction":[{"@type":"SearchAction","target":{"@type":"EntryPoint","urlTemplate":"https:\/\/cerviron.com\/ro\/?s={search_term_string}"},"query-input":{"@type":"PropertyValueSpecification","valueRequired":true,"valueName":"search_term_string"}}],"inLanguage":"ro-RO"},{"@type":"Organization","@id":"https:\/\/cerviron.com\/ro\/#organization","name":"Cerviron","url":"https:\/\/cerviron.com\/ro\/","logo":{"@type":"ImageObject","inLanguage":"ro-RO","@id":"https:\/\/cerviron.com\/ro\/#\/schema\/logo\/image\/","url":"http:\/\/cerviron.com\/wp-content\/uploads\/2019\/06\/logo-09-1.png","contentUrl":"http:\/\/cerviron.com\/wp-content\/uploads\/2019\/06\/logo-09-1.png","width":663,"height":94,"caption":"Cerviron"},"image":{"@id":"https:\/\/cerviron.com\/ro\/#\/schema\/logo\/image\/"}}]}},"_links":{"self":[{"href":"https:\/\/cerviron.com\/ro\/wp-json\/wp\/v2\/pages\/28454","targetHints":{"allow":["GET"]}}],"collection":[{"href":"https:\/\/cerviron.com\/ro\/wp-json\/wp\/v2\/pages"}],"about":[{"href":"https:\/\/cerviron.com\/ro\/wp-json\/wp\/v2\/types\/page"}],"author":[{"embeddable":true,"href":"https:\/\/cerviron.com\/ro\/wp-json\/wp\/v2\/users\/1"}],"replies":[{"embeddable":true,"href":"https:\/\/cerviron.com\/ro\/wp-json\/wp\/v2\/comments?post=28454"}],"version-history":[{"count":16,"href":"https:\/\/cerviron.com\/ro\/wp-json\/wp\/v2\/pages\/28454\/revisions"}],"predecessor-version":[{"id":29272,"href":"https:\/\/cerviron.com\/ro\/wp-json\/wp\/v2\/pages\/28454\/revisions\/29272"}],"wp:attachment":[{"href":"https:\/\/cerviron.com\/ro\/wp-json\/wp\/v2\/media?parent=28454"}],"curies":[{"name":"wp","href":"https:\/\/api.w.org\/{rel}","templated":true}]}}