{"id":28456,"date":"2025-09-29T22:53:05","date_gmt":"2025-09-29T20:53:05","guid":{"rendered":"https:\/\/cerviron.com\/ce-este-cerviron\/"},"modified":"2025-10-26T19:49:49","modified_gmt":"2025-10-26T17:49:49","slug":"ce-este-cerviron","status":"publish","type":"page","link":"https:\/\/cerviron.com\/ro\/ce-este-cerviron\/","title":{"rendered":"Ce este Cerviron?"},"content":{"rendered":"\t\t<div data-elementor-type=\"wp-page\" data-elementor-id=\"28456\" class=\"elementor elementor-28456 elementor-28183\">\n\t\t\t\t\t\t<section class=\"elementor-section elementor-top-section elementor-element elementor-element-7aa0318 lte-overflow-visible elementor-section-full_width elementor-section-height-default elementor-section-height-default\" data-id=\"7aa0318\" data-element_type=\"section\">\n\t\t\t\t\t\t<div class=\"elementor-container elementor-column-gap-default\">\n\t\t\t\t\t<div class=\"elementor-column elementor-col-100 elementor-top-column elementor-element elementor-element-69efb92\" data-id=\"69efb92\" data-element_type=\"column\" data-settings=\"{&quot;background_background&quot;:&quot;classic&quot;}\">\n\t\t\t<div class=\"elementor-widget-wrap elementor-element-populated\">\n\t\t\t\t\t\t<section class=\"elementor-section elementor-inner-section elementor-element elementor-element-b3f7e05 elementor-section-full_width elementor-section-height-default elementor-section-height-default\" data-id=\"b3f7e05\" data-element_type=\"section\" id=\"infla\">\n\t\t\t\t\t\t<div class=\"elementor-container elementor-column-gap-default\">\n\t\t\t\t\t<div class=\"elementor-column elementor-col-100 elementor-inner-column elementor-element elementor-element-d0f27be\" data-id=\"d0f27be\" data-element_type=\"column\">\n\t\t\t<div class=\"elementor-widget-wrap elementor-element-populated\">\n\t\t\t\t\t\t<div class=\"elementor-element elementor-element-2ad8f21 lte-heading-style-header-subheader-dash elementor-widget elementor-widget-lte-header\" data-id=\"2ad8f21\" data-element_type=\"widget\" data-widget_type=\"lte-header.default\">\n\t\t\t\t<div class=\"elementor-widget-container\">\n\t\t\t\t\t<div class=\"lte-heading lte-style-header-subheader-dash lte-color-second lte-subcolor-main heading-tag-h4 heading-subtag-h6\"><div class=\"lte-heading-content\"><h4 class=\"lte-header\"><span>Ce este Cerviron? <\/span><\/h4><\/div><\/div>\t\t\t\t<\/div>\n\t\t\t\t<\/div>\n\t\t\t\t<div class=\"elementor-element elementor-element-9fa1d5d elementor-widget elementor-widget-text-editor\" data-id=\"9fa1d5d\" data-element_type=\"widget\" data-widget_type=\"text-editor.default\">\n\t\t\t\t<div class=\"elementor-widget-container\">\n\t\t\t\t\t\t\t\t\t<p><strong>CERVIRON<sup>\u00ae<\/sup> este un dispozitiv medical destinat utiliz\u0103rii \u00een tratamentul<\/strong> vulvovaginitei acute si cronice de etiologie atrofic\u0103, aerob\u0103, traumatic\u0103 \u0219i infec\u021bioas\u0103, a eroziunilor de col uterin de origine traumatic\u0103 sau infec\u021bioas\u0103 \u0219i a s\u0103nger\u0103rilor provocate de acestea, \u00een recuperarea postoperatorie dup\u0103 interven\u021bii chirurgicale ginecologice, pentru restabilirea pH-ului \u0219i a florei vaginale normale, precum \u0219i ca adjuvant \u00een tratamentul cu medicamente antibiotice \u0219i antifungice.<\/p>\t\t\t\t\t\t\t\t<\/div>\n\t\t\t\t<\/div>\n\t\t\t\t<div class=\"elementor-element elementor-element-810bf31 elementor-align-center elementor-widget elementor-widget-button\" data-id=\"810bf31\" data-element_type=\"widget\" data-widget_type=\"button.default\">\n\t\t\t\t<div class=\"elementor-widget-container\">\n\t\t\t\t\t\t\t\t\t<div class=\"elementor-button-wrapper\">\n\t\t\t\t\t<a class=\"elementor-button elementor-button-link elementor-size-md\" href=\"https:\/\/cerviron.com\/ro\/compozitie\/\">\n\t\t\t\t\t\t<span class=\"elementor-button-content-wrapper\">\n\t\t\t\t\t\t\t\t\t<span class=\"elementor-button-text\">Citi\u021bi mai multe despre compozi\u021bie<\/span>\n\t\t\t\t\t<\/span>\n\t\t\t\t\t<\/a>\n\t\t\t\t<\/div>\n\t\t\t\t\t\t\t\t<\/div>\n\t\t\t\t<\/div>\n\t\t\t\t\t<\/div>\n\t\t<\/div>\n\t\t\t\t\t<\/div>\n\t\t<\/section>\n\t\t\t\t\t<\/div>\n\t\t<\/div>\n\t\t\t\t\t<\/div>\n\t\t<\/section>\n\t\t\t\t<\/div>\n\t\t","protected":false},"excerpt":{"rendered":"<p>Ce este Cerviron? CERVIRON\u00ae este un dispozitiv medical destinat utiliz\u0103rii \u00een tratamentul vulvovaginitei acute si cronice de etiologie atrofic\u0103, aerob\u0103, traumatic\u0103 \u0219i infec\u021bioas\u0103, a eroziunilor de col uterin de origine traumatic\u0103 sau infec\u021bioas\u0103 \u0219i a s\u0103nger\u0103rilor provocate de acestea, \u00een recuperarea postoperatorie dup\u0103 interven\u021bii chirurgicale ginecologice, pentru restabilirea pH-ului \u0219i a florei vaginale normale, precum [&hellip;]<\/p>\n","protected":false},"author":1,"featured_media":0,"parent":0,"menu_order":0,"comment_status":"closed","ping_status":"closed","template":"","meta":{"footnotes":""},"class_list":["post-28456","page","type-page","status-publish","hentry"],"yoast_head":"<!-- This site is optimized with the Yoast SEO plugin v24.9 - https:\/\/yoast.com\/wordpress\/plugins\/seo\/ -->\n<title>Ce este Cerviron? | Cerviron<\/title>\n<meta name=\"robots\" content=\"index, follow, max-snippet:-1, max-image-preview:large, max-video-preview:-1\" \/>\n<link rel=\"canonical\" href=\"https:\/\/cerviron.com\/ro\/ce-este-cerviron\/\" \/>\n<meta property=\"og:locale\" content=\"ro_RO\" \/>\n<meta property=\"og:type\" content=\"article\" \/>\n<meta property=\"og:title\" content=\"Ce este Cerviron? | Cerviron\" \/>\n<meta property=\"og:description\" content=\"Ce este Cerviron? CERVIRON\u00ae este un dispozitiv medical destinat utiliz\u0103rii \u00een tratamentul vulvovaginitei acute si cronice de etiologie atrofic\u0103, aerob\u0103, traumatic\u0103 \u0219i infec\u021bioas\u0103, a eroziunilor de col uterin de origine traumatic\u0103 sau infec\u021bioas\u0103 \u0219i a s\u0103nger\u0103rilor provocate de acestea, \u00een recuperarea postoperatorie dup\u0103 interven\u021bii chirurgicale ginecologice, pentru restabilirea pH-ului \u0219i a florei vaginale normale, precum [&hellip;]\" \/>\n<meta property=\"og:url\" content=\"https:\/\/cerviron.com\/ro\/ce-este-cerviron\/\" \/>\n<meta property=\"og:site_name\" content=\"Cerviron\" \/>\n<meta property=\"article:modified_time\" content=\"2025-10-26T17:49:49+00:00\" \/>\n<meta name=\"twitter:card\" content=\"summary_large_image\" \/>\n<meta name=\"twitter:label1\" content=\"Timp estimat pentru citire\" \/>\n\t<meta name=\"twitter:data1\" content=\"1 minut\" \/>\n<script type=\"application\/ld+json\" class=\"yoast-schema-graph\">{\"@context\":\"https:\/\/schema.org\",\"@graph\":[{\"@type\":\"WebPage\",\"@id\":\"https:\/\/cerviron.com\/ro\/ce-este-cerviron\/\",\"url\":\"https:\/\/cerviron.com\/ro\/ce-este-cerviron\/\",\"name\":\"Ce este Cerviron? | Cerviron\",\"isPartOf\":{\"@id\":\"https:\/\/cerviron.com\/ro\/#website\"},\"datePublished\":\"2025-09-29T20:53:05+00:00\",\"dateModified\":\"2025-10-26T17:49:49+00:00\",\"breadcrumb\":{\"@id\":\"https:\/\/cerviron.com\/ro\/ce-este-cerviron\/#breadcrumb\"},\"inLanguage\":\"ro-RO\",\"potentialAction\":[{\"@type\":\"ReadAction\",\"target\":[\"https:\/\/cerviron.com\/ro\/ce-este-cerviron\/\"]}]},{\"@type\":\"BreadcrumbList\",\"@id\":\"https:\/\/cerviron.com\/ro\/ce-este-cerviron\/#breadcrumb\",\"itemListElement\":[{\"@type\":\"ListItem\",\"position\":1,\"name\":\"Home\",\"item\":\"https:\/\/cerviron.com\/ro\/\"},{\"@type\":\"ListItem\",\"position\":2,\"name\":\"Ce este Cerviron?\"}]},{\"@type\":\"WebSite\",\"@id\":\"https:\/\/cerviron.com\/ro\/#website\",\"url\":\"https:\/\/cerviron.com\/ro\/\",\"name\":\"Cerviron\",\"description\":\"Ovule vaginale\",\"publisher\":{\"@id\":\"https:\/\/cerviron.com\/ro\/#organization\"},\"potentialAction\":[{\"@type\":\"SearchAction\",\"target\":{\"@type\":\"EntryPoint\",\"urlTemplate\":\"https:\/\/cerviron.com\/ro\/?s={search_term_string}\"},\"query-input\":{\"@type\":\"PropertyValueSpecification\",\"valueRequired\":true,\"valueName\":\"search_term_string\"}}],\"inLanguage\":\"ro-RO\"},{\"@type\":\"Organization\",\"@id\":\"https:\/\/cerviron.com\/ro\/#organization\",\"name\":\"Cerviron\",\"url\":\"https:\/\/cerviron.com\/ro\/\",\"logo\":{\"@type\":\"ImageObject\",\"inLanguage\":\"ro-RO\",\"@id\":\"https:\/\/cerviron.com\/ro\/#\/schema\/logo\/image\/\",\"url\":\"http:\/\/cerviron.com\/wp-content\/uploads\/2019\/06\/logo-09-1.png\",\"contentUrl\":\"http:\/\/cerviron.com\/wp-content\/uploads\/2019\/06\/logo-09-1.png\",\"width\":663,\"height\":94,\"caption\":\"Cerviron\"},\"image\":{\"@id\":\"https:\/\/cerviron.com\/ro\/#\/schema\/logo\/image\/\"}}]}<\/script>\n<!-- \/ Yoast SEO plugin. -->","yoast_head_json":{"title":"Ce este Cerviron? | Cerviron","robots":{"index":"index","follow":"follow","max-snippet":"max-snippet:-1","max-image-preview":"max-image-preview:large","max-video-preview":"max-video-preview:-1"},"canonical":"https:\/\/cerviron.com\/ro\/ce-este-cerviron\/","og_locale":"ro_RO","og_type":"article","og_title":"Ce este Cerviron? | Cerviron","og_description":"Ce este Cerviron? CERVIRON\u00ae este un dispozitiv medical destinat utiliz\u0103rii \u00een tratamentul vulvovaginitei acute si cronice de etiologie atrofic\u0103, aerob\u0103, traumatic\u0103 \u0219i infec\u021bioas\u0103, a eroziunilor de col uterin de origine traumatic\u0103 sau infec\u021bioas\u0103 \u0219i a s\u0103nger\u0103rilor provocate de acestea, \u00een recuperarea postoperatorie dup\u0103 interven\u021bii chirurgicale ginecologice, pentru restabilirea pH-ului \u0219i a florei vaginale normale, precum [&hellip;]","og_url":"https:\/\/cerviron.com\/ro\/ce-este-cerviron\/","og_site_name":"Cerviron","article_modified_time":"2025-10-26T17:49:49+00:00","twitter_card":"summary_large_image","twitter_misc":{"Timp estimat pentru citire":"1 minut"},"schema":{"@context":"https:\/\/schema.org","@graph":[{"@type":"WebPage","@id":"https:\/\/cerviron.com\/ro\/ce-este-cerviron\/","url":"https:\/\/cerviron.com\/ro\/ce-este-cerviron\/","name":"Ce este Cerviron? | Cerviron","isPartOf":{"@id":"https:\/\/cerviron.com\/ro\/#website"},"datePublished":"2025-09-29T20:53:05+00:00","dateModified":"2025-10-26T17:49:49+00:00","breadcrumb":{"@id":"https:\/\/cerviron.com\/ro\/ce-este-cerviron\/#breadcrumb"},"inLanguage":"ro-RO","potentialAction":[{"@type":"ReadAction","target":["https:\/\/cerviron.com\/ro\/ce-este-cerviron\/"]}]},{"@type":"BreadcrumbList","@id":"https:\/\/cerviron.com\/ro\/ce-este-cerviron\/#breadcrumb","itemListElement":[{"@type":"ListItem","position":1,"name":"Home","item":"https:\/\/cerviron.com\/ro\/"},{"@type":"ListItem","position":2,"name":"Ce este Cerviron?"}]},{"@type":"WebSite","@id":"https:\/\/cerviron.com\/ro\/#website","url":"https:\/\/cerviron.com\/ro\/","name":"Cerviron","description":"Ovule vaginale","publisher":{"@id":"https:\/\/cerviron.com\/ro\/#organization"},"potentialAction":[{"@type":"SearchAction","target":{"@type":"EntryPoint","urlTemplate":"https:\/\/cerviron.com\/ro\/?s={search_term_string}"},"query-input":{"@type":"PropertyValueSpecification","valueRequired":true,"valueName":"search_term_string"}}],"inLanguage":"ro-RO"},{"@type":"Organization","@id":"https:\/\/cerviron.com\/ro\/#organization","name":"Cerviron","url":"https:\/\/cerviron.com\/ro\/","logo":{"@type":"ImageObject","inLanguage":"ro-RO","@id":"https:\/\/cerviron.com\/ro\/#\/schema\/logo\/image\/","url":"http:\/\/cerviron.com\/wp-content\/uploads\/2019\/06\/logo-09-1.png","contentUrl":"http:\/\/cerviron.com\/wp-content\/uploads\/2019\/06\/logo-09-1.png","width":663,"height":94,"caption":"Cerviron"},"image":{"@id":"https:\/\/cerviron.com\/ro\/#\/schema\/logo\/image\/"}}]}},"_links":{"self":[{"href":"https:\/\/cerviron.com\/ro\/wp-json\/wp\/v2\/pages\/28456","targetHints":{"allow":["GET"]}}],"collection":[{"href":"https:\/\/cerviron.com\/ro\/wp-json\/wp\/v2\/pages"}],"about":[{"href":"https:\/\/cerviron.com\/ro\/wp-json\/wp\/v2\/types\/page"}],"author":[{"embeddable":true,"href":"https:\/\/cerviron.com\/ro\/wp-json\/wp\/v2\/users\/1"}],"replies":[{"embeddable":true,"href":"https:\/\/cerviron.com\/ro\/wp-json\/wp\/v2\/comments?post=28456"}],"version-history":[{"count":13,"href":"https:\/\/cerviron.com\/ro\/wp-json\/wp\/v2\/pages\/28456\/revisions"}],"predecessor-version":[{"id":28862,"href":"https:\/\/cerviron.com\/ro\/wp-json\/wp\/v2\/pages\/28456\/revisions\/28862"}],"wp:attachment":[{"href":"https:\/\/cerviron.com\/ro\/wp-json\/wp\/v2\/media?parent=28456"}],"curies":[{"name":"wp","href":"https:\/\/api.w.org\/{rel}","templated":true}]}}