{"id":28505,"date":"2025-09-29T23:30:04","date_gmt":"2025-09-29T21:30:04","guid":{"rendered":"https:\/\/cerviron.com\/intrebari-frecvente\/"},"modified":"2026-03-31T17:22:51","modified_gmt":"2026-03-31T15:22:51","slug":"intrebari-frecvente","status":"publish","type":"page","link":"https:\/\/cerviron.com\/ro\/intrebari-frecvente\/","title":{"rendered":"Intreb\u0103ri frecvente"},"content":{"rendered":"\t\t<div data-elementor-type=\"wp-page\" data-elementor-id=\"28505\" class=\"elementor elementor-28505 elementor-28380\">\n\t\t\t\t\t\t<section class=\"elementor-section elementor-top-section elementor-element elementor-element-55761e3 elementor-section-stretched elementor-section-boxed elementor-section-height-default elementor-section-height-default\" data-id=\"55761e3\" data-element_type=\"section\" data-settings=\"{&quot;stretch_section&quot;:&quot;section-stretched&quot;}\">\n\t\t\t\t\t\t<div class=\"elementor-container elementor-column-gap-default\">\n\t\t\t\t\t<div class=\"elementor-column elementor-col-100 elementor-top-column elementor-element elementor-element-1eea95d\" data-id=\"1eea95d\" data-element_type=\"column\">\n\t\t\t<div class=\"elementor-widget-wrap elementor-element-populated\">\n\t\t\t\t\t\t<div class=\"elementor-element elementor-element-f813584 whereto elementor-widget elementor-widget-accordion\" data-id=\"f813584\" data-element_type=\"widget\" data-widget_type=\"accordion.default\">\n\t\t\t\t<div class=\"elementor-widget-container\">\n\t\t\t\t\t\t\t<div class=\"elementor-accordion\">\n\t\t\t\t\t\t\t<div class=\"elementor-accordion-item\">\n\t\t\t\t\t<div id=\"elementor-tab-title-2601\" class=\"elementor-tab-title\" data-tab=\"1\" role=\"button\" aria-controls=\"elementor-tab-content-2601\" aria-expanded=\"false\">\n\t\t\t\t\t\t\t\t\t\t\t\t\t<span class=\"elementor-accordion-icon elementor-accordion-icon-left\" aria-hidden=\"true\">\n\t\t\t\t\t\t\t\t\t\t\t\t\t\t\t<span class=\"elementor-accordion-icon-closed\"><i class=\"fas fa-plus\"><\/i><\/span>\n\t\t\t\t\t\t\t\t<span class=\"elementor-accordion-icon-opened\"><i class=\"fas fa-minus\"><\/i><\/span>\n\t\t\t\t\t\t\t\t\t\t\t\t\t\t<\/span>\n\t\t\t\t\t\t\t\t\t\t\t\t<a class=\"elementor-accordion-title\" tabindex=\"0\">CINE POATE UTILIZA CERVIRON<sup>\u00ae<\/sup>?<\/a>\n\t\t\t\t\t<\/div>\n\t\t\t\t\t<div id=\"elementor-tab-content-2601\" class=\"elementor-tab-content elementor-clearfix\" data-tab=\"1\" role=\"region\" aria-labelledby=\"elementor-tab-title-2601\"><p><strong>CERVIRON<sup>\u00ae<\/sup> este un tratament recomandat femeilor cu vulvovaginit\u0103 acut\u0103 sau cronic\u0103, \u00een eroziuni cervicale, \u00een perioada de recuperare postoperatorie dupa interventii chirurgicale ginecologice si ca tratament adjuvant de sus\u021binere \u00een completarea schemelor de tratament cu antibiotice sau antifungice poten\u021b\u00e2nd efectul acestora \u0219i contribuind la o recuperare complet\u0103. CERVIRON<sup>\u00ae<\/sup> contribuie la ameliorarea simptomelor vaginale asociate vulvovaginitelor si eroziunilor cervicale, la restabilirea pH-ului vaginal \u0219i la normalizarea florei vaginale. <\/strong><\/p><\/div>\n\t\t\t\t<\/div>\n\t\t\t\t\t\t\t<div class=\"elementor-accordion-item\">\n\t\t\t\t\t<div id=\"elementor-tab-title-2602\" class=\"elementor-tab-title\" data-tab=\"2\" role=\"button\" aria-controls=\"elementor-tab-content-2602\" aria-expanded=\"false\">\n\t\t\t\t\t\t\t\t\t\t\t\t\t<span class=\"elementor-accordion-icon elementor-accordion-icon-left\" aria-hidden=\"true\">\n\t\t\t\t\t\t\t\t\t\t\t\t\t\t\t<span class=\"elementor-accordion-icon-closed\"><i class=\"fas fa-plus\"><\/i><\/span>\n\t\t\t\t\t\t\t\t<span class=\"elementor-accordion-icon-opened\"><i class=\"fas fa-minus\"><\/i><\/span>\n\t\t\t\t\t\t\t\t\t\t\t\t\t\t<\/span>\n\t\t\t\t\t\t\t\t\t\t\t\t<a class=\"elementor-accordion-title\" tabindex=\"0\">\u00ceN CE ESTE RECOMANDAT CERVIRON<sup>\u00ae<\/sup>?<\/a>\n\t\t\t\t\t<\/div>\n\t\t\t\t\t<div id=\"elementor-tab-content-2602\" class=\"elementor-tab-content elementor-clearfix\" data-tab=\"2\" role=\"region\" aria-labelledby=\"elementor-tab-title-2602\"><p><strong>CERVIRON<sup>\u00ae<\/sup> este un tratament recomandat pentru vulvovaginitei acute si cronice de etiologie atrofic\u0103, aerob\u0103, traumatic\u0103 \u0219i infec\u021bioas\u0103, a eroziunilor de col uterin de origine traumatic\u0103 sau infec\u021bioas\u0103 \u0219i a s\u0103nger\u0103rilor provocate de acestea, \u00een recuperarea postoperatorie dup\u0103 interven\u021bii chirurgicale ginecologice, pentru restabilirea pH-ului \u0219i a florei vaginale normale, precum \u0219i ca adjuvant \u00een tratamentul cu medicamente antibiotice \u0219i antifungice.<\/strong><\/p><\/div>\n\t\t\t\t<\/div>\n\t\t\t\t\t\t\t<div class=\"elementor-accordion-item\">\n\t\t\t\t\t<div id=\"elementor-tab-title-2603\" class=\"elementor-tab-title\" data-tab=\"3\" role=\"button\" aria-controls=\"elementor-tab-content-2603\" aria-expanded=\"false\">\n\t\t\t\t\t\t\t\t\t\t\t\t\t<span class=\"elementor-accordion-icon elementor-accordion-icon-left\" aria-hidden=\"true\">\n\t\t\t\t\t\t\t\t\t\t\t\t\t\t\t<span class=\"elementor-accordion-icon-closed\"><i class=\"fas fa-plus\"><\/i><\/span>\n\t\t\t\t\t\t\t\t<span class=\"elementor-accordion-icon-opened\"><i class=\"fas fa-minus\"><\/i><\/span>\n\t\t\t\t\t\t\t\t\t\t\t\t\t\t<\/span>\n\t\t\t\t\t\t\t\t\t\t\t\t<a class=\"elementor-accordion-title\" tabindex=\"0\">CUM AC\u021aIONEAZ\u0102 CERVIRON<sup>\u00ae<\/sup>?<\/a>\n\t\t\t\t\t<\/div>\n\t\t\t\t\t<div id=\"elementor-tab-content-2603\" class=\"elementor-tab-content elementor-clearfix\" data-tab=\"3\" role=\"region\" aria-labelledby=\"elementor-tab-title-2603\"><p><strong>Ovulul se tope\u0219te \u00een mucoasa vaginal\u0103 form\u00e2nd o crem\u0103 care asigur\u0103 dispersia uniform\u0103 a substan\u021belor con\u021binute \u0219i ac\u021bioneaz\u0103 ca o barier\u0103 protectoare cu efect astringent, favoriz\u00e2nd reepitelizarea \u021besutului afectat \u0219i refacerea colpo-ecosistemului ini\u021bial, f\u0103r\u0103 a afecta bacilii D\u00f6derlein. Componentele responsabile de efectul terapeutic sunt subgalatul de bismut \u0219i colagenul vegetal hidrolizat. <\/strong><\/p><\/div>\n\t\t\t\t<\/div>\n\t\t\t\t\t\t\t<div class=\"elementor-accordion-item\">\n\t\t\t\t\t<div id=\"elementor-tab-title-2604\" class=\"elementor-tab-title\" data-tab=\"4\" role=\"button\" aria-controls=\"elementor-tab-content-2604\" aria-expanded=\"false\">\n\t\t\t\t\t\t\t\t\t\t\t\t\t<span class=\"elementor-accordion-icon elementor-accordion-icon-left\" aria-hidden=\"true\">\n\t\t\t\t\t\t\t\t\t\t\t\t\t\t\t<span class=\"elementor-accordion-icon-closed\"><i class=\"fas fa-plus\"><\/i><\/span>\n\t\t\t\t\t\t\t\t<span class=\"elementor-accordion-icon-opened\"><i class=\"fas fa-minus\"><\/i><\/span>\n\t\t\t\t\t\t\t\t\t\t\t\t\t\t<\/span>\n\t\t\t\t\t\t\t\t\t\t\t\t<a class=\"elementor-accordion-title\" tabindex=\"0\">ESTE CERVIRON<sup>\u00ae<\/sup> COMPATIBIL CU ALTE TERAPII?<\/a>\n\t\t\t\t\t<\/div>\n\t\t\t\t\t<div id=\"elementor-tab-content-2604\" class=\"elementor-tab-content elementor-clearfix\" data-tab=\"4\" role=\"region\" aria-labelledby=\"elementor-tab-title-2604\"><p><strong>CERVIRON<sup>\u00ae<\/sup> este compatibil ca adjuvant de sus\u021binere \u00een completarea schemelor de tratament cu antibiotice sau antifungice, av\u00e2nd rol \u00een poten\u021barea efectului acestora \u0219i \u00een sus\u021binerea recuper\u0103rii complete.<\/strong><\/p><\/div>\n\t\t\t\t<\/div>\n\t\t\t\t\t\t\t<div class=\"elementor-accordion-item\">\n\t\t\t\t\t<div id=\"elementor-tab-title-2605\" class=\"elementor-tab-title\" data-tab=\"5\" role=\"button\" aria-controls=\"elementor-tab-content-2605\" aria-expanded=\"false\">\n\t\t\t\t\t\t\t\t\t\t\t\t\t<span class=\"elementor-accordion-icon elementor-accordion-icon-left\" aria-hidden=\"true\">\n\t\t\t\t\t\t\t\t\t\t\t\t\t\t\t<span class=\"elementor-accordion-icon-closed\"><i class=\"fas fa-plus\"><\/i><\/span>\n\t\t\t\t\t\t\t\t<span class=\"elementor-accordion-icon-opened\"><i class=\"fas fa-minus\"><\/i><\/span>\n\t\t\t\t\t\t\t\t\t\t\t\t\t\t<\/span>\n\t\t\t\t\t\t\t\t\t\t\t\t<a class=\"elementor-accordion-title\" tabindex=\"0\">CUM SE ADMINISTREAZ\u0102 CERVIRON<sup>\u00ae<\/sup>?<\/a>\n\t\t\t\t\t<\/div>\n\t\t\t\t\t<div id=\"elementor-tab-content-2605\" class=\"elementor-tab-content elementor-clearfix\" data-tab=\"5\" role=\"region\" aria-labelledby=\"elementor-tab-title-2605\"><p><strong>CERVIRON<sup>\u00ae<\/sup> se administreaza un ovul intravaginal, de preferin\u021b\u0103 seara \u00eenainte de culcare sau conform prescrip\u021biei medicale. Utilizarea ovulelor \u00eencepe \u00een prima zi dupa menstrua\u021bie. Durata de administrare este de 10 sau 15 zile pe lun\u0103, sau conform indica\u021biilor medicului. Efectele pot aparea dup\u0103 prima lun\u0103 de tratament. Utilizarea se poate repeta c\u00e2teva luni p\u00e2n\u0103 la vindecare, sau pentru a consolida \u0219i men\u021bine efectele favorabile ob\u021binute. <\/strong><\/p><\/div>\n\t\t\t\t<\/div>\n\t\t\t\t\t\t\t<div class=\"elementor-accordion-item\">\n\t\t\t\t\t<div id=\"elementor-tab-title-2606\" class=\"elementor-tab-title\" data-tab=\"6\" role=\"button\" aria-controls=\"elementor-tab-content-2606\" aria-expanded=\"false\">\n\t\t\t\t\t\t\t\t\t\t\t\t\t<span class=\"elementor-accordion-icon elementor-accordion-icon-left\" aria-hidden=\"true\">\n\t\t\t\t\t\t\t\t\t\t\t\t\t\t\t<span class=\"elementor-accordion-icon-closed\"><i class=\"fas fa-plus\"><\/i><\/span>\n\t\t\t\t\t\t\t\t<span class=\"elementor-accordion-icon-opened\"><i class=\"fas fa-minus\"><\/i><\/span>\n\t\t\t\t\t\t\t\t\t\t\t\t\t\t<\/span>\n\t\t\t\t\t\t\t\t\t\t\t\t<a class=\"elementor-accordion-title\" tabindex=\"0\">CERVIRON<sup>\u00ae<\/sup> ARE REAC\u021aII ADVERSE?<\/a>\n\t\t\t\t\t<\/div>\n\t\t\t\t\t<div id=\"elementor-tab-content-2606\" class=\"elementor-tab-content elementor-clearfix\" data-tab=\"6\" role=\"region\" aria-labelledby=\"elementor-tab-title-2606\"><p><strong>Utilizarea produselor topice pentru o perioad\u0103 lung\u0103 de timp poate provoca irita\u021bii locale \u0219i\/sau sensibilizare. Daca apar reac\u021bii adverse, \u00eentrerupe imediat tratamentul \u0219i contacta\u021bi medicul sau farmacistul. Orice incident serios care a avut loc \u00een legatur\u0103 cu dispozitivul medical trebuie raportat produc\u0103torului \u0219i autorit\u0103\u021bii competente a statului membru \u00een care este stabilit pacientul. <\/strong><\/p><\/div>\n\t\t\t\t<\/div>\n\t\t\t\t\t\t\t\t<\/div>\n\t\t\t\t\t\t<\/div>\n\t\t\t\t<\/div>\n\t\t\t\t<div class=\"elementor-element elementor-element-4e26811 elementor-widget elementor-widget-spacer\" data-id=\"4e26811\" data-element_type=\"widget\" data-widget_type=\"spacer.default\">\n\t\t\t\t<div class=\"elementor-widget-container\">\n\t\t\t\t\t\t\t<div class=\"elementor-spacer\">\n\t\t\t<div class=\"elementor-spacer-inner\"><\/div>\n\t\t<\/div>\n\t\t\t\t\t\t<\/div>\n\t\t\t\t<\/div>\n\t\t\t\t\t<\/div>\n\t\t<\/div>\n\t\t\t\t\t<\/div>\n\t\t<\/section>\n\t\t\t\t<\/div>\n\t\t","protected":false},"excerpt":{"rendered":"<p>CINE POATE UTILIZA CERVIRON\u00ae? CERVIRON\u00ae este un tratament recomandat femeilor cu vulvovaginit\u0103 acut\u0103 sau cronic\u0103, \u00een eroziuni cervicale, \u00een perioada de recuperare postoperatorie dupa interventii chirurgicale ginecologice si ca tratament adjuvant de sus\u021binere \u00een completarea schemelor de tratament cu antibiotice sau antifungice poten\u021b\u00e2nd efectul acestora \u0219i contribuind la o recuperare complet\u0103. CERVIRON\u00ae contribuie la ameliorarea [&hellip;]<\/p>\n","protected":false},"author":1,"featured_media":0,"parent":0,"menu_order":0,"comment_status":"closed","ping_status":"closed","template":"","meta":{"footnotes":""},"class_list":["post-28505","page","type-page","status-publish","hentry"],"yoast_head":"<!-- This site is optimized with the Yoast SEO plugin v24.9 - https:\/\/yoast.com\/wordpress\/plugins\/seo\/ -->\n<title>Intreb\u0103ri frecvente | Cerviron<\/title>\n<meta name=\"robots\" content=\"index, follow, max-snippet:-1, max-image-preview:large, max-video-preview:-1\" \/>\n<link rel=\"canonical\" href=\"https:\/\/cerviron.com\/ro\/intrebari-frecvente\/\" \/>\n<meta property=\"og:locale\" content=\"ro_RO\" \/>\n<meta property=\"og:type\" content=\"article\" \/>\n<meta property=\"og:title\" content=\"Intreb\u0103ri frecvente | Cerviron\" \/>\n<meta property=\"og:description\" content=\"CINE POATE UTILIZA CERVIRON\u00ae? CERVIRON\u00ae este un tratament recomandat femeilor cu vulvovaginit\u0103 acut\u0103 sau cronic\u0103, \u00een eroziuni cervicale, \u00een perioada de recuperare postoperatorie dupa interventii chirurgicale ginecologice si ca tratament adjuvant de sus\u021binere \u00een completarea schemelor de tratament cu antibiotice sau antifungice poten\u021b\u00e2nd efectul acestora \u0219i contribuind la o recuperare complet\u0103. CERVIRON\u00ae contribuie la ameliorarea [&hellip;]\" \/>\n<meta property=\"og:url\" content=\"https:\/\/cerviron.com\/ro\/intrebari-frecvente\/\" \/>\n<meta property=\"og:site_name\" content=\"Cerviron\" \/>\n<meta property=\"article:modified_time\" content=\"2026-03-31T15:22:51+00:00\" \/>\n<meta name=\"twitter:card\" content=\"summary_large_image\" \/>\n<meta name=\"twitter:label1\" content=\"Timp estimat pentru citire\" \/>\n\t<meta name=\"twitter:data1\" content=\"2 minute\" \/>\n<script type=\"application\/ld+json\" class=\"yoast-schema-graph\">{\"@context\":\"https:\/\/schema.org\",\"@graph\":[{\"@type\":\"WebPage\",\"@id\":\"https:\/\/cerviron.com\/ro\/intrebari-frecvente\/\",\"url\":\"https:\/\/cerviron.com\/ro\/intrebari-frecvente\/\",\"name\":\"Intreb\u0103ri frecvente | Cerviron\",\"isPartOf\":{\"@id\":\"https:\/\/cerviron.com\/ro\/#website\"},\"datePublished\":\"2025-09-29T21:30:04+00:00\",\"dateModified\":\"2026-03-31T15:22:51+00:00\",\"breadcrumb\":{\"@id\":\"https:\/\/cerviron.com\/ro\/intrebari-frecvente\/#breadcrumb\"},\"inLanguage\":\"ro-RO\",\"potentialAction\":[{\"@type\":\"ReadAction\",\"target\":[\"https:\/\/cerviron.com\/ro\/intrebari-frecvente\/\"]}]},{\"@type\":\"BreadcrumbList\",\"@id\":\"https:\/\/cerviron.com\/ro\/intrebari-frecvente\/#breadcrumb\",\"itemListElement\":[{\"@type\":\"ListItem\",\"position\":1,\"name\":\"Home\",\"item\":\"https:\/\/cerviron.com\/ro\/\"},{\"@type\":\"ListItem\",\"position\":2,\"name\":\"Intreb\u0103ri frecvente\"}]},{\"@type\":\"WebSite\",\"@id\":\"https:\/\/cerviron.com\/ro\/#website\",\"url\":\"https:\/\/cerviron.com\/ro\/\",\"name\":\"Cerviron\",\"description\":\"Ovule vaginale\",\"publisher\":{\"@id\":\"https:\/\/cerviron.com\/ro\/#organization\"},\"potentialAction\":[{\"@type\":\"SearchAction\",\"target\":{\"@type\":\"EntryPoint\",\"urlTemplate\":\"https:\/\/cerviron.com\/ro\/?s={search_term_string}\"},\"query-input\":{\"@type\":\"PropertyValueSpecification\",\"valueRequired\":true,\"valueName\":\"search_term_string\"}}],\"inLanguage\":\"ro-RO\"},{\"@type\":\"Organization\",\"@id\":\"https:\/\/cerviron.com\/ro\/#organization\",\"name\":\"Cerviron\",\"url\":\"https:\/\/cerviron.com\/ro\/\",\"logo\":{\"@type\":\"ImageObject\",\"inLanguage\":\"ro-RO\",\"@id\":\"https:\/\/cerviron.com\/ro\/#\/schema\/logo\/image\/\",\"url\":\"http:\/\/cerviron.com\/wp-content\/uploads\/2019\/06\/logo-09-1.png\",\"contentUrl\":\"http:\/\/cerviron.com\/wp-content\/uploads\/2019\/06\/logo-09-1.png\",\"width\":663,\"height\":94,\"caption\":\"Cerviron\"},\"image\":{\"@id\":\"https:\/\/cerviron.com\/ro\/#\/schema\/logo\/image\/\"}}]}<\/script>\n<!-- \/ Yoast SEO plugin. -->","yoast_head_json":{"title":"Intreb\u0103ri frecvente | Cerviron","robots":{"index":"index","follow":"follow","max-snippet":"max-snippet:-1","max-image-preview":"max-image-preview:large","max-video-preview":"max-video-preview:-1"},"canonical":"https:\/\/cerviron.com\/ro\/intrebari-frecvente\/","og_locale":"ro_RO","og_type":"article","og_title":"Intreb\u0103ri frecvente | Cerviron","og_description":"CINE POATE UTILIZA CERVIRON\u00ae? CERVIRON\u00ae este un tratament recomandat femeilor cu vulvovaginit\u0103 acut\u0103 sau cronic\u0103, \u00een eroziuni cervicale, \u00een perioada de recuperare postoperatorie dupa interventii chirurgicale ginecologice si ca tratament adjuvant de sus\u021binere \u00een completarea schemelor de tratament cu antibiotice sau antifungice poten\u021b\u00e2nd efectul acestora \u0219i contribuind la o recuperare complet\u0103. CERVIRON\u00ae contribuie la ameliorarea [&hellip;]","og_url":"https:\/\/cerviron.com\/ro\/intrebari-frecvente\/","og_site_name":"Cerviron","article_modified_time":"2026-03-31T15:22:51+00:00","twitter_card":"summary_large_image","twitter_misc":{"Timp estimat pentru citire":"2 minute"},"schema":{"@context":"https:\/\/schema.org","@graph":[{"@type":"WebPage","@id":"https:\/\/cerviron.com\/ro\/intrebari-frecvente\/","url":"https:\/\/cerviron.com\/ro\/intrebari-frecvente\/","name":"Intreb\u0103ri frecvente | Cerviron","isPartOf":{"@id":"https:\/\/cerviron.com\/ro\/#website"},"datePublished":"2025-09-29T21:30:04+00:00","dateModified":"2026-03-31T15:22:51+00:00","breadcrumb":{"@id":"https:\/\/cerviron.com\/ro\/intrebari-frecvente\/#breadcrumb"},"inLanguage":"ro-RO","potentialAction":[{"@type":"ReadAction","target":["https:\/\/cerviron.com\/ro\/intrebari-frecvente\/"]}]},{"@type":"BreadcrumbList","@id":"https:\/\/cerviron.com\/ro\/intrebari-frecvente\/#breadcrumb","itemListElement":[{"@type":"ListItem","position":1,"name":"Home","item":"https:\/\/cerviron.com\/ro\/"},{"@type":"ListItem","position":2,"name":"Intreb\u0103ri frecvente"}]},{"@type":"WebSite","@id":"https:\/\/cerviron.com\/ro\/#website","url":"https:\/\/cerviron.com\/ro\/","name":"Cerviron","description":"Ovule vaginale","publisher":{"@id":"https:\/\/cerviron.com\/ro\/#organization"},"potentialAction":[{"@type":"SearchAction","target":{"@type":"EntryPoint","urlTemplate":"https:\/\/cerviron.com\/ro\/?s={search_term_string}"},"query-input":{"@type":"PropertyValueSpecification","valueRequired":true,"valueName":"search_term_string"}}],"inLanguage":"ro-RO"},{"@type":"Organization","@id":"https:\/\/cerviron.com\/ro\/#organization","name":"Cerviron","url":"https:\/\/cerviron.com\/ro\/","logo":{"@type":"ImageObject","inLanguage":"ro-RO","@id":"https:\/\/cerviron.com\/ro\/#\/schema\/logo\/image\/","url":"http:\/\/cerviron.com\/wp-content\/uploads\/2019\/06\/logo-09-1.png","contentUrl":"http:\/\/cerviron.com\/wp-content\/uploads\/2019\/06\/logo-09-1.png","width":663,"height":94,"caption":"Cerviron"},"image":{"@id":"https:\/\/cerviron.com\/ro\/#\/schema\/logo\/image\/"}}]}},"_links":{"self":[{"href":"https:\/\/cerviron.com\/ro\/wp-json\/wp\/v2\/pages\/28505","targetHints":{"allow":["GET"]}}],"collection":[{"href":"https:\/\/cerviron.com\/ro\/wp-json\/wp\/v2\/pages"}],"about":[{"href":"https:\/\/cerviron.com\/ro\/wp-json\/wp\/v2\/types\/page"}],"author":[{"embeddable":true,"href":"https:\/\/cerviron.com\/ro\/wp-json\/wp\/v2\/users\/1"}],"replies":[{"embeddable":true,"href":"https:\/\/cerviron.com\/ro\/wp-json\/wp\/v2\/comments?post=28505"}],"version-history":[{"count":16,"href":"https:\/\/cerviron.com\/ro\/wp-json\/wp\/v2\/pages\/28505\/revisions"}],"predecessor-version":[{"id":29217,"href":"https:\/\/cerviron.com\/ro\/wp-json\/wp\/v2\/pages\/28505\/revisions\/29217"}],"wp:attachment":[{"href":"https:\/\/cerviron.com\/ro\/wp-json\/wp\/v2\/media?parent=28505"}],"curies":[{"name":"wp","href":"https:\/\/api.w.org\/{rel}","templated":true}]}}